{"id":18084,"date":"2023-07-03T08:41:09","date_gmt":"2023-07-03T06:41:09","guid":{"rendered":"https:\/\/www.lapurla.ch\/regionalgruppe-zentralschweiz\/"},"modified":"2025-01-28T08:58:18","modified_gmt":"2025-01-28T07:58:18","slug":"gruppo-regionale-svizzera-centralegruppo-regionale-svizzera-centrale","status":"publish","type":"page","link":"https:\/\/www.lapurla.ch\/it\/gruppo-regionale-svizzera-centralegruppo-regionale-svizzera-centrale","title":{"rendered":"Gruppo regionale Svizzera centrale"},"content":{"rendered":"\n<h2 class=\"wp-block-heading\">1\u00b0 incontro<\/h2>\n\n\n\n<p>Il gruppo regionale della Svizzera centrale si \u00e8 riunito per la prima volta nel giugno 2023 presso l&#8217;Orchesterhaus di Kriens e ha formulato l&#8217;obiettivo di creare un&#8217;offerta per i pi\u00f9 giovani. Un progetto culturale comune dovr\u00e0 essere presentato alla Fondazione Albert Koechlin entro la met\u00e0 di ottobre.<br><\/p>\n\n\n\n<h2 class=\"wp-block-heading\">2\u00b0 incontro<\/h2>\n\n\n\n<p>Il secondo incontro di agosto ha cercato di affinare i criteri per la presentazione alla Fondazione Albert Koechlin e il gruppo ha parlato di ci\u00f2 che \u00e8 unico nelle et\u00e0 da 0 a 4 anni, di cosa significa \u00abbello\u00bb dal punto di vista della prima infanzia e di quale sia la nostra risposta alla domanda \u00abbello?!\u00bb.&nbsp;<\/p>\n\n\n\n<p>Sono state elaborate le seguenti tesi di lavoro:&nbsp;<br>&#8211; La bellezza \u00e8 un sentimento.&nbsp;&nbsp;<br>&#8211; Essere nel momento \u00e8 bello.&nbsp;&nbsp;<br>&#8211; Entrare nel flusso \u00e8 bello.&nbsp;&nbsp;<br>&#8211; Fare qualcosa senza intenzione \u00e8 bello.&nbsp;&nbsp;<br>&#8211; Essere in grado di avere un effetto \u00e8 bello.<br>&#8211; Sperimentare l&#8217;autoefficacia \u00e8 bello.&nbsp;&nbsp;<br>&#8211; Fare tracce \u00e8 bello. Sono ascoltato, visto e preso sul serio.&nbsp;<\/p>\n\n\n\n<p>I partecipanti al gruppo regionale vorrebbero rendere questi principi tangibili per i pi\u00f9 piccoli e per i loro accompagnatori nel e con il loro mini-festival. La bellezza va scoperta e vissuta in questo modo.&nbsp;<\/p>\n\n\n\n<p>I criteri sono:&nbsp;<br>&#8211; Il processo \u00e8 (co)progettato dal bambino.&nbsp;&nbsp;<br>&#8211; Le interazioni avvengono ad altezza d&#8217;uomo tra bambini, accompagnatori e artisti (CO-CONSTRUZIONE).&nbsp;<br>&#8211; Il processo viene prima del prodotto.<\/p>\n\n\n\n<h2 class=\"wp-block-heading\">3\u00b0 incontro<\/h2>\n\n\n\n<p>Sono state scambiate idee concrete per il progetto &#8220;Sch\u00f6n&#8221; e sono state prese le decisioni successive. <\/p>\n\n\n\n<div id=\"bildergalerie-block_8e35344f9ede00499c7d9e485ae310a4\" class=\"mod-bildergalerie\">\n            <div class=\"col-12\">\n\t\t    \n<div class=\"mod-slider\">\n\t        <div id=\"slider-6f5b8e19-9604-4c7d-95d5-b67f77b58b8a\" class=\"swiper\">\n            <div class=\"swiper-wrapper\">\n\t\t\t\t                    <div class=\"swiper-slide\">\n                        <figure>\n\t\t\t\t\t\t\t<div class=\"a-image \">       <picture class=\"a-image__picture\">       \t<source width=\"1296\" height=\"972\" media=\"(min-width: 1400px)\" srcset=\"https:\/\/www.lapurla.ch\/wp-content\/uploads\/2023\/08\/thumbnailimage001-1296x972c.png 1x, https:\/\/www.lapurla.ch\/wp-content\/uploads\/2023\/08\/thumbnailimage001-2592x1944c.png 2x\">           <source width=\"1116\" height=\"837\" media=\"(min-width: 1200px)\" srcset=\"https:\/\/www.lapurla.ch\/wp-content\/uploads\/2023\/08\/thumbnailimage001-1116x837c.png 1x, https:\/\/www.lapurla.ch\/wp-content\/uploads\/2023\/08\/thumbnailimage001-2232x1674c.png 2x\">           <source width=\"936\" height=\"702\" media=\"(min-width: 992px)\" srcset=\"https:\/\/www.lapurla.ch\/wp-content\/uploads\/2023\/08\/thumbnailimage001-936x702c.png  1x, https:\/\/www.lapurla.ch\/wp-content\/uploads\/2023\/08\/thumbnailimage001-1872x1404c.png 2x\">           <source width=\"696\" height=\"522\" media=\"(min-width: 768px)\" srcset=\"https:\/\/www.lapurla.ch\/wp-content\/uploads\/2023\/08\/thumbnailimage001-696x522c.png 1x, https:\/\/www.lapurla.ch\/wp-content\/uploads\/2023\/08\/thumbnailimage001-1392x1044c.png 2x\">           <source width=\"516\" height=\"387\" media=\"(min-width: 576px)\" srcset=\"https:\/\/www.lapurla.ch\/wp-content\/uploads\/2023\/08\/thumbnailimage001-516x387c.png 1x, https:\/\/www.lapurla.ch\/wp-content\/uploads\/2023\/08\/thumbnailimage001-1032x774c.png 2x\">           <img loading=\"lazy\" decoding=\"async\" width=\"550\" height=\"413\"           class=\"a-image__image\"           src=\"https:\/\/www.lapurla.ch\/wp-content\/uploads\/2023\/08\/thumbnailimage001-550x413c.png\" data-srcset=\"https:\/\/www.lapurla.ch\/wp-content\/uploads\/2023\/08\/thumbnailimage001-1100x826c.png 2x\" alt=\"\"\/>       <\/picture> <\/div>                            <figcaption>\n\t\t\t\t\t\t\t\t                            <\/figcaption>\n                        <\/figure>\n                    <\/div>\n\t\t\t\t                    <div class=\"swiper-slide\">\n                        <figure>\n\t\t\t\t\t\t\t<div class=\"a-image \">       <picture class=\"a-image__picture\">       \t<source width=\"1296\" height=\"972\" media=\"(min-width: 1400px)\" srcset=\"https:\/\/www.lapurla.ch\/wp-content\/uploads\/2023\/07\/20230621-Regionalgruppentreffen-scaled-1296x972c.jpeg 1x, https:\/\/www.lapurla.ch\/wp-content\/uploads\/2023\/07\/20230621-Regionalgruppentreffen-scaled-2592x1944c.jpeg 2x\">           <source width=\"1116\" height=\"837\" media=\"(min-width: 1200px)\" srcset=\"https:\/\/www.lapurla.ch\/wp-content\/uploads\/2023\/07\/20230621-Regionalgruppentreffen-scaled-1116x837c.jpeg 1x, https:\/\/www.lapurla.ch\/wp-content\/uploads\/2023\/07\/20230621-Regionalgruppentreffen-scaled-2232x1674c.jpeg 2x\">           <source width=\"936\" height=\"702\" media=\"(min-width: 992px)\" srcset=\"https:\/\/www.lapurla.ch\/wp-content\/uploads\/2023\/07\/20230621-Regionalgruppentreffen-scaled-936x702c.jpeg  1x, https:\/\/www.lapurla.ch\/wp-content\/uploads\/2023\/07\/20230621-Regionalgruppentreffen-scaled-1872x1404c.jpeg 2x\">           <source width=\"696\" height=\"522\" media=\"(min-width: 768px)\" srcset=\"https:\/\/www.lapurla.ch\/wp-content\/uploads\/2023\/07\/20230621-Regionalgruppentreffen-scaled-696x522c.jpeg 1x, https:\/\/www.lapurla.ch\/wp-content\/uploads\/2023\/07\/20230621-Regionalgruppentreffen-scaled-1392x1044c.jpeg 2x\">           <source width=\"516\" height=\"387\" media=\"(min-width: 576px)\" srcset=\"https:\/\/www.lapurla.ch\/wp-content\/uploads\/2023\/07\/20230621-Regionalgruppentreffen-scaled-516x387c.jpeg 1x, https:\/\/www.lapurla.ch\/wp-content\/uploads\/2023\/07\/20230621-Regionalgruppentreffen-scaled-1032x774c.jpeg 2x\">           <img loading=\"lazy\" decoding=\"async\" width=\"550\" height=\"413\"           class=\"a-image__image\"           src=\"https:\/\/www.lapurla.ch\/wp-content\/uploads\/2023\/07\/20230621-Regionalgruppentreffen-scaled-550x413c.jpeg\" data-srcset=\"https:\/\/www.lapurla.ch\/wp-content\/uploads\/2023\/07\/20230621-Regionalgruppentreffen-scaled-1100x826c.jpeg 2x\" alt=\"\"\/>       <\/picture> <\/div>                            <figcaption>\n\t\t\t\t\t\t\t\t                            <\/figcaption>\n                        <\/figure>\n                    <\/div>\n\t\t\t\t                    <div class=\"swiper-slide\">\n                        <figure>\n\t\t\t\t\t\t\t<div class=\"a-image \">       <picture class=\"a-image__picture\">       \t<source width=\"1296\" height=\"972\" media=\"(min-width: 1400px)\" srcset=\"https:\/\/www.lapurla.ch\/wp-content\/uploads\/2023\/09\/thumbnailimage003-1296x972c.jpg 1x, https:\/\/www.lapurla.ch\/wp-content\/uploads\/2023\/09\/thumbnailimage003-2592x1944c.jpg 2x\">           <source width=\"1116\" height=\"837\" media=\"(min-width: 1200px)\" srcset=\"https:\/\/www.lapurla.ch\/wp-content\/uploads\/2023\/09\/thumbnailimage003-1116x837c.jpg 1x, https:\/\/www.lapurla.ch\/wp-content\/uploads\/2023\/09\/thumbnailimage003-2232x1674c.jpg 2x\">           <source width=\"936\" height=\"702\" media=\"(min-width: 992px)\" srcset=\"https:\/\/www.lapurla.ch\/wp-content\/uploads\/2023\/09\/thumbnailimage003-936x702c.jpg  1x, https:\/\/www.lapurla.ch\/wp-content\/uploads\/2023\/09\/thumbnailimage003-1872x1404c.jpg 2x\">           <source width=\"696\" height=\"522\" media=\"(min-width: 768px)\" srcset=\"https:\/\/www.lapurla.ch\/wp-content\/uploads\/2023\/09\/thumbnailimage003-696x522c.jpg 1x, https:\/\/www.lapurla.ch\/wp-content\/uploads\/2023\/09\/thumbnailimage003-1392x1044c.jpg 2x\">           <source width=\"516\" height=\"387\" media=\"(min-width: 576px)\" srcset=\"https:\/\/www.lapurla.ch\/wp-content\/uploads\/2023\/09\/thumbnailimage003-516x387c.jpg 1x, https:\/\/www.lapurla.ch\/wp-content\/uploads\/2023\/09\/thumbnailimage003-1032x774c.jpg 2x\">           <img loading=\"lazy\" decoding=\"async\" width=\"550\" height=\"413\"           class=\"a-image__image\"           src=\"https:\/\/www.lapurla.ch\/wp-content\/uploads\/2023\/09\/thumbnailimage003-550x413c.jpg\" data-srcset=\"https:\/\/www.lapurla.ch\/wp-content\/uploads\/2023\/09\/thumbnailimage003-1100x826c.jpg 2x\" alt=\"\"\/>       <\/picture> <\/div>                            <figcaption>\n\t\t\t\t\t\t\t\t                            <\/figcaption>\n                        <\/figure>\n                    <\/div>\n\t\t\t\t            <\/div>\n            <div class=\"container\">\n                <div class=\"row\">\n                    <div class=\"col-12 position-relative\">\n                        <div class=\"pagination\"><\/div>\n                        <div class=\"button-wrapper\">\n                            <button class=\"swiper-button-prev\">\n\t\t\t\t\t\t\t\t<svg class=\"svg-icon icon-arrow-left\" xmlns=\"http:\/\/www.w3.org\/2000\/svg\"><use xmlns:xlink=\"http:\/\/www.w3.org\/1999\/xlink\" xlink:href=\"https:\/\/www.lapurla.ch\/wp-content\/themes\/lapurla\/dist\/icons.svg?f27dc72#arrow-left\"><\/use><\/svg>                                <span class=\"visually-hidden\">Indietro <\/span>\n                            <\/button>\n                            <button class=\"swiper-button-next\">\n\t\t\t\t\t\t\t\t<svg class=\"svg-icon icon-arrow-right\" xmlns=\"http:\/\/www.w3.org\/2000\/svg\"><use xmlns:xlink=\"http:\/\/www.w3.org\/1999\/xlink\" xlink:href=\"https:\/\/www.lapurla.ch\/wp-content\/themes\/lapurla\/dist\/icons.svg?f27dc72#arrow-right\"><\/use><\/svg>                                <span class=\"visually-hidden\">Avanti<\/span>\n                            <\/button>\n                        <\/div>\n                    <\/div>\n                <\/div>\n            <\/div>\n        <\/div>\n\t<\/div>\n        <\/div>\n    <\/div>\n\n\n\n<div id=\"infobox-block_5ee5e777056a9d7be65f58422732d211\" class=\"mod-infobox\">\n\t        <div class=\"row\">\n            <div class=\"col-12\">\n                <div class=\"info-container\">\n                    <h2>Profilo<\/h2>\n                    <div class=\"row\">\n                        <div class=\"col-12 col-lg-6\">\n\t\t\t\t\t\t\t<h2 class=\"location\">Coordinamento<\/h2>\n<div class=\"item--impression\">\n<div class=\"location\">Vacante<\/div>\n<div><\/div>\n<\/div>\n<h2>Focus<\/h2>\n<div class=\"page\" title=\"Page 4\">\n<div class=\"layoutArea\">\n<div class=\"column\">\n<p>Focus A: fare rete con nuovi\/e partner, sviluppare insieme delle offerte, raccogliere fondi<\/p>\n<\/div>\n<\/div>\n<\/div>\n<h2>Membri<\/h2>\n<ul>\n<li>Teddy Amstad, Atelierleitung <a href=\"https:\/\/www.farbexperiment.com\" target=\"_blank\" rel=\"noopener\">Farbe &amp; Experiment<\/a><\/li>\n<li>Yvonne Blaser, <a href=\"https:\/\/www.elkimalen.ch\" target=\"_blank\" rel=\"noopener\">Atelierleiterin<\/a>, Ausbilderin<\/li>\n<li>Salome B\u00f6ni, Musikvermittlerin Luzerner Sinfonieorchester<\/li>\n<\/ul>\n                        <\/div>\n                        <div class=\"col-12 col-lg-6\">\n\t\t\t\t\t\t\t<h2>Riunione<\/h2>\n<div class=\"page\" title=\"Page 2\">\n<div class=\"section\">\n<div class=\"layoutArea\">\n<div class=\"column\">\n<p>Gioved\u00ec 19 ottobre 2023 | ore 17.45 \u2013 19.45<br \/>\nuna visita all&#8217;<a href=\"https:\/\/www.farbexperiment.com\" target=\"_blank\" rel=\"noopener\">atelier<\/a> di Yvonne e Teddy a Sarnen<br \/>\nObiettivo: finalizzazione e messa a punto dell&#8217;input<\/p>\n<p>Mercoled\u00ec 20 settembre 2023 | ore 17 \u2013 18.30<br \/>\nnell&#8217;<a href=\"https:\/\/www.elkimalen.ch\" target=\"_blank\" rel=\"noopener\">atelier<\/a> di Yvonne Blaser a Lucerna<\/p>\n<p>Mercoled\u00ec 16 agosto 2023 | ore 16 \u2013 18<br \/>\nnell&#8217;<a href=\"https:\/\/www.elkimalen.ch\" target=\"_blank\" rel=\"noopener\">atelier<\/a> di Yvonne Blaser a Lucerna<br \/>\nObiettivo: raccolta di idee, formazione dell&#8217;idea di progetto<\/p>\n<p>Mercoled\u00ec 21 giugno 2023<br \/>\nOrchesterhaus Kriens<\/p>\n<\/div>\n<\/div>\n<\/div>\n<\/div>\n                        <\/div>\n                    <\/div>\n                <\/div>\n            <\/div>\n        <\/div>\n\t<\/div>\n","protected":false},"excerpt":{"rendered":"<p>1\u00b0 incontro Il gruppo regionale della Svizzera centrale si \u00e8 riunito per la prima volta nel giugno 2023 presso l&#8217;Orchesterhaus di Kriens e ha formulato l&#8217;obiettivo di creare un&#8217;offerta per i pi\u00f9 giovani. Un progetto culturale comune dovr\u00e0 essere presentato alla Fondazione Albert Koechlin entro la met\u00e0 di ottobre. 2\u00b0 incontro Il secondo incontro di [&hellip;]<\/p>\n","protected":false},"author":5,"featured_media":0,"parent":0,"menu_order":0,"comment_status":"closed","ping_status":"closed","template":"","meta":{"_acf_changed":false,"latitude":"","longitude":"","kurzbeschreibung":"","datum_von":"","footnotes":""},"class_list":["post-18084","page","type-page","status-publish","hentry"],"acf":[],"yoast_head":"<!-- This site is optimized with the Yoast SEO plugin v27.2 - https:\/\/yoast.com\/product\/yoast-seo-wordpress\/ -->\n<title>Gruppo regionale Svizzera centrale &#8211; Lapurla<\/title>\n<meta name=\"description\" content=\"Il gruppo regionale della Svizzera centrale si \u00e8 riunito per la prima volta nel giugno 2023 presso l&#039;Orchesterhaus di Kriens e ha formulato l&#039;obiettivo di creare un&#039;offerta per i pi\u00f9 giovani. Un progetto culturale comune dovr\u00e0 essere presentato alla Fondazione Albert Koechlin entro la met\u00e0 di ottobre.\" \/>\n<meta name=\"robots\" content=\"index, follow, max-snippet:-1, max-image-preview:large, max-video-preview:-1\" \/>\n<link rel=\"canonical\" href=\"https:\/\/www.lapurla.ch\/it\/gruppo-regionale-svizzera-centralegruppo-regionale-svizzera-centrale\" \/>\n<meta property=\"og:locale\" content=\"it_IT\" \/>\n<meta property=\"og:type\" content=\"article\" \/>\n<meta property=\"og:title\" content=\"Gruppo regionale Svizzera centrale &#8211; Lapurla\" \/>\n<meta property=\"og:description\" content=\"Il gruppo regionale della Svizzera centrale si \u00e8 riunito per la prima volta nel giugno 2023 presso l&#039;Orchesterhaus di Kriens e ha formulato l&#039;obiettivo di creare un&#039;offerta per i pi\u00f9 giovani. Un progetto culturale comune dovr\u00e0 essere presentato alla Fondazione Albert Koechlin entro la met\u00e0 di ottobre.\" \/>\n<meta property=\"og:url\" content=\"https:\/\/www.lapurla.ch\/it\/gruppo-regionale-svizzera-centralegruppo-regionale-svizzera-centrale\" \/>\n<meta property=\"og:site_name\" content=\"Lapurla\" \/>\n<meta property=\"article:modified_time\" content=\"2025-01-28T07:58:18+00:00\" \/>\n<meta name=\"twitter:card\" content=\"summary_large_image\" \/>\n<meta name=\"twitter:label1\" content=\"Tempo di lettura stimato\" \/>\n\t<meta name=\"twitter:data1\" content=\"2 minuti\" \/>\n<script type=\"application\/ld+json\" class=\"yoast-schema-graph\">{\"@context\":\"https:\/\/schema.org\",\"@graph\":[{\"@type\":\"WebPage\",\"@id\":\"https:\/\/www.lapurla.ch\/it\/gruppo-regionale-svizzera-centralegruppo-regionale-svizzera-centrale\",\"url\":\"https:\/\/www.lapurla.ch\/it\/gruppo-regionale-svizzera-centralegruppo-regionale-svizzera-centrale\",\"name\":\"Gruppo regionale Svizzera centrale &#8211; Lapurla\",\"isPartOf\":{\"@id\":\"https:\/\/www.lapurla.ch\/#website\"},\"datePublished\":\"2023-07-03T06:41:09+00:00\",\"dateModified\":\"2025-01-28T07:58:18+00:00\",\"description\":\"Il gruppo regionale della Svizzera centrale si \u00e8 riunito per la prima volta nel giugno 2023 presso l'Orchesterhaus di Kriens e ha formulato l'obiettivo di creare un'offerta per i pi\u00f9 giovani. Un progetto culturale comune dovr\u00e0 essere presentato alla Fondazione Albert Koechlin entro la met\u00e0 di ottobre.\",\"breadcrumb\":{\"@id\":\"https:\/\/www.lapurla.ch\/it\/gruppo-regionale-svizzera-centralegruppo-regionale-svizzera-centrale#breadcrumb\"},\"inLanguage\":\"it-IT\",\"potentialAction\":[{\"@type\":\"ReadAction\",\"target\":[\"https:\/\/www.lapurla.ch\/it\/gruppo-regionale-svizzera-centralegruppo-regionale-svizzera-centrale\"]}]},{\"@type\":\"BreadcrumbList\",\"@id\":\"https:\/\/www.lapurla.ch\/it\/gruppo-regionale-svizzera-centralegruppo-regionale-svizzera-centrale#breadcrumb\",\"itemListElement\":[{\"@type\":\"ListItem\",\"position\":1,\"name\":\"Startseite\",\"item\":\"https:\/\/www.lapurla.ch\/it\"},{\"@type\":\"ListItem\",\"position\":2,\"name\":\"Gruppo regionale Svizzera centrale\"}]},{\"@type\":\"WebSite\",\"@id\":\"https:\/\/www.lapurla.ch\/#website\",\"url\":\"https:\/\/www.lapurla.ch\/\",\"name\":\"Lapurla\",\"description\":\"\",\"publisher\":{\"@id\":\"https:\/\/www.lapurla.ch\/#organization\"},\"potentialAction\":[{\"@type\":\"SearchAction\",\"target\":{\"@type\":\"EntryPoint\",\"urlTemplate\":\"https:\/\/www.lapurla.ch\/?s={search_term_string}\"},\"query-input\":{\"@type\":\"PropertyValueSpecification\",\"valueRequired\":true,\"valueName\":\"search_term_string\"}}],\"inLanguage\":\"it-IT\"},{\"@type\":\"Organization\",\"@id\":\"https:\/\/www.lapurla.ch\/#organization\",\"name\":\"Lapurla\",\"url\":\"https:\/\/www.lapurla.ch\/\",\"logo\":{\"@type\":\"ImageObject\",\"inLanguage\":\"it-IT\",\"@id\":\"https:\/\/www.lapurla.ch\/#\/schema\/logo\/image\/\",\"url\":\"https:\/\/www.lapurla.ch\/wp-content\/uploads\/2022\/03\/cropped-favicon.png\",\"contentUrl\":\"https:\/\/www.lapurla.ch\/wp-content\/uploads\/2022\/03\/cropped-favicon.png\",\"width\":512,\"height\":512,\"caption\":\"Lapurla\"},\"image\":{\"@id\":\"https:\/\/www.lapurla.ch\/#\/schema\/logo\/image\/\"}}]}<\/script>\n<!-- \/ Yoast SEO plugin. -->","yoast_head_json":{"title":"Gruppo regionale Svizzera centrale &#8211; Lapurla","description":"Il gruppo regionale della Svizzera centrale si \u00e8 riunito per la prima volta nel giugno 2023 presso l'Orchesterhaus di Kriens e ha formulato l'obiettivo di creare un'offerta per i pi\u00f9 giovani. Un progetto culturale comune dovr\u00e0 essere presentato alla Fondazione Albert Koechlin entro la met\u00e0 di ottobre.","robots":{"index":"index","follow":"follow","max-snippet":"max-snippet:-1","max-image-preview":"max-image-preview:large","max-video-preview":"max-video-preview:-1"},"canonical":"https:\/\/www.lapurla.ch\/it\/gruppo-regionale-svizzera-centralegruppo-regionale-svizzera-centrale","og_locale":"it_IT","og_type":"article","og_title":"Gruppo regionale Svizzera centrale &#8211; Lapurla","og_description":"Il gruppo regionale della Svizzera centrale si \u00e8 riunito per la prima volta nel giugno 2023 presso l'Orchesterhaus di Kriens e ha formulato l'obiettivo di creare un'offerta per i pi\u00f9 giovani. Un progetto culturale comune dovr\u00e0 essere presentato alla Fondazione Albert Koechlin entro la met\u00e0 di ottobre.","og_url":"https:\/\/www.lapurla.ch\/it\/gruppo-regionale-svizzera-centralegruppo-regionale-svizzera-centrale","og_site_name":"Lapurla","article_modified_time":"2025-01-28T07:58:18+00:00","twitter_card":"summary_large_image","twitter_misc":{"Tempo di lettura stimato":"2 minuti"},"schema":{"@context":"https:\/\/schema.org","@graph":[{"@type":"WebPage","@id":"https:\/\/www.lapurla.ch\/it\/gruppo-regionale-svizzera-centralegruppo-regionale-svizzera-centrale","url":"https:\/\/www.lapurla.ch\/it\/gruppo-regionale-svizzera-centralegruppo-regionale-svizzera-centrale","name":"Gruppo regionale Svizzera centrale &#8211; Lapurla","isPartOf":{"@id":"https:\/\/www.lapurla.ch\/#website"},"datePublished":"2023-07-03T06:41:09+00:00","dateModified":"2025-01-28T07:58:18+00:00","description":"Il gruppo regionale della Svizzera centrale si \u00e8 riunito per la prima volta nel giugno 2023 presso l'Orchesterhaus di Kriens e ha formulato l'obiettivo di creare un'offerta per i pi\u00f9 giovani. Un progetto culturale comune dovr\u00e0 essere presentato alla Fondazione Albert Koechlin entro la met\u00e0 di ottobre.","breadcrumb":{"@id":"https:\/\/www.lapurla.ch\/it\/gruppo-regionale-svizzera-centralegruppo-regionale-svizzera-centrale#breadcrumb"},"inLanguage":"it-IT","potentialAction":[{"@type":"ReadAction","target":["https:\/\/www.lapurla.ch\/it\/gruppo-regionale-svizzera-centralegruppo-regionale-svizzera-centrale"]}]},{"@type":"BreadcrumbList","@id":"https:\/\/www.lapurla.ch\/it\/gruppo-regionale-svizzera-centralegruppo-regionale-svizzera-centrale#breadcrumb","itemListElement":[{"@type":"ListItem","position":1,"name":"Startseite","item":"https:\/\/www.lapurla.ch\/it"},{"@type":"ListItem","position":2,"name":"Gruppo regionale Svizzera centrale"}]},{"@type":"WebSite","@id":"https:\/\/www.lapurla.ch\/#website","url":"https:\/\/www.lapurla.ch\/","name":"Lapurla","description":"","publisher":{"@id":"https:\/\/www.lapurla.ch\/#organization"},"potentialAction":[{"@type":"SearchAction","target":{"@type":"EntryPoint","urlTemplate":"https:\/\/www.lapurla.ch\/?s={search_term_string}"},"query-input":{"@type":"PropertyValueSpecification","valueRequired":true,"valueName":"search_term_string"}}],"inLanguage":"it-IT"},{"@type":"Organization","@id":"https:\/\/www.lapurla.ch\/#organization","name":"Lapurla","url":"https:\/\/www.lapurla.ch\/","logo":{"@type":"ImageObject","inLanguage":"it-IT","@id":"https:\/\/www.lapurla.ch\/#\/schema\/logo\/image\/","url":"https:\/\/www.lapurla.ch\/wp-content\/uploads\/2022\/03\/cropped-favicon.png","contentUrl":"https:\/\/www.lapurla.ch\/wp-content\/uploads\/2022\/03\/cropped-favicon.png","width":512,"height":512,"caption":"Lapurla"},"image":{"@id":"https:\/\/www.lapurla.ch\/#\/schema\/logo\/image\/"}}]}},"_links":{"self":[{"href":"https:\/\/www.lapurla.ch\/it\/wp-json\/wp\/v2\/pages\/18084","targetHints":{"allow":["GET"]}}],"collection":[{"href":"https:\/\/www.lapurla.ch\/it\/wp-json\/wp\/v2\/pages"}],"about":[{"href":"https:\/\/www.lapurla.ch\/it\/wp-json\/wp\/v2\/types\/page"}],"author":[{"embeddable":true,"href":"https:\/\/www.lapurla.ch\/it\/wp-json\/wp\/v2\/users\/5"}],"replies":[{"embeddable":true,"href":"https:\/\/www.lapurla.ch\/it\/wp-json\/wp\/v2\/comments?post=18084"}],"version-history":[{"count":18,"href":"https:\/\/www.lapurla.ch\/it\/wp-json\/wp\/v2\/pages\/18084\/revisions"}],"predecessor-version":[{"id":27199,"href":"https:\/\/www.lapurla.ch\/it\/wp-json\/wp\/v2\/pages\/18084\/revisions\/27199"}],"wp:attachment":[{"href":"https:\/\/www.lapurla.ch\/it\/wp-json\/wp\/v2\/media?parent=18084"}],"curies":[{"name":"wp","href":"https:\/\/api.w.org\/{rel}","templated":true}]}}