{"id":17179,"date":"2023-05-11T09:16:35","date_gmt":"2023-05-11T07:16:35","guid":{"rendered":"https:\/\/www.lapurla.ch\/regionalgruppe-romandie\/"},"modified":"2025-01-28T09:06:06","modified_gmt":"2025-01-28T08:06:06","slug":"gruppo-regionale-romandia","status":"publish","type":"page","link":"https:\/\/www.lapurla.ch\/it\/gruppo-regionale-romandia","title":{"rendered":"Gruppo regionale Romandia"},"content":{"rendered":"\n<p><strong>La Svizzera francese sparge semi e li lascia trasportare dal vento<\/strong><br>Dopo aver contribuito alla realizzazione di progetti pilota nei cantoni Ginevra, Vallese e Vaud, nel 2023-2024 il gruppo regionale Lapurla Romandia ha voluto impegnarsi in cantoni in cui i principi di Lapurla sono ancora poco applicati. In quest\u2019ottica, i primi passi sono stati compiuti nei cantoni Friburgo, Giura, Neuch\u00e2tel e Vallese.<\/p>\n\n\n\n<p>Il gruppo regionale Lapurla Romandia \u00e8 stato istituito nel 2020 con il coordinamento di <strong>Pro Enfance<\/strong>, piattaforma romanda di accoglienza dell\u2019infanzia. Grazie al carattere multidisciplinare dei partecipanti, nel gruppo sono confluiti punti di vista e sensibilit\u00e0 differenti. Prendendo spunto da ci\u00f2 e dall\u2019esperienza sul campo, il team ha deciso di spargere semi realizzando iniziative concrete di sensibilizzazione\/aggiornamento sul tema della formazione estetica e della partecipazione culturale nella prima infanzia in quattro cantoni.&nbsp;<\/p>\n\n\n\n<p><strong>Neuch\u00e2tel<\/strong><br>Basandosi su una valutazione dei bisogni effettuata nel 2023 tra gli attori coinvolti, nel marzo 2024 si \u00e8 tenuto un corso di formazione di mezza giornata per mediatori e mediatrici culturali del Cantone Neuch\u00e2tel: un evento entusiasmante che sar\u00e0 certamente trasportato dal vento. Sempre nel 2024, i rapporti con l\u2019Ufficio per le famiglie della citt\u00e0 di Neuch\u00e2tel si concretizzeranno in un progetto destinato al personale specializzato del settore della prima infanzia. L\u2019iniziativa \u00e8 seguita da S<strong>abine Germann<\/strong>, che lavora in proprio e con il <strong>PEP<\/strong> (Partenaire Enfance &amp; P\u00e9dagogie) come collaboratrice pedagogica.<\/p>\n\n\n\n<p><strong>Friburgo<\/strong><br>Nel 2023, <strong>Rebekka Sieber<\/strong>, direttrice dell\u2019associazione <strong>\u00c9ducation familiale<\/strong>, ha invitato un piccolo gruppo di persone del settore artistico e della prima infanzia per confrontarsi sulle esigenze del Cantone. Per il 3 giugno 2024 \u00e8 previsto un incontro di scambio di idee e opinioni in una cerchia pi\u00f9 ampia. Gi\u00e0 nel 2023, Sabine Germann ha illustrato i principi di Lapurla con una classe della FRESEDE (\u00c9cole sup\u00e9rieure fribourgeoise d\u2019\u00e9ducateur\/trice de l\u2019enfance; Scuola specializzata superiore di Friburgo per assistenti all\u2019infanzia). Preparare la nuova generazione alla formazione estetica e alla partecipazione culturale per i bambini da 0 a 4 anni \u00e8 certamente uno dei modi migliori per spargere piccoli semi.<\/p>\n\n\n\n<p><strong>Vallese<\/strong><br>Una riunione \u00e8 in programma il 19 settembre 2024, dalle ore 18.30 alle ore 21.00 a Monthey. \u00c8 co-organizzata da <strong>La Gare<\/strong>, pioniera delle arti performative per i giovani, sotto la direzione di <strong>Catherine Breu<\/strong>, assistente all\u2019infanzia, e dall\u2019Ufficio per l\u2019infanzia della citt\u00e0 di Monthey. L\u2019incontro \u00e8 rivolto al personale specializzato della prima infanzia, a operatori e operatrici culturali e ad adulti curiosi. Questo evento vallesano mira a ispirare la Svizzera francese e la classe politica a sostenere la diffusione della partecipazione culturale nella prima infanzia.<\/p>\n\n\n\n<p><strong>Giura<\/strong><br>Dal 2023, l\u2019artista visiva <strong>Maude Sauvage<\/strong> lavora a stretto contatto con la rete di asili nido Del\u00e9mont Franches-Montagnes con l\u2019obiettivo di sviluppare un progetto pilota per e con gli asili nido. Da qui alla fine dell\u2019anno si terr\u00e0 un incontro mattutino con caff\u00e8 e cornetti con i coordinatori e le coordinatrici degli asili nido del distretto in cui sar\u00e0 presente anche personale specializzato della mediazione culturale e dell\u2019arte. Due date sono gi\u00e0 state programmate.<\/p>\n\n\n\n<p><strong>Da che parte soffier\u00e0 il vento?<\/strong><br>Grazie alla rete nazionale \u00abLapurla, i bambini rincorrono la loro curiosit\u00e0\u00bb, molti semi sono spuntati o sono stati scoperti e continueranno a crescere. Aprire universi sensoriali alla prima infanzia permette ai pi\u00f9 piccoli di scoprire il mondo, di meravigliarsi e di esprimersi. La creativit\u00e0 \u00e8 una competenza fondamentale per il futuro. Per sostenere in tutta la Svizzera il rispetto dei diritti dell\u2019infanzia sanciti dalle Nazioni Unite e per realizzare progetti interdisciplinari sostenibili, c\u2019\u00e8 bisogno di una politica pubblica che consenta la partecipazione culturale della prima infanzia e garantisca le pari opportunit\u00e0. \u00c8 in questo contesto che si inseriscono i corsi di formazione e sensibilizzazione gestiti dagli ambasciatori e dalle ambasciatrici di Lapurla, in un inquadramento collettivo e con la convinzione che il vento possa soffiare nella direzione giusta per creare una base comune.<\/p>\n\n\n\n<p><strong>La participation culturelle des tout-petits : une collaboration n\u00e9cessaire entre les collectivit\u00e9s publiques et le milieu associative.<\/strong><br>Un esempio di attuazione concreta riguarda la partecipazione culturale nella prima infanzia. Per incoraggiare la comprensione reciproca e l\u2019interazione tra i settori della cultura, delle arti e della prima infanzia \u00e8 necessario accompagnare i processi. Per dare priorit\u00e0 al bisogno di collaborazione tra ci\u00f2 che \u00e8 di competenza pubblica e le associazioni, <strong>Pro Enfance<\/strong> ha invitato l\u2019associazione <strong>Kal\u00e9idoscope<\/strong> e la <strong>Citt\u00e0 di Ginevra<\/strong> a condividere le loro esperienze. <strong>L\u2019articolo<\/strong> <a href=\"https:\/\/www.lapurla.ch\/wp-content\/uploads\/2024\/05\/ArticleParticipationCulturelle.pdf\" target=\"_blank\" rel=\"noreferrer noopener\">\u00abLa participation culturelle des tout-petits : une collaboration n\u00e9cessaire entre les collectivit\u00e9s publiques et le milieu associative\u00bb<\/a><strong>&nbsp;<\/strong>(La partecipazione culturale nella prima infanzia: una collaborazione necessaria tra realt\u00e0 pubbliche e associative) riporta dell\u2019incontro online tenutosi il 24 aprile 2024.<\/p>\n\n\n\n<p>Il prossimo evento del gruppo regionale della Romandia \u00e8 una collaborazione tra Pro Enfance e Lapurla, organizzata da Sabine Germann. Si terr\u00e0 venerd\u00ec 8 novembre 2024 a Neuch\u00e2tel. Per saperne di pi\u00f9 sull&#8217;evento AMENER LE MONDE \u00c0 L\u2019ENFANT \u2013 AMENER L\u2019ENFANT AU MONDE, cliccare <a href=\"https:\/\/proenfance.ch\/formation-lapurla-amener-le-monde-a-lenfant-amener-lenfant-au-monde?fbclid=IwY2xjawF5veRleHRuA2FlbQIxMQABHWwNojlU7lLvuHZWRtgFOrLG9OwSRW9yTq_zyCKPiFa9oePMTtW6vVMBOg_aem_FUn0K0kEcz8gtOdzM_AZGg\" target=\"_blank\" rel=\"noreferrer noopener\">qui<\/a>.<\/p>\n\n\n\n<div id=\"infobox-block_d3c8b51c86f9bc8f0def726ba1cf37d9\" class=\"mod-infobox\">\n\t        <div class=\"row\">\n            <div class=\"col-12\">\n                <div class=\"info-container\">\n                    <h2>Profilo<\/h2>\n                    <div class=\"row\">\n                        <div class=\"col-12 col-lg-6\">\n\t\t\t\t\t\t\t<h2>Coordinamento<\/h2>\n<p>Sandrine Bavaud<br \/>\nSegretario generale dell\u2019associazione\u00a0<a href=\"https:\/\/proenfance.ch\" target=\"_blank\" rel=\"noopener\">Pro Enfance<\/a><br \/>\n<a href=\"mailto:sandrine.bavaud@proenfance.ch\" target=\"_blank\" rel=\"noopener\">sandrine.bavaud@proenfance.ch<\/a><\/p>\n<h2><span class=\"size\"><span class=\"font\">Membri<\/span><\/span><\/h2>\n<ul>\n<li>Sandrine Bavaud, secr\u00e9taire g\u00e9n\u00e9rale de <a href=\"https:\/\/proenfance.ch\" target=\"_blank\" rel=\"noopener\">Pro Enfance<\/a><\/li>\n<li><span class=\"size\"><span class=\"font\">Catherine Breu, m\u00e9diatrice culturelle et \u00e9ducatrice, directrice de <a href=\"https:\/\/la-gare.ch\" target=\"_blank\" rel=\"noopener\">La Gare<\/a>, arts et jeunesse (VS)<br \/>\n<\/span><\/span><\/li>\n<li>Emilia Colombi, directrice de la <a href=\"https:\/\/maisondelacreativite.ch\" target=\"_blank\" rel=\"noopener\">maison de la cr\u00e9ativit\u00e9<\/a> (GE)<\/li>\n<li><span class=\"size\"><span class=\"font\">Sabine Germann, conseill\u00e8re p\u00e9dagogique Partenaire enfance et p\u00e9dagogie <a href=\"https:\/\/pep-vd.ch\" target=\"_blank\" rel=\"noopener\">PEP<\/a> (VD) <\/span><\/span><\/li>\n<li>Anne Kummer, ambassadrice Pro Enfance, cheffe de service honoraire <a href=\"https:\/\/meyrin.ch\/fr\/petite-enfance\" target=\"_blank\" rel=\"noopener\">petite enfance Ville de Meyrin<\/a> (GE)<\/li>\n<li><span class=\"size\"><span class=\"font\">Carolina Liebling, directrice adjointe <a href=\"https:\/\/lausannemusees.ch\/fr_CH\/musees\/musee-de-la-main\" target=\"_blank\" rel=\"noopener\">Mus\u00e9e de la main UNIL-CHUV<\/a> (VD)<\/span><\/span><\/li>\n<li>Rebecca Sieber, directrice <a href=\"https:\/\/www.educationfamiliale.ch\" target=\"_blank\" rel=\"noopener\">Education Familiale<\/a> (FR)<\/li>\n<li>Mathilde Tinturier, <a href=\"https:\/\/maisondelacreativite.ch\/artist\/mathilde-tinturier\/\" target=\"_blank\" rel=\"noopener\">artiste plasticienne<\/a><\/li>\n<\/ul>\n                        <\/div>\n                        <div class=\"col-12 col-lg-6\">\n\t\t\t\t\t\t\t<h2>Informazioni aggiuntive<\/h2>\n<p><a href=\"https:\/\/proenfance.ch\" target=\"_blank\" rel=\"noopener\">Pro Enfance<\/a><\/p>\n<p><!-- wp:paragraph --><\/p>\n<p><!-- \/wp:paragraph --> <!-- wp:paragraph --><\/p>\n<p><a href=\"https:\/\/pep-vd.ch\/\" target=\"_blank\" rel=\"noopener\">PEP-Partenaire Enfance &amp; P\u00e9dagogie<\/a><\/p>\n<p><!-- \/wp:paragraph --> <!-- wp:paragraph --><\/p>\n<p><a href=\"https:\/\/www.educationfamiliale.ch\/\" target=\"_blank\" rel=\"noopener\">\u00c9ducation familiale &#8211; Familienbegleitung<\/a><\/p>\n<p><!-- \/wp:paragraph --> <!-- wp:paragraph --><\/p>\n<p><a href=\"https:\/\/www.la-gare.ch\/\" target=\"_blank\" rel=\"noopener\">La Gare, arts et jeunesse<\/a><\/p>\n<p><a href=\"https:\/\/www.museedelamain.ch\" target=\"_blank\" rel=\"noopener\">Mus\u00e9e de la main<\/a><\/p>\n<p><a href=\"https:\/\/maisondelacreativite.ch\" target=\"_blank\" rel=\"noopener\">Maison de la cr\u00e9ativit\u00e9<\/a><\/p>\n<p><!-- \/wp:paragraph --> <!-- wp:paragraph --><\/p>\n<p><a href=\"https:\/\/www.maudesauvage.ch\/\" target=\"_blank\" rel=\"noopener\">Maude Sauvage<\/a><\/p>\n<p><a href=\"https:\/\/association-kaleidoscope.ch\" target=\"_blank\" rel=\"noopener\">Kal\u00e9idoscope<\/a><\/p>\n                        <\/div>\n                    <\/div>\n                <\/div>\n            <\/div>\n        <\/div>\n\t<\/div>\n","protected":false},"excerpt":{"rendered":"<p>La Svizzera francese sparge semi e li lascia trasportare dal ventoDopo aver contribuito alla realizzazione di progetti pilota nei cantoni Ginevra, Vallese e Vaud, nel 2023-2024 il gruppo regionale Lapurla Romandia ha voluto impegnarsi in cantoni in cui i principi di Lapurla sono ancora poco applicati. In quest\u2019ottica, i primi passi sono stati compiuti nei [&hellip;]<\/p>\n","protected":false},"author":5,"featured_media":0,"parent":0,"menu_order":0,"comment_status":"closed","ping_status":"closed","template":"","meta":{"_acf_changed":false,"latitude":"","longitude":"","kurzbeschreibung":"","datum_von":"","footnotes":""},"class_list":["post-17179","page","type-page","status-publish","hentry"],"acf":[],"yoast_head":"<!-- This site is optimized with the Yoast SEO plugin v27.2 - https:\/\/yoast.com\/product\/yoast-seo-wordpress\/ -->\n<title>Gruppo regionale Romandia &#8211; Lapurla<\/title>\n<meta name=\"description\" content=\"Si rifletter\u00e0 su diverse forme e contenuti di sensibilizzazione\/formazione e si organizzeranno da 2 a 4 slot per incontri nei cantoni per ora ancora poco coinvolti.\u00a0\u00a0\" \/>\n<meta name=\"robots\" content=\"index, follow, max-snippet:-1, max-image-preview:large, max-video-preview:-1\" \/>\n<link rel=\"canonical\" href=\"https:\/\/www.lapurla.ch\/it\/gruppo-regionale-romandia\" \/>\n<meta property=\"og:locale\" content=\"it_IT\" \/>\n<meta property=\"og:type\" content=\"article\" \/>\n<meta property=\"og:title\" content=\"Gruppo regionale Romandia &#8211; Lapurla\" \/>\n<meta property=\"og:description\" content=\"Si rifletter\u00e0 su diverse forme e contenuti di sensibilizzazione\/formazione e si organizzeranno da 2 a 4 slot per incontri nei cantoni per ora ancora poco coinvolti.\u00a0\u00a0\" \/>\n<meta property=\"og:url\" content=\"https:\/\/www.lapurla.ch\/it\/gruppo-regionale-romandia\" \/>\n<meta property=\"og:site_name\" content=\"Lapurla\" \/>\n<meta property=\"article:modified_time\" content=\"2025-01-28T08:06:06+00:00\" \/>\n<meta name=\"twitter:card\" content=\"summary_large_image\" \/>\n<meta name=\"twitter:label1\" content=\"Tempo di lettura stimato\" \/>\n\t<meta name=\"twitter:data1\" content=\"5 minuti\" \/>\n<script type=\"application\/ld+json\" class=\"yoast-schema-graph\">{\"@context\":\"https:\/\/schema.org\",\"@graph\":[{\"@type\":\"WebPage\",\"@id\":\"https:\/\/www.lapurla.ch\/it\/gruppo-regionale-romandia\",\"url\":\"https:\/\/www.lapurla.ch\/it\/gruppo-regionale-romandia\",\"name\":\"Gruppo regionale Romandia &#8211; Lapurla\",\"isPartOf\":{\"@id\":\"https:\/\/www.lapurla.ch\/#website\"},\"datePublished\":\"2023-05-11T07:16:35+00:00\",\"dateModified\":\"2025-01-28T08:06:06+00:00\",\"description\":\"Si rifletter\u00e0 su diverse forme e contenuti di sensibilizzazione\/formazione e si organizzeranno da 2 a 4 slot per incontri nei cantoni per ora ancora poco coinvolti.\u00a0\u00a0\",\"breadcrumb\":{\"@id\":\"https:\/\/www.lapurla.ch\/it\/gruppo-regionale-romandia#breadcrumb\"},\"inLanguage\":\"it-IT\",\"potentialAction\":[{\"@type\":\"ReadAction\",\"target\":[\"https:\/\/www.lapurla.ch\/it\/gruppo-regionale-romandia\"]}]},{\"@type\":\"BreadcrumbList\",\"@id\":\"https:\/\/www.lapurla.ch\/it\/gruppo-regionale-romandia#breadcrumb\",\"itemListElement\":[{\"@type\":\"ListItem\",\"position\":1,\"name\":\"Startseite\",\"item\":\"https:\/\/www.lapurla.ch\/it\"},{\"@type\":\"ListItem\",\"position\":2,\"name\":\"Gruppo regionale Romandia\"}]},{\"@type\":\"WebSite\",\"@id\":\"https:\/\/www.lapurla.ch\/#website\",\"url\":\"https:\/\/www.lapurla.ch\/\",\"name\":\"Lapurla\",\"description\":\"\",\"publisher\":{\"@id\":\"https:\/\/www.lapurla.ch\/#organization\"},\"potentialAction\":[{\"@type\":\"SearchAction\",\"target\":{\"@type\":\"EntryPoint\",\"urlTemplate\":\"https:\/\/www.lapurla.ch\/?s={search_term_string}\"},\"query-input\":{\"@type\":\"PropertyValueSpecification\",\"valueRequired\":true,\"valueName\":\"search_term_string\"}}],\"inLanguage\":\"it-IT\"},{\"@type\":\"Organization\",\"@id\":\"https:\/\/www.lapurla.ch\/#organization\",\"name\":\"Lapurla\",\"url\":\"https:\/\/www.lapurla.ch\/\",\"logo\":{\"@type\":\"ImageObject\",\"inLanguage\":\"it-IT\",\"@id\":\"https:\/\/www.lapurla.ch\/#\/schema\/logo\/image\/\",\"url\":\"https:\/\/www.lapurla.ch\/wp-content\/uploads\/2022\/03\/cropped-favicon.png\",\"contentUrl\":\"https:\/\/www.lapurla.ch\/wp-content\/uploads\/2022\/03\/cropped-favicon.png\",\"width\":512,\"height\":512,\"caption\":\"Lapurla\"},\"image\":{\"@id\":\"https:\/\/www.lapurla.ch\/#\/schema\/logo\/image\/\"}}]}<\/script>\n<!-- \/ Yoast SEO plugin. -->","yoast_head_json":{"title":"Gruppo regionale Romandia &#8211; Lapurla","description":"Si rifletter\u00e0 su diverse forme e contenuti di sensibilizzazione\/formazione e si organizzeranno da 2 a 4 slot per incontri nei cantoni per ora ancora poco coinvolti.\u00a0\u00a0","robots":{"index":"index","follow":"follow","max-snippet":"max-snippet:-1","max-image-preview":"max-image-preview:large","max-video-preview":"max-video-preview:-1"},"canonical":"https:\/\/www.lapurla.ch\/it\/gruppo-regionale-romandia","og_locale":"it_IT","og_type":"article","og_title":"Gruppo regionale Romandia &#8211; Lapurla","og_description":"Si rifletter\u00e0 su diverse forme e contenuti di sensibilizzazione\/formazione e si organizzeranno da 2 a 4 slot per incontri nei cantoni per ora ancora poco coinvolti.\u00a0\u00a0","og_url":"https:\/\/www.lapurla.ch\/it\/gruppo-regionale-romandia","og_site_name":"Lapurla","article_modified_time":"2025-01-28T08:06:06+00:00","twitter_card":"summary_large_image","twitter_misc":{"Tempo di lettura stimato":"5 minuti"},"schema":{"@context":"https:\/\/schema.org","@graph":[{"@type":"WebPage","@id":"https:\/\/www.lapurla.ch\/it\/gruppo-regionale-romandia","url":"https:\/\/www.lapurla.ch\/it\/gruppo-regionale-romandia","name":"Gruppo regionale Romandia &#8211; Lapurla","isPartOf":{"@id":"https:\/\/www.lapurla.ch\/#website"},"datePublished":"2023-05-11T07:16:35+00:00","dateModified":"2025-01-28T08:06:06+00:00","description":"Si rifletter\u00e0 su diverse forme e contenuti di sensibilizzazione\/formazione e si organizzeranno da 2 a 4 slot per incontri nei cantoni per ora ancora poco coinvolti.\u00a0\u00a0","breadcrumb":{"@id":"https:\/\/www.lapurla.ch\/it\/gruppo-regionale-romandia#breadcrumb"},"inLanguage":"it-IT","potentialAction":[{"@type":"ReadAction","target":["https:\/\/www.lapurla.ch\/it\/gruppo-regionale-romandia"]}]},{"@type":"BreadcrumbList","@id":"https:\/\/www.lapurla.ch\/it\/gruppo-regionale-romandia#breadcrumb","itemListElement":[{"@type":"ListItem","position":1,"name":"Startseite","item":"https:\/\/www.lapurla.ch\/it"},{"@type":"ListItem","position":2,"name":"Gruppo regionale Romandia"}]},{"@type":"WebSite","@id":"https:\/\/www.lapurla.ch\/#website","url":"https:\/\/www.lapurla.ch\/","name":"Lapurla","description":"","publisher":{"@id":"https:\/\/www.lapurla.ch\/#organization"},"potentialAction":[{"@type":"SearchAction","target":{"@type":"EntryPoint","urlTemplate":"https:\/\/www.lapurla.ch\/?s={search_term_string}"},"query-input":{"@type":"PropertyValueSpecification","valueRequired":true,"valueName":"search_term_string"}}],"inLanguage":"it-IT"},{"@type":"Organization","@id":"https:\/\/www.lapurla.ch\/#organization","name":"Lapurla","url":"https:\/\/www.lapurla.ch\/","logo":{"@type":"ImageObject","inLanguage":"it-IT","@id":"https:\/\/www.lapurla.ch\/#\/schema\/logo\/image\/","url":"https:\/\/www.lapurla.ch\/wp-content\/uploads\/2022\/03\/cropped-favicon.png","contentUrl":"https:\/\/www.lapurla.ch\/wp-content\/uploads\/2022\/03\/cropped-favicon.png","width":512,"height":512,"caption":"Lapurla"},"image":{"@id":"https:\/\/www.lapurla.ch\/#\/schema\/logo\/image\/"}}]}},"_links":{"self":[{"href":"https:\/\/www.lapurla.ch\/it\/wp-json\/wp\/v2\/pages\/17179","targetHints":{"allow":["GET"]}}],"collection":[{"href":"https:\/\/www.lapurla.ch\/it\/wp-json\/wp\/v2\/pages"}],"about":[{"href":"https:\/\/www.lapurla.ch\/it\/wp-json\/wp\/v2\/types\/page"}],"author":[{"embeddable":true,"href":"https:\/\/www.lapurla.ch\/it\/wp-json\/wp\/v2\/users\/5"}],"replies":[{"embeddable":true,"href":"https:\/\/www.lapurla.ch\/it\/wp-json\/wp\/v2\/comments?post=17179"}],"version-history":[{"count":17,"href":"https:\/\/www.lapurla.ch\/it\/wp-json\/wp\/v2\/pages\/17179\/revisions"}],"predecessor-version":[{"id":27203,"href":"https:\/\/www.lapurla.ch\/it\/wp-json\/wp\/v2\/pages\/17179\/revisions\/27203"}],"wp:attachment":[{"href":"https:\/\/www.lapurla.ch\/it\/wp-json\/wp\/v2\/media?parent=17179"}],"curies":[{"name":"wp","href":"https:\/\/api.w.org\/{rel}","templated":true}]}}