{"id":10054,"date":"2022-07-21T16:33:51","date_gmt":"2022-07-21T14:33:51","guid":{"rendered":"https:\/\/lapurla.ch\/future-skills\/"},"modified":"2024-07-08T11:20:15","modified_gmt":"2024-07-08T09:20:15","slug":"future-skills","status":"publish","type":"page","link":"https:\/\/www.lapurla.ch\/it\/future-skills","title":{"rendered":"Future Skills"},"content":{"rendered":"\n<div id=\"lead-text-block_27a838840fbce7cbc1aae2a2aa017eec\" class=\"mod-lead-text\">\n\t        <div class=\"row\">\n            <div class=\"col-12\">\n\t\t\t\t<h1 class=\"title\">Vier Szenarien f\u00fcr morgen und was wir daf\u00fcr k\u00f6nnen m\u00fcssen (Quattro scenari per il futuro e cosa dovremo saper fare)<\/h1>                <div class=\"lead-text\">\n\t\t\t\t\t<p>Cosa devono aspettarsi i nostri figli? Il futuro appare incerto come non accadeva da molto tempo. I genitori e il sistema di formazione, deputati a \u201cpreparare al futuro\u201d bambini e ragazzi, devono affrontare sfide difficili. Se nel corso dei decenni la crescita costante del benessere, del progresso e della libert\u00e0 \u00e8 stata sempre data per scontata, il tempo della linearit\u00e0 sembra essere definitivamente alle spalle.<\/p>\n                <\/div>\n            <\/div>\n        <\/div>\n\t<\/div>\n\n\n<blockquote class=\"wp-block-quote is-layout-flow wp-block-quote-is-layout-flow\">\n<p>\u201cSecondo uno studio del Forum economico mondiale, la creativit\u00e0 sar\u00e0 la capacit\u00e0 del futuro \u2013 anche in contrapposizione all\u2019intelligenza artificiale. \u00c8 ora che i nostri bambini l\u2019acquisiscano.\u201d<\/p>\n<cite>Dennis L\u00fcck, Chief Creative Officer, 2018<\/cite><\/blockquote>\n\n\n\n<div id=\"testimonial-block_41d2739c81ea4f6525954f227c6a18ee\" class=\"mod-text-bild \">\n\t\t\t            <div class=\"row flex-row-reverse\">\n                <div class=\"image col-12 col-lg-6\">\n\t\t\t\t\t                        <figure>\n\t\t\t\t\t\t\t<div class=\"a-image js-a-image \"><picture class=\"a-image__picture js-a-image__picture\">           <source width=\"636\" height=\"901\"  media=\"(min-width: 1400px)\" data-srcset=\"https:\/\/www.lapurla.ch\/wp-content\/uploads\/2022\/07\/Bildschirmfoto-2022-07-21-um-16.36.38-636x0.png 1x, https:\/\/www.lapurla.ch\/wp-content\/uploads\/2022\/07\/Bildschirmfoto-2022-07-21-um-16.36.38-1272x0.png 2x\">           <source width=\"636\" height=\"901\" media=\"(min-width: 1200px)\" data-srcset=\"https:\/\/www.lapurla.ch\/wp-content\/uploads\/2022\/07\/Bildschirmfoto-2022-07-21-um-16.36.38-636x0.png 1x, https:\/\/www.lapurla.ch\/wp-content\/uploads\/2022\/07\/Bildschirmfoto-2022-07-21-um-16.36.38-1272x0.png 2x\">           <source width=\"636\" height=\"901\" media=\"(min-width: 992px)\" data-srcset=\"https:\/\/www.lapurla.ch\/wp-content\/uploads\/2022\/07\/Bildschirmfoto-2022-07-21-um-16.36.38-636x0.png  1x, https:\/\/www.lapurla.ch\/wp-content\/uploads\/2022\/07\/Bildschirmfoto-2022-07-21-um-16.36.38-1272x0.png 2x\">           <source width=\"636\" height=\"901\" media=\"(min-width: 768px)\" data-srcset=\"https:\/\/www.lapurla.ch\/wp-content\/uploads\/2022\/07\/Bildschirmfoto-2022-07-21-um-16.36.38-636x0.png 1x, https:\/\/www.lapurla.ch\/wp-content\/uploads\/2022\/07\/Bildschirmfoto-2022-07-21-um-16.36.38-1272x0.png 2x\">           <source width=\"375\" height=\"531\" media=\"(min-width: 576px)\" data-srcset=\"https:\/\/www.lapurla.ch\/wp-content\/uploads\/2022\/07\/Bildschirmfoto-2022-07-21-um-16.36.38-375x0.png 1x, https:\/\/www.lapurla.ch\/wp-content\/uploads\/2022\/07\/Bildschirmfoto-2022-07-21-um-16.36.38-750x0.png 2x\">           <img loading=\"lazy\" decoding=\"async\" width=\"375\" height=\"531\"           class=\"a-image__image js-a-image__image lazyload\" src=\"data:image\/gif;base64,R0lGODlhAQABAAAAACH5BAEKAAEALAAAAAABAAEAAAICTAEAOw==\"           data-src=\"https:\/\/www.lapurla.ch\/wp-content\/uploads\/2022\/07\/Bildschirmfoto-2022-07-21-um-16.36.38-375x0.png\" data-srcset=\"https:\/\/www.lapurla.ch\/wp-content\/uploads\/2022\/07\/Bildschirmfoto-2022-07-21-um-16.36.38-750x0.png 2x\" alt=\"\"\/>      <\/picture><\/div>                            <figcaption><\/figcaption>\n                        <\/figure>\n\t\t\t\t\t                <\/div>\n                <div class=\"text col-12 col-lg-6\">\n\t\t\t\t\t<p><a href=\"https:\/\/jacobsfoundation.org\/publication\/future-skills\/\" target=\"_blank\" rel=\"noopener\">\u201cFuture Skills\u201d, il nuovo studio del GDI<\/a>, prospetta quattro scenari per il 2050, delineando le capacit\u00e0 che saranno necessarie in queste dimensioni future. Lapurla crea formati e condizioni quadro in cui tali competenze possano essere esercitate sin dalla prima infanzia:<\/p>\n<p><!-- wp:paragraph --><\/p>\n<p><strong>Competenze personali<\/strong><br \/>\nAutostimolo e responsabilit\u00e0 individuale<br \/>\nAdattabilit\u00e0<br \/>\nIntrospezione e riflessione sui propri sentimenti, i propri bisogni e i propri interessi<\/p>\n<p><!-- \/wp:paragraph --> <!-- wp:paragraph --><\/p>\n<p>&nbsp;<\/p>\n<p><!-- \/wp:paragraph --> <!-- wp:paragraph --><\/p>\n<p><strong>Desiderio di esplorazione<br \/>\n<\/strong>Curiosit\u00e0<br \/>\nCreativit\u00e0 e fantasia<br \/>\nFormulazione di obiettivi sociali<br \/>\nCapacit\u00e0 di espressione artistica<\/p>\n<p><!-- \/wp:paragraph --> <!-- wp:paragraph --><\/p>\n<p>&nbsp;<\/p>\n<p><!-- \/wp:paragraph --> <!-- wp:paragraph --><\/p>\n<p><strong>Valori<br \/>\n<\/strong>Disponibilit\u00e0 a impegnarsi per la comunit\u00e0<br \/>\nValorizzazione delle risorse non materiali<br \/>\nRiflessione\/analisi critica sui\/dei sistemi valoriali della societ\u00e0<\/p>\n<p><!-- \/wp:paragraph --><\/p>\n                <\/div>\n            <\/div>\n\t\t\t\n<\/div>\n\n\n\n<blockquote class=\"wp-block-quote is-layout-flow wp-block-quote-is-layout-flow\">\n<p>\u201cI bambini piccoli [\u2026] sono creativi, capaci di risolvere i problemi e di entusiasmarsi, socievoli, cooperativi, empatici. Ci\u00f2 che serve sono condizioni quadro che consentano loro di sviluppare ulteriormente queste competenze psicosociali e costruire la propria autoefficacia. Questo vale sia per la prima infanzia sia per il periodo di scolarizzazione e le fasi successive della vita.\u201d<\/p>\n<cite>Prof. Dr. Martin Hafen, sociologo (2020)<\/cite><\/blockquote>\n\n\n\n<hr class=\"wp-block-separator has-alpha-channel-opacity\"\/>\n\n\n\n<div id=\"button-block_4801c02ba954983e7a6f43c5eeda90e1\" class=\"mod-button\">\n\t        <div class=\"block-button\">\n\t\t\t                <a href=\"https:\/\/lapurla.ch\/wp-content\/uploads\/2022\/07\/FutureSkillsGDI2020.pdf\" title=\"\" target=\"\" class=\"block-button__link\">\n\t\t\t\t\tScarica lo studio Future Skills                <\/a>\n\t\t\t        <\/div>\n\t<\/div>\n\n\n\n<hr class=\"wp-block-separator has-alpha-channel-opacity\"\/>\n\n\n\n<h2 class=\"wp-block-heading\" id=\"Berichte\">Rapporti<\/h2>\n\n\n<div id=\"accordion-block_1df1a2f7a7da80848330cb840c530273\" class=\"mod-accordion\">\n\t            <div id=\"accordion-block_1df1a2f7a7da80848330cb840c530273\" class=\"accordion accordion-flush\">\n\t\t\t\t\t\t\t\t\t                    <div class=\"accordion-item\">\n                        <button class=\"accordion-button collapsed\"\n                                type=\"button\"\n                                id=\"\"\n                                data-bs-toggle=\"collapse\"\n                                data-bs-target=\"#collapse-block_1df1a2f7a7da80848330cb840c530273-1\"\n                                aria-expanded=\"true\"\n                                aria-controls=\"collapse-block_1df1a2f7a7da80848330cb840c530273-1\">\n\t                        <svg class=\"svg-icon icon-arrow-up\" xmlns=\"http:\/\/www.w3.org\/2000\/svg\"><use xmlns:xlink=\"http:\/\/www.w3.org\/1999\/xlink\" xlink:href=\"https:\/\/www.lapurla.ch\/wp-content\/themes\/lapurla\/dist\/icons.svg?f27dc72#arrow-up\"><\/use><\/svg>                            <h3>\n\t\t\t\t\t\t\t\tRapporto di Lapurla sul tema \u201cFuture Skills\u201d                            <\/h3>\n                        <\/button>\n\n                        <div id=\"collapse-block_1df1a2f7a7da80848330cb840c530273-1\" class=\"collapse \"\n                             data-parent=\"#accordion-block_1df1a2f7a7da80848330cb840c530273\">\n                            <div class=\"accordion-content row\">\n                                <div class=\"col\">\n                                    <div class=\"text\">\n\t\t\t\t\t\t\t\t\t\t<p>Formazione estetica e partecipazione culturale nella prima infanzia per il consolidamento delle \u201cFuture Skills\u201d: ecco i cinque punti cruciali<\/p>\n<p><a href=\"https:\/\/ready.swiss\/de\/news\/aesthetische-bildung-und-kulturelle-teilhabe-in-der-fruehen-kindheit-zur-staerkung-von-future-skills-das-sind-die-fuenf-knacknuesse?fbclid=IwAR0rNM_8JvVPHI3RwBNHRDsL_di_IuZfsWSVk6__xP1XwIFUGBG8ATu6Wsk\" target=\"_blank\" rel=\"noopener\">Rapporto di READY!<\/a><\/p>\n<p>&nbsp;<\/p>\n                                    <\/div>\n                                <\/div>\n\t\t\t\t\t\t\t\t                                    <div class=\"col-12 col-lg-6\">\n\t\t\t\t\t\t\t\t\t\t\n<div class=\"mod-slider\">\n\t        <div id=\"slider-4995a639-5adb-435a-95cc-1b9602bc2868\" class=\"swiper-solo\">\n            <div class=\"swiper-wrapper\">\n\t\t\t\t                    <div class=\"swiper-slide\">\n                        <figure>\n\t\t\t\t\t\t\t<div class=\"a-image \">       <picture class=\"a-image__picture\">       \t<source width=\"516\" height=\"291\" media=\"(min-width: 1400px)\" srcset=\"https:\/\/www.lapurla.ch\/wp-content\/uploads\/2022\/07\/LapurlaLogoREADY-516x0.png 1x, https:\/\/www.lapurla.ch\/wp-content\/uploads\/2022\/07\/LapurlaLogoREADY-1032x0.png 2x\">           <source width=\"516\" height=\"291\" media=\"(min-width: 1200px)\" srcset=\"https:\/\/www.lapurla.ch\/wp-content\/uploads\/2022\/07\/LapurlaLogoREADY-516x0.png 1x, https:\/\/www.lapurla.ch\/wp-content\/uploads\/2022\/07\/LapurlaLogoREADY-1032x0.png 2x\">           <source width=\"516\" height=\"291\" media=\"(min-width: 992px)\" srcset=\"https:\/\/www.lapurla.ch\/wp-content\/uploads\/2022\/07\/LapurlaLogoREADY-516x0.png  1x, https:\/\/www.lapurla.ch\/wp-content\/uploads\/2022\/07\/LapurlaLogoREADY-1032x0.png 2x\">           <source width=\"576\" height=\"324\" media=\"(min-width: 768px)\" srcset=\"https:\/\/www.lapurla.ch\/wp-content\/uploads\/2022\/07\/LapurlaLogoREADY-576x0.png 1x, https:\/\/www.lapurla.ch\/wp-content\/uploads\/2022\/07\/LapurlaLogoREADY-1152x0.png 2x\">           <source width=\"516\" height=\"291\" media=\"(min-width: 576px)\" srcset=\"https:\/\/www.lapurla.ch\/wp-content\/uploads\/2022\/07\/LapurlaLogoREADY-516x0.png 1x, https:\/\/www.lapurla.ch\/wp-content\/uploads\/2022\/07\/LapurlaLogoREADY-1032x0.png 2x\">           <img loading=\"lazy\" decoding=\"async\" width=\"551\" height=\"310\"           class=\"a-image__image\"           src=\"https:\/\/www.lapurla.ch\/wp-content\/uploads\/2022\/07\/LapurlaLogoREADY-551x0.png\" data-srcset=\"https:\/\/www.lapurla.ch\/wp-content\/uploads\/2022\/07\/LapurlaLogoREADY-1102x0.png 2x\" alt=\"\"\/>       <\/picture> <\/div>                            <figcaption>\n\t\t\t\t\t\t\t\t                            <\/figcaption>\n                        <\/figure>\n                    <\/div>\n\t\t\t\t            <\/div>\n            <div class=\"container\">\n                <div class=\"row\">\n                    <div class=\"col-12 position-relative\">\n                        <div class=\"pagination\"><\/div>\n                        <div class=\"button-wrapper\">\n                            <button class=\"swiper-button-prev\">\n\t\t\t\t\t\t\t\t<svg class=\"svg-icon icon-arrow-left\" xmlns=\"http:\/\/www.w3.org\/2000\/svg\"><use xmlns:xlink=\"http:\/\/www.w3.org\/1999\/xlink\" xlink:href=\"https:\/\/www.lapurla.ch\/wp-content\/themes\/lapurla\/dist\/icons.svg?f27dc72#arrow-left\"><\/use><\/svg>                                <span class=\"visually-hidden\">Indietro <\/span>\n                            <\/button>\n                            <button class=\"swiper-button-next\">\n\t\t\t\t\t\t\t\t<svg class=\"svg-icon icon-arrow-right\" xmlns=\"http:\/\/www.w3.org\/2000\/svg\"><use xmlns:xlink=\"http:\/\/www.w3.org\/1999\/xlink\" xlink:href=\"https:\/\/www.lapurla.ch\/wp-content\/themes\/lapurla\/dist\/icons.svg?f27dc72#arrow-right\"><\/use><\/svg>                                <span class=\"visually-hidden\">Avanti<\/span>\n                            <\/button>\n                        <\/div>\n                    <\/div>\n                <\/div>\n            <\/div>\n        <\/div>\n\t<\/div>\n                                    <\/div>\n\t\t\t\t\t\t\t\t                            <\/div>\n                        <\/div>\n                    <\/div>\n\t\t\t\t\t\t\t\t\t                    <div class=\"accordion-item\">\n                        <button class=\"accordion-button collapsed\"\n                                type=\"button\"\n                                id=\"\"\n                                data-bs-toggle=\"collapse\"\n                                data-bs-target=\"#collapse-block_1df1a2f7a7da80848330cb840c530273-2\"\n                                aria-expanded=\"true\"\n                                aria-controls=\"collapse-block_1df1a2f7a7da80848330cb840c530273-2\">\n\t                        <svg class=\"svg-icon icon-arrow-up\" xmlns=\"http:\/\/www.w3.org\/2000\/svg\"><use xmlns:xlink=\"http:\/\/www.w3.org\/1999\/xlink\" xlink:href=\"https:\/\/www.lapurla.ch\/wp-content\/themes\/lapurla\/dist\/icons.svg?f27dc72#arrow-up\"><\/use><\/svg>                            <h3>\n\t\t\t\t\t\t\t\tIl mondo dei nostri figli nel 2050                            <\/h3>\n                        <\/button>\n\n                        <div id=\"collapse-block_1df1a2f7a7da80848330cb840c530273-2\" class=\"collapse \"\n                             data-parent=\"#accordion-block_1df1a2f7a7da80848330cb840c530273\">\n                            <div class=\"accordion-content row\">\n                                <div class=\"col\">\n                                    <div class=\"text\">\n\t\t\t\t\t\t\t\t\t\t<p>Come sar\u00e0 la vita dei nostri figli fra 30 anni? Di quali competenze ha bisogno la prossima generazione per creare un futuro in cui prosperare? Intervista sullo studio <a href=\"https:\/\/jacobsfoundation.org\/publication\/future-skills\/\" target=\"_blank\" rel=\"noopener\">\u201cFuture Skills\u201d<\/a> al Prof. Dr. Martin Hafen, della Scuola universitaria professionale di Lucerna. Hafen ha redatto il documento di base dello studio per conto della Jacobs Foundation.<\/p>\n<p><a href=\"https:\/\/jacobsfoundation.org\/our-childrens-world-in-2050\/\" target=\"_blank\" rel=\"noopener\">Vai all\u2019intervista<\/a><\/p>\n                                    <\/div>\n                                <\/div>\n\t\t\t\t\t\t\t\t                            <\/div>\n                        <\/div>\n                    <\/div>\n\t\t\t\t\t\t\t\t\t                    <div class=\"accordion-item\">\n                        <button class=\"accordion-button collapsed\"\n                                type=\"button\"\n                                id=\"\"\n                                data-bs-toggle=\"collapse\"\n                                data-bs-target=\"#collapse-block_1df1a2f7a7da80848330cb840c530273-3\"\n                                aria-expanded=\"true\"\n                                aria-controls=\"collapse-block_1df1a2f7a7da80848330cb840c530273-3\">\n\t                        <svg class=\"svg-icon icon-arrow-up\" xmlns=\"http:\/\/www.w3.org\/2000\/svg\"><use xmlns:xlink=\"http:\/\/www.w3.org\/1999\/xlink\" xlink:href=\"https:\/\/www.lapurla.ch\/wp-content\/themes\/lapurla\/dist\/icons.svg?f27dc72#arrow-up\"><\/use><\/svg>                            <h3>\n\t\t\t\t\t\t\t\tUlteriori informazioni su \u201cFuture Skills\u201d                            <\/h3>\n                        <\/button>\n\n                        <div id=\"collapse-block_1df1a2f7a7da80848330cb840c530273-3\" class=\"collapse \"\n                             data-parent=\"#accordion-block_1df1a2f7a7da80848330cb840c530273\">\n                            <div class=\"accordion-content row\">\n                                <div class=\"col\">\n                                    <div class=\"text\">\n\t\t\t\t\t\t\t\t\t\t<p><a href=\"https:\/\/www.aeseducation.com\/blog\/what-are-21st-century-skills\" target=\"_blank\" rel=\"noopener\">Quali sono le competenze del 21\u00b0 secolo<\/a><\/p>\n<p>Le competenze del 21\u00b0 secolo: perch\u00e9 sono importanti e come insegnarle. Comprendono il pensiero critico, la creativit\u00e0, la collaborazione, la comunicazione, l\u2019alfabetizzazione informatica, l\u2019alfabetizzazione mediatica, l\u2019alfabetizzazione tecnologica, la flessibilit\u00e0, la leadership, l\u2019iniziativa, la produttivit\u00e0 e le competenze sociali.<\/p>\n                                    <\/div>\n                                <\/div>\n\t\t\t\t\t\t\t\t                            <\/div>\n                        <\/div>\n                    <\/div>\n\t\t\t\t            <\/div>\n\t\t\t<\/div>\n\n\n\n<hr class=\"wp-block-separator has-alpha-channel-opacity\"\/>\n\n\n\n<h2 class=\"wp-block-heading\" id=\"Forderungen-Jack-Ma\">I requisiti di Jack Ma<\/h2>\n\n\n\n<p>\u201cTutto ci\u00f2 che insegniamo ai nostri bambini deve distinguersi da quello che sanno fare le macchine.\u201d \u00c8 ci\u00f2 che invoca Jack Ma, il CEO cinese di Alibaba. Secondo lui, possiamo continuare a essere superiori alle macchine solo con i valori, l\u2019empatia e la convinzione.<\/p>\n\n\n<p><iframe loading=\"lazy\" src=\"https:\/\/www.facebook.com\/plugins\/video.php?height=476&amp;href=https%3A%2F%2Fwww.facebook.com%2Ftagesschau%2Fvideos%2F10156239703019407%2F&amp;show_text=false&amp;width=476\" style=\"border:none;overflow:hidden\" scrolling=\"no\" allowfullscreen=\"true\" allow=\"autoplay; clipboard-write; encrypted-media; picture-in-picture; web-share\" width=\"476\" height=\"476\" frameborder=\"0\"><\/iframe><\/p>\n","protected":false},"excerpt":{"rendered":"<p>\u201cSecondo uno studio del Forum economico mondiale, la creativit\u00e0 sar\u00e0 la capacit\u00e0 del futuro \u2013 anche in contrapposizione all\u2019intelligenza artificiale. \u00c8 ora che i nostri bambini l\u2019acquisiscano.\u201d Dennis L\u00fcck, Chief Creative Officer, 2018 \u201cI bambini piccoli [\u2026] sono creativi, capaci di risolvere i problemi e di entusiasmarsi, socievoli, cooperativi, empatici. Ci\u00f2 che serve sono condizioni [&hellip;]<\/p>\n","protected":false},"author":5,"featured_media":0,"parent":0,"menu_order":0,"comment_status":"closed","ping_status":"closed","template":"","meta":{"_acf_changed":false,"latitude":"","longitude":"","kurzbeschreibung":"","datum_von":"","footnotes":""},"class_list":["post-10054","page","type-page","status-publish","hentry"],"acf":[],"yoast_head":"<!-- This site is optimized with the Yoast SEO plugin v27.2 - https:\/\/yoast.com\/product\/yoast-seo-wordpress\/ -->\n<title>Future Skills &#8211; Lapurla<\/title>\n<meta name=\"robots\" content=\"index, follow, max-snippet:-1, max-image-preview:large, max-video-preview:-1\" \/>\n<link rel=\"canonical\" href=\"https:\/\/www.lapurla.ch\/it\/future-skills\" \/>\n<meta property=\"og:locale\" content=\"it_IT\" \/>\n<meta property=\"og:type\" content=\"article\" \/>\n<meta property=\"og:title\" content=\"Future Skills &#8211; Lapurla\" \/>\n<meta property=\"og:description\" content=\"\u201cSecondo uno studio del Forum economico mondiale, la creativit\u00e0 sar\u00e0 la capacit\u00e0 del futuro \u2013 anche in contrapposizione all\u2019intelligenza artificiale. \u00c8 ora che i nostri bambini l\u2019acquisiscano.\u201d Dennis L\u00fcck, Chief Creative Officer, 2018 \u201cI bambini piccoli [\u2026] sono creativi, capaci di risolvere i problemi e di entusiasmarsi, socievoli, cooperativi, empatici. Ci\u00f2 che serve sono condizioni [&hellip;]\" \/>\n<meta property=\"og:url\" content=\"https:\/\/www.lapurla.ch\/it\/future-skills\" \/>\n<meta property=\"og:site_name\" content=\"Lapurla\" \/>\n<meta property=\"article:modified_time\" content=\"2024-07-08T09:20:15+00:00\" \/>\n<meta name=\"twitter:card\" content=\"summary_large_image\" \/>\n<meta name=\"twitter:label1\" content=\"Tempo di lettura stimato\" \/>\n\t<meta name=\"twitter:data1\" content=\"1 minuto\" \/>\n<script type=\"application\/ld+json\" class=\"yoast-schema-graph\">{\"@context\":\"https:\/\/schema.org\",\"@graph\":[{\"@type\":\"WebPage\",\"@id\":\"https:\/\/www.lapurla.ch\/it\/future-skills\",\"url\":\"https:\/\/www.lapurla.ch\/it\/future-skills\",\"name\":\"Future Skills &#8211; Lapurla\",\"isPartOf\":{\"@id\":\"https:\/\/www.lapurla.ch\/#website\"},\"datePublished\":\"2022-07-21T14:33:51+00:00\",\"dateModified\":\"2024-07-08T09:20:15+00:00\",\"breadcrumb\":{\"@id\":\"https:\/\/www.lapurla.ch\/it\/future-skills#breadcrumb\"},\"inLanguage\":\"it-IT\",\"potentialAction\":[{\"@type\":\"ReadAction\",\"target\":[\"https:\/\/www.lapurla.ch\/it\/future-skills\"]}]},{\"@type\":\"BreadcrumbList\",\"@id\":\"https:\/\/www.lapurla.ch\/it\/future-skills#breadcrumb\",\"itemListElement\":[{\"@type\":\"ListItem\",\"position\":1,\"name\":\"Startseite\",\"item\":\"https:\/\/www.lapurla.ch\/it\"},{\"@type\":\"ListItem\",\"position\":2,\"name\":\"Future Skills\"}]},{\"@type\":\"WebSite\",\"@id\":\"https:\/\/www.lapurla.ch\/#website\",\"url\":\"https:\/\/www.lapurla.ch\/\",\"name\":\"Lapurla\",\"description\":\"\",\"publisher\":{\"@id\":\"https:\/\/www.lapurla.ch\/#organization\"},\"potentialAction\":[{\"@type\":\"SearchAction\",\"target\":{\"@type\":\"EntryPoint\",\"urlTemplate\":\"https:\/\/www.lapurla.ch\/?s={search_term_string}\"},\"query-input\":{\"@type\":\"PropertyValueSpecification\",\"valueRequired\":true,\"valueName\":\"search_term_string\"}}],\"inLanguage\":\"it-IT\"},{\"@type\":\"Organization\",\"@id\":\"https:\/\/www.lapurla.ch\/#organization\",\"name\":\"Lapurla\",\"url\":\"https:\/\/www.lapurla.ch\/\",\"logo\":{\"@type\":\"ImageObject\",\"inLanguage\":\"it-IT\",\"@id\":\"https:\/\/www.lapurla.ch\/#\/schema\/logo\/image\/\",\"url\":\"https:\/\/www.lapurla.ch\/wp-content\/uploads\/2022\/03\/cropped-favicon.png\",\"contentUrl\":\"https:\/\/www.lapurla.ch\/wp-content\/uploads\/2022\/03\/cropped-favicon.png\",\"width\":512,\"height\":512,\"caption\":\"Lapurla\"},\"image\":{\"@id\":\"https:\/\/www.lapurla.ch\/#\/schema\/logo\/image\/\"}}]}<\/script>\n<!-- \/ Yoast SEO plugin. -->","yoast_head_json":{"title":"Future Skills &#8211; Lapurla","robots":{"index":"index","follow":"follow","max-snippet":"max-snippet:-1","max-image-preview":"max-image-preview:large","max-video-preview":"max-video-preview:-1"},"canonical":"https:\/\/www.lapurla.ch\/it\/future-skills","og_locale":"it_IT","og_type":"article","og_title":"Future Skills &#8211; Lapurla","og_description":"\u201cSecondo uno studio del Forum economico mondiale, la creativit\u00e0 sar\u00e0 la capacit\u00e0 del futuro \u2013 anche in contrapposizione all\u2019intelligenza artificiale. \u00c8 ora che i nostri bambini l\u2019acquisiscano.\u201d Dennis L\u00fcck, Chief Creative Officer, 2018 \u201cI bambini piccoli [\u2026] sono creativi, capaci di risolvere i problemi e di entusiasmarsi, socievoli, cooperativi, empatici. Ci\u00f2 che serve sono condizioni [&hellip;]","og_url":"https:\/\/www.lapurla.ch\/it\/future-skills","og_site_name":"Lapurla","article_modified_time":"2024-07-08T09:20:15+00:00","twitter_card":"summary_large_image","twitter_misc":{"Tempo di lettura stimato":"1 minuto"},"schema":{"@context":"https:\/\/schema.org","@graph":[{"@type":"WebPage","@id":"https:\/\/www.lapurla.ch\/it\/future-skills","url":"https:\/\/www.lapurla.ch\/it\/future-skills","name":"Future Skills &#8211; Lapurla","isPartOf":{"@id":"https:\/\/www.lapurla.ch\/#website"},"datePublished":"2022-07-21T14:33:51+00:00","dateModified":"2024-07-08T09:20:15+00:00","breadcrumb":{"@id":"https:\/\/www.lapurla.ch\/it\/future-skills#breadcrumb"},"inLanguage":"it-IT","potentialAction":[{"@type":"ReadAction","target":["https:\/\/www.lapurla.ch\/it\/future-skills"]}]},{"@type":"BreadcrumbList","@id":"https:\/\/www.lapurla.ch\/it\/future-skills#breadcrumb","itemListElement":[{"@type":"ListItem","position":1,"name":"Startseite","item":"https:\/\/www.lapurla.ch\/it"},{"@type":"ListItem","position":2,"name":"Future Skills"}]},{"@type":"WebSite","@id":"https:\/\/www.lapurla.ch\/#website","url":"https:\/\/www.lapurla.ch\/","name":"Lapurla","description":"","publisher":{"@id":"https:\/\/www.lapurla.ch\/#organization"},"potentialAction":[{"@type":"SearchAction","target":{"@type":"EntryPoint","urlTemplate":"https:\/\/www.lapurla.ch\/?s={search_term_string}"},"query-input":{"@type":"PropertyValueSpecification","valueRequired":true,"valueName":"search_term_string"}}],"inLanguage":"it-IT"},{"@type":"Organization","@id":"https:\/\/www.lapurla.ch\/#organization","name":"Lapurla","url":"https:\/\/www.lapurla.ch\/","logo":{"@type":"ImageObject","inLanguage":"it-IT","@id":"https:\/\/www.lapurla.ch\/#\/schema\/logo\/image\/","url":"https:\/\/www.lapurla.ch\/wp-content\/uploads\/2022\/03\/cropped-favicon.png","contentUrl":"https:\/\/www.lapurla.ch\/wp-content\/uploads\/2022\/03\/cropped-favicon.png","width":512,"height":512,"caption":"Lapurla"},"image":{"@id":"https:\/\/www.lapurla.ch\/#\/schema\/logo\/image\/"}}]}},"_links":{"self":[{"href":"https:\/\/www.lapurla.ch\/it\/wp-json\/wp\/v2\/pages\/10054","targetHints":{"allow":["GET"]}}],"collection":[{"href":"https:\/\/www.lapurla.ch\/it\/wp-json\/wp\/v2\/pages"}],"about":[{"href":"https:\/\/www.lapurla.ch\/it\/wp-json\/wp\/v2\/types\/page"}],"author":[{"embeddable":true,"href":"https:\/\/www.lapurla.ch\/it\/wp-json\/wp\/v2\/users\/5"}],"replies":[{"embeddable":true,"href":"https:\/\/www.lapurla.ch\/it\/wp-json\/wp\/v2\/comments?post=10054"}],"version-history":[{"count":5,"href":"https:\/\/www.lapurla.ch\/it\/wp-json\/wp\/v2\/pages\/10054\/revisions"}],"predecessor-version":[{"id":25099,"href":"https:\/\/www.lapurla.ch\/it\/wp-json\/wp\/v2\/pages\/10054\/revisions\/25099"}],"wp:attachment":[{"href":"https:\/\/www.lapurla.ch\/it\/wp-json\/wp\/v2\/media?parent=10054"}],"curies":[{"name":"wp","href":"https:\/\/api.w.org\/{rel}","templated":true}]}}