{"id":10042,"date":"2022-05-17T18:44:46","date_gmt":"2022-05-17T16:44:46","guid":{"rendered":"https:\/\/lapurla.ch\/entstehungsgeschichte\/"},"modified":"2025-03-20T13:36:22","modified_gmt":"2025-03-20T12:36:22","slug":"entstehungsgeschichte","status":"publish","type":"page","link":"https:\/\/www.lapurla.ch\/it\/entstehungsgeschichte","title":{"rendered":"Storia dell&#8217;origine"},"content":{"rendered":"\n<h2 class=\"wp-block-heading\">Come un programma pionieristico di formazione continua \u00e8 diventato un movimento nazionale<\/h2>\n\n\n\n<figure class=\"wp-block-image size-large\"><img loading=\"lazy\" decoding=\"async\" width=\"1024\" height=\"679\" src=\"https:\/\/www.lapurla.ch\/wp-content\/uploads\/2025\/03\/EntstehungsgeschichteLapurla2018-22-1024x679.png\" alt=\"\" class=\"wp-image-27669\" srcset=\"https:\/\/www.lapurla.ch\/wp-content\/uploads\/2025\/03\/EntstehungsgeschichteLapurla2018-22-1024x679.png 1024w, https:\/\/www.lapurla.ch\/wp-content\/uploads\/2025\/03\/EntstehungsgeschichteLapurla2018-22-300x199.png 300w, https:\/\/www.lapurla.ch\/wp-content\/uploads\/2025\/03\/EntstehungsgeschichteLapurla2018-22-768x509.png 768w, https:\/\/www.lapurla.ch\/wp-content\/uploads\/2025\/03\/EntstehungsgeschichteLapurla2018-22-1536x1018.png 1536w, https:\/\/www.lapurla.ch\/wp-content\/uploads\/2025\/03\/EntstehungsgeschichteLapurla2018-22-2048x1357.png 2048w\" sizes=\"auto, (max-width: 1024px) 100vw, 1024px\" \/><\/figure>\n\n\n\n<hr class=\"wp-block-separator has-alpha-channel-opacity\"\/>\n\n\n\n<h2 class=\"wp-block-heading\">Dal 2013: CAS Kulturelle Bildung (educazione culturale)<\/h2>\n\n\n\n<p>Tutto \u00e8 iniziato nel 2012, quando Karin Kraus ha avviato un programma di <a href=\"https:\/\/www.hkb.bfh.ch\/de\/weiterbildung\/cas\/kulturelle-bildung\/\" target=\"_blank\" rel=\"noreferrer noopener\">formazione continua<\/a> presso l&#8217;Universit\u00e0 delle Arti di Berna. La sua visione era quella di riunire professionisti dei settori della prima infanzia, dell&#8217;arte e della cultura al fine di sviluppare progetti di educazione culturale di alta qualit\u00e0 per i bambini da 0 a 4 anni. Contemporaneamente \u00e8 stato pubblicato il <a href=\"https:\/\/www.rete-custodia-bambini.ch\/it\/innovazione\/quadro-dorientamento\/\" target=\"_blank\" rel=\"noreferrer noopener\">quadro di orientamento per l&#8217;educazione e la cura della prima infanzia<\/a>, che \u00e8 diventato la base di questo impegno.<\/p>\n\n\n\n<h2 class=\"wp-block-heading\">2017: Lancio della pubblicazione di focus<\/h2>\n\n\n\n<p>Karin Kraus ha avviato l&#8217;omonima <a href=\"https:\/\/www.lapurla.ch\/wp-content\/uploads\/2023\/01\/Formazione-esteticapartecipazione-culturale.pdf\" target=\"_blank\" rel=\"noreferrer noopener\">pubblicazione focus<\/a> nel 2016 per sensibilizzare i professionisti della prima infanzia sul tema dell&#8217;educazione estetica e della partecipazione culturale per i bambini in et\u00e0 prescolare in Svizzera e per rendere il gruppo target dei bambini da 0 a 4 anni un argomento di cultura in generale. Il progetto \u00e8 stato lanciato nel 2017 nell&#8217;ambito di un primo <a href=\"https:\/\/www.lapurla.ch\/event\/lancierungsanlass-zur-fokuspublikation\" target=\"_blank\" rel=\"noreferrer noopener\">simposio<\/a> a Zurigo. Nel 2019 sono seguite le traduzioni in francese e italiano da parte dei nostri partner nelle varie parti del Paese. La pubblicazione del focus ha il patrocinio della Commissione svizzera per l&#8217;UNESCO ed \u00e8 ora considerata un documento di riferimento nazionale.<\/p>\n\n\n\n<h2 class=\"wp-block-heading\">2018\u201322: Fase pilota di Lapurla<\/h2>\n\n\n\n<p>La collaborazione tra l&#8217;Universit\u00e0 delle Arti di Berna HKB e il Percento culturale Migros MKP si \u00e8 basata sui campi d&#8217;azione e di sviluppo della pubblicazione di riferimento. Questo impegno era volto a trasformare la teoria in pratica reale e a dimostrare che e come la partecipazione culturale della prima infanzia pu\u00f2 avere successo attraverso l&#8217;esperienza estetica. Lapurla \u00e8 stata sviluppata sotto la co-leadership di Jessica Schnelle (Dipartimento degli Affari Sociali, Direzione MPK) e Karin Kraus (Responsabile degli Studi e Docente HKB). Dal 2018 al 22 abbiamo \u2026<\/p>\n\n\n\n<ul class=\"wp-block-list\">\n<li>ha istituito, sostenuto e valutato oltre 20 <a href=\"https:\/\/www.lapurla.ch\/it\/projekte\" target=\"_blank\" rel=\"noreferrer noopener\">progetti pilota<\/a>.<\/li>\n<\/ul>\n\n\n\n<ul class=\"wp-block-list\">\n<li>numerosi workshop di dialogo, incontri iniziali ed <a href=\"https:\/\/www.lapurla.ch\/it\/vergangene-anlaesse\" target=\"_blank\" rel=\"noreferrer noopener\">eventi<\/a> di networking.<\/li>\n<\/ul>\n\n\n\n<ul class=\"wp-block-list\">\n<li>nel 2020 abbiamo pubblicato il primo <a href=\"https:\/\/www.lapurla.ch\/wp-content\/uploads\/2023\/01\/LapurlaPraxistoolIT-Digital.pdf\" target=\"_blank\" rel=\"noreferrer noopener\">opuscolo Lapurla<\/a> (\u00abPi\u00f9 creativi sin dall\u2019inizio\u00bb), che si rivolge esplicitamente ai genitori e ai professionisti.<\/li>\n<\/ul>\n\n\n\n<ul class=\"wp-block-list\">\n<li>creazione di partenariati di rete (inter)nazionali sistematici.<\/li>\n<\/ul>\n\n\n\n<ul class=\"wp-block-list\">\n<li>nel 2021 abbiamo organizzato la <a href=\"https:\/\/www.lapurla.ch\/it\/event\/nationale-tagung-mit-netzwerkgruendung\">prima conferenza nazionale<\/a>, fondato una <a href=\"https:\/\/www.lapurla.ch\/it\/netzwerk\" target=\"_blank\" rel=\"noreferrer noopener\">rete<\/a> (inter)nazionale e ricevuto il \u00abPrix International\u00bb dei <a href=\"https:\/\/www.lapurla.ch\/it\/news\/girafes-award\">Girafes Awards<\/a> a Parigi.<\/li>\n<\/ul>\n\n\n\n<p>Il CAS Kulturelle Bildung (educazione culturale) \u00e8 stato un incubatore centrale per Lapurla fin dall&#8217;inizio. I <a href=\"https:\/\/www.lapurla.ch\/it\/cas-kulturelle-bildung\" target=\"_blank\" rel=\"noreferrer noopener\">laureati<\/a> agiscono come importanti moltiplicatori per la realizzazione della <a href=\"https:\/\/www.lapurla.ch\/it\/vision-und-ziele\" target=\"_blank\" rel=\"noreferrer noopener\">visione e degli obiettivi<\/a> di Lapurla. Essi beneficiano dell&#8217;ampia esperienza di Lapurla, che combina continuamente scienza e pratica.<\/p>\n\n\n\n<h2 class=\"wp-block-heading\">2022: Lapurla diventa una fondazione<\/h2>\n\n\n\n<p>A causa di cambiamenti strategici da parte di MKP, \u00e8 stato necessario trovare una forma giuridica separata per Lapurla. Poich\u00e9 attualmente in Svizzera non esiste alcuna fondazione che promuova esplicitamente la prima infanzia, la cultura e la salute come interfaccia, Karin Kraus ha voluto dare l&#8217;esempio e ha istituito un fondo di dotazione sotto l&#8217;egida della Fondation des Fondateurs nel novembre 2022. Da allora, Lapurla ha proseguito il suo lavoro pionieristico e continua a funzionare sistematicamente come fondazione operativa con un proprio scopo e un proprio consiglio di fondazione. I risultati vengono pubblicati annualmente sotto forma di <a href=\"https:\/\/www.lapurla.ch\/it\/wirkungsberichte\">rapporto d&#8217;impatto<\/a>.<\/p>\n\n\n\n<p>I risultati pi\u00f9 importanti di Lapurla come fondazione sono \u2026<\/p>\n\n\n\n<ul class=\"wp-block-list\">\n<li>Sviluppo e lancio di altri opuscoli della serie:<br>&#8211; <a href=\"https:\/\/www.lapurla.ch\/wp-content\/uploads\/2023\/07\/230424-LapurlaBroschuerePolitikFR-1.pdf\" target=\"_blank\" rel=\"noreferrer noopener\">I bambini hanno bisogno di politici creativi<\/a> (2023) (2023), in collaborazione con Netzwerk Fr\u00fchkindliche Kulturelle Bildung<br>&#8211; <a href=\"https:\/\/www.lapurla.ch\/wp-content\/uploads\/2024\/08\/240327-LapurlaBroschuereFlowIT-digital.pdf\" target=\"_blank\" rel=\"noreferrer noopener\">Il FLOW fortifica i bambini<\/a> (2024), finanziato da Promozione Salute Svizzera <\/li>\n<\/ul>\n\n\n\n<ul class=\"wp-block-list\">\n<li>Sviluppo e lancio di strumenti pratici per i professionisti:<br>&#8211; <a href=\"https:\/\/www.lapurla.ch\/wp-content\/uploads\/2023\/05\/230504-Lapurla-Domande-guida-e-instrumenti-qualitaIT.pdf\" target=\"_blank\" rel=\"noreferrer noopener\">Domande guida e strumenti per lo sviluppo della qualit\u00e0 dei contesti estetico-culturali della prima infanzia<\/a> (2023)<br>&#8211; Raccolta di fondi (2023), in collaborazione con Pro Enfance<\/li>\n<\/ul>\n\n\n\n<ul class=\"wp-block-list\">\n<li>Sviluppo di <a href=\"https:\/\/www.lapurla.ch\/it\/gruppi-regionali\" target=\"_blank\" rel=\"noreferrer noopener\">gruppi regionali<\/a> (2023)<\/li>\n<\/ul>\n\n\n\n<ul class=\"wp-block-list\">\n<li>Sviluppo del concetto, gara d&#8217;appalto e presentazione del primo <a href=\"https:\/\/www.lapurla.ch\/it\/20319-2\" target=\"_blank\" rel=\"noreferrer noopener\">Award Lapurla<\/a> (2023)<\/li>\n<\/ul>\n\n\n\n<ul class=\"wp-block-list\">\n<li>Sviluppo di un sistema di <a href=\"https:\/\/www.lapurla.ch\/it\/gutes-tun\" target=\"_blank\" rel=\"noreferrer noopener\">gestione delle donazioni<\/a> (2023)<\/li>\n<\/ul>\n\n\n\n<ul class=\"wp-block-list\">\n<li>Espansione della <a href=\"https:\/\/www.lapurla.ch\/it\/netzwerk\" target=\"_blank\" rel=\"noreferrer noopener\">rete<\/a> e delle <a href=\"https:\/\/www.lapurla.ch\/it\/netzwerkpartner\" target=\"_blank\" rel=\"noreferrer noopener\">partner della rete<\/a><\/li>\n<\/ul>\n\n\n\n<ul class=\"wp-block-list\">\n<li>Vari articoli in riviste e pubblicazioni specializzate<\/li>\n<\/ul>\n\n\n\n<ul class=\"wp-block-list\">\n<li>Dichiarazioni politiche<\/li>\n<\/ul>\n\n\n\n<ul class=\"wp-block-list\">\n<li>Organizzazione annuale di una conferenza nazionale<\/li>\n<\/ul>\n\n\n\n<ul class=\"wp-block-list\">\n<li>Organizzazione di vari formati di scambio online<\/li>\n<\/ul>\n\n\n\n<ul class=\"wp-block-list\">\n<li>Partecipazione e coinvolgimento in numerose conferenze specialistiche<\/li>\n<\/ul>\n\n\n\n<ul class=\"wp-block-list\">\n<li>Gestione trilingue del sito web e dei social media (Instagram, Facebook, dal 2023 anche LinkedIn)<\/li>\n<\/ul>\n\n\n\n<ul class=\"wp-block-list\">\n<li>Distribuzione di 6 <a href=\"https:\/\/www.lapurla.ch\/it\/newsletter\" target=\"_blank\" rel=\"noreferrer noopener\">newsletter<\/a> all&#8217;anno in tedesco, francese e italiano<\/li>\n<\/ul>\n\n\n\n<ul class=\"wp-block-list\">\n<li>FLOWmobil, un format di sensibilizzazione per raggiungere le famiglie vulnerabili<br>&#8211; Concezione e sperimentazione iniziale (2024-25), finanziata dall&#8217;Innovation Booster di Innovation Sociale<br>&#8211; Scaling del progetto pilota in altri comuni (2025-29), finanziato dal programma \u00abNuovo Noi\u00bb della Commissione Federale per la Migrazione<\/li>\n<\/ul>\n\n\n\n<ul class=\"wp-block-list\">\n<li>Sviluppo di una gamma di <a href=\"https:\/\/www.lapurla.ch\/it\/servizi\" target=\"_blank\" rel=\"noreferrer noopener\">servizi<\/a> per specialisti, organizzazioni, agenzie specializzate, comuni e cantoni (2025)<\/li>\n<\/ul>\n\n\n\n<p><\/p>\n","protected":false},"excerpt":{"rendered":"<p>Come un programma pionieristico di formazione continua \u00e8 diventato un movimento nazionale Dal 2013: CAS Kulturelle Bildung (educazione culturale) Tutto \u00e8 iniziato nel 2012, quando Karin Kraus ha avviato un programma di formazione continua presso l&#8217;Universit\u00e0 delle Arti di Berna. La sua visione era quella di riunire professionisti dei settori della prima infanzia, dell&#8217;arte e [&hellip;]<\/p>\n","protected":false},"author":5,"featured_media":0,"parent":0,"menu_order":0,"comment_status":"closed","ping_status":"closed","template":"","meta":{"_acf_changed":false,"latitude":"","longitude":"","kurzbeschreibung":"","datum_von":"","footnotes":""},"class_list":["post-10042","page","type-page","status-publish","hentry"],"acf":[],"yoast_head":"<!-- This site is optimized with the Yoast SEO plugin v27.2 - https:\/\/yoast.com\/product\/yoast-seo-wordpress\/ -->\n<title>Storia dell&#039;origine &#8211; Lapurla<\/title>\n<meta name=\"description\" content=\"Storia dell&#039;origine\" \/>\n<meta name=\"robots\" content=\"index, follow, max-snippet:-1, max-image-preview:large, max-video-preview:-1\" \/>\n<link rel=\"canonical\" href=\"https:\/\/www.lapurla.ch\/it\/entstehungsgeschichte\" \/>\n<meta property=\"og:locale\" content=\"it_IT\" \/>\n<meta property=\"og:type\" content=\"article\" \/>\n<meta property=\"og:title\" content=\"Storia dell&#039;origine &#8211; Lapurla\" \/>\n<meta property=\"og:description\" content=\"Storia dell&#039;origine\" \/>\n<meta property=\"og:url\" content=\"https:\/\/www.lapurla.ch\/it\/entstehungsgeschichte\" \/>\n<meta property=\"og:site_name\" content=\"Lapurla\" \/>\n<meta property=\"article:modified_time\" content=\"2025-03-20T12:36:22+00:00\" \/>\n<meta property=\"og:image\" content=\"https:\/\/www.lapurla.ch\/wp-content\/uploads\/2025\/03\/EntstehungsgeschichteLapurla2018-22-1024x679.png\" \/>\n\t<meta property=\"og:image:width\" content=\"1024\" \/>\n\t<meta property=\"og:image:height\" content=\"679\" \/>\n\t<meta property=\"og:image:type\" content=\"image\/png\" \/>\n<meta name=\"twitter:card\" content=\"summary_large_image\" \/>\n<meta name=\"twitter:label1\" content=\"Tempo di lettura stimato\" \/>\n\t<meta name=\"twitter:data1\" content=\"5 minuti\" \/>\n<script type=\"application\/ld+json\" class=\"yoast-schema-graph\">{\"@context\":\"https:\/\/schema.org\",\"@graph\":[{\"@type\":\"WebPage\",\"@id\":\"https:\/\/www.lapurla.ch\/it\/entstehungsgeschichte\",\"url\":\"https:\/\/www.lapurla.ch\/it\/entstehungsgeschichte\",\"name\":\"Storia dell'origine &#8211; Lapurla\",\"isPartOf\":{\"@id\":\"https:\/\/www.lapurla.ch\/#website\"},\"primaryImageOfPage\":{\"@id\":\"https:\/\/www.lapurla.ch\/it\/entstehungsgeschichte#primaryimage\"},\"image\":{\"@id\":\"https:\/\/www.lapurla.ch\/it\/entstehungsgeschichte#primaryimage\"},\"thumbnailUrl\":\"https:\/\/www.lapurla.ch\/wp-content\/uploads\/2025\/03\/EntstehungsgeschichteLapurla2018-22-1024x679.png\",\"datePublished\":\"2022-05-17T16:44:46+00:00\",\"dateModified\":\"2025-03-20T12:36:22+00:00\",\"description\":\"Storia dell'origine\",\"breadcrumb\":{\"@id\":\"https:\/\/www.lapurla.ch\/it\/entstehungsgeschichte#breadcrumb\"},\"inLanguage\":\"it-IT\",\"potentialAction\":[{\"@type\":\"ReadAction\",\"target\":[\"https:\/\/www.lapurla.ch\/it\/entstehungsgeschichte\"]}]},{\"@type\":\"ImageObject\",\"inLanguage\":\"it-IT\",\"@id\":\"https:\/\/www.lapurla.ch\/it\/entstehungsgeschichte#primaryimage\",\"url\":\"https:\/\/www.lapurla.ch\/wp-content\/uploads\/2025\/03\/EntstehungsgeschichteLapurla2018-22-1024x679.png\",\"contentUrl\":\"https:\/\/www.lapurla.ch\/wp-content\/uploads\/2025\/03\/EntstehungsgeschichteLapurla2018-22-1024x679.png\"},{\"@type\":\"BreadcrumbList\",\"@id\":\"https:\/\/www.lapurla.ch\/it\/entstehungsgeschichte#breadcrumb\",\"itemListElement\":[{\"@type\":\"ListItem\",\"position\":1,\"name\":\"Startseite\",\"item\":\"https:\/\/www.lapurla.ch\/it\"},{\"@type\":\"ListItem\",\"position\":2,\"name\":\"Storia dell&#8217;origine\"}]},{\"@type\":\"WebSite\",\"@id\":\"https:\/\/www.lapurla.ch\/#website\",\"url\":\"https:\/\/www.lapurla.ch\/\",\"name\":\"Lapurla\",\"description\":\"\",\"publisher\":{\"@id\":\"https:\/\/www.lapurla.ch\/#organization\"},\"potentialAction\":[{\"@type\":\"SearchAction\",\"target\":{\"@type\":\"EntryPoint\",\"urlTemplate\":\"https:\/\/www.lapurla.ch\/?s={search_term_string}\"},\"query-input\":{\"@type\":\"PropertyValueSpecification\",\"valueRequired\":true,\"valueName\":\"search_term_string\"}}],\"inLanguage\":\"it-IT\"},{\"@type\":\"Organization\",\"@id\":\"https:\/\/www.lapurla.ch\/#organization\",\"name\":\"Lapurla\",\"url\":\"https:\/\/www.lapurla.ch\/\",\"logo\":{\"@type\":\"ImageObject\",\"inLanguage\":\"it-IT\",\"@id\":\"https:\/\/www.lapurla.ch\/#\/schema\/logo\/image\/\",\"url\":\"https:\/\/www.lapurla.ch\/wp-content\/uploads\/2022\/03\/cropped-favicon.png\",\"contentUrl\":\"https:\/\/www.lapurla.ch\/wp-content\/uploads\/2022\/03\/cropped-favicon.png\",\"width\":512,\"height\":512,\"caption\":\"Lapurla\"},\"image\":{\"@id\":\"https:\/\/www.lapurla.ch\/#\/schema\/logo\/image\/\"}}]}<\/script>\n<!-- \/ Yoast SEO plugin. -->","yoast_head_json":{"title":"Storia dell'origine &#8211; Lapurla","description":"Storia dell'origine","robots":{"index":"index","follow":"follow","max-snippet":"max-snippet:-1","max-image-preview":"max-image-preview:large","max-video-preview":"max-video-preview:-1"},"canonical":"https:\/\/www.lapurla.ch\/it\/entstehungsgeschichte","og_locale":"it_IT","og_type":"article","og_title":"Storia dell'origine &#8211; Lapurla","og_description":"Storia dell'origine","og_url":"https:\/\/www.lapurla.ch\/it\/entstehungsgeschichte","og_site_name":"Lapurla","article_modified_time":"2025-03-20T12:36:22+00:00","og_image":[{"width":1024,"height":679,"url":"https:\/\/www.lapurla.ch\/wp-content\/uploads\/2025\/03\/EntstehungsgeschichteLapurla2018-22-1024x679.png","type":"image\/png"}],"twitter_card":"summary_large_image","twitter_misc":{"Tempo di lettura stimato":"5 minuti"},"schema":{"@context":"https:\/\/schema.org","@graph":[{"@type":"WebPage","@id":"https:\/\/www.lapurla.ch\/it\/entstehungsgeschichte","url":"https:\/\/www.lapurla.ch\/it\/entstehungsgeschichte","name":"Storia dell'origine &#8211; Lapurla","isPartOf":{"@id":"https:\/\/www.lapurla.ch\/#website"},"primaryImageOfPage":{"@id":"https:\/\/www.lapurla.ch\/it\/entstehungsgeschichte#primaryimage"},"image":{"@id":"https:\/\/www.lapurla.ch\/it\/entstehungsgeschichte#primaryimage"},"thumbnailUrl":"https:\/\/www.lapurla.ch\/wp-content\/uploads\/2025\/03\/EntstehungsgeschichteLapurla2018-22-1024x679.png","datePublished":"2022-05-17T16:44:46+00:00","dateModified":"2025-03-20T12:36:22+00:00","description":"Storia dell'origine","breadcrumb":{"@id":"https:\/\/www.lapurla.ch\/it\/entstehungsgeschichte#breadcrumb"},"inLanguage":"it-IT","potentialAction":[{"@type":"ReadAction","target":["https:\/\/www.lapurla.ch\/it\/entstehungsgeschichte"]}]},{"@type":"ImageObject","inLanguage":"it-IT","@id":"https:\/\/www.lapurla.ch\/it\/entstehungsgeschichte#primaryimage","url":"https:\/\/www.lapurla.ch\/wp-content\/uploads\/2025\/03\/EntstehungsgeschichteLapurla2018-22-1024x679.png","contentUrl":"https:\/\/www.lapurla.ch\/wp-content\/uploads\/2025\/03\/EntstehungsgeschichteLapurla2018-22-1024x679.png"},{"@type":"BreadcrumbList","@id":"https:\/\/www.lapurla.ch\/it\/entstehungsgeschichte#breadcrumb","itemListElement":[{"@type":"ListItem","position":1,"name":"Startseite","item":"https:\/\/www.lapurla.ch\/it"},{"@type":"ListItem","position":2,"name":"Storia dell&#8217;origine"}]},{"@type":"WebSite","@id":"https:\/\/www.lapurla.ch\/#website","url":"https:\/\/www.lapurla.ch\/","name":"Lapurla","description":"","publisher":{"@id":"https:\/\/www.lapurla.ch\/#organization"},"potentialAction":[{"@type":"SearchAction","target":{"@type":"EntryPoint","urlTemplate":"https:\/\/www.lapurla.ch\/?s={search_term_string}"},"query-input":{"@type":"PropertyValueSpecification","valueRequired":true,"valueName":"search_term_string"}}],"inLanguage":"it-IT"},{"@type":"Organization","@id":"https:\/\/www.lapurla.ch\/#organization","name":"Lapurla","url":"https:\/\/www.lapurla.ch\/","logo":{"@type":"ImageObject","inLanguage":"it-IT","@id":"https:\/\/www.lapurla.ch\/#\/schema\/logo\/image\/","url":"https:\/\/www.lapurla.ch\/wp-content\/uploads\/2022\/03\/cropped-favicon.png","contentUrl":"https:\/\/www.lapurla.ch\/wp-content\/uploads\/2022\/03\/cropped-favicon.png","width":512,"height":512,"caption":"Lapurla"},"image":{"@id":"https:\/\/www.lapurla.ch\/#\/schema\/logo\/image\/"}}]}},"_links":{"self":[{"href":"https:\/\/www.lapurla.ch\/it\/wp-json\/wp\/v2\/pages\/10042","targetHints":{"allow":["GET"]}}],"collection":[{"href":"https:\/\/www.lapurla.ch\/it\/wp-json\/wp\/v2\/pages"}],"about":[{"href":"https:\/\/www.lapurla.ch\/it\/wp-json\/wp\/v2\/types\/page"}],"author":[{"embeddable":true,"href":"https:\/\/www.lapurla.ch\/it\/wp-json\/wp\/v2\/users\/5"}],"replies":[{"embeddable":true,"href":"https:\/\/www.lapurla.ch\/it\/wp-json\/wp\/v2\/comments?post=10042"}],"version-history":[{"count":7,"href":"https:\/\/www.lapurla.ch\/it\/wp-json\/wp\/v2\/pages\/10042\/revisions"}],"predecessor-version":[{"id":27969,"href":"https:\/\/www.lapurla.ch\/it\/wp-json\/wp\/v2\/pages\/10042\/revisions\/27969"}],"wp:attachment":[{"href":"https:\/\/www.lapurla.ch\/it\/wp-json\/wp\/v2\/media?parent=10042"}],"curies":[{"name":"wp","href":"https:\/\/api.w.org\/{rel}","templated":true}]}}