{"id":9981,"date":"2022-06-16T19:45:37","date_gmt":"2022-06-16T17:45:37","guid":{"rendered":"https:\/\/lapurla.ch\/impressum\/"},"modified":"2025-03-17T20:38:59","modified_gmt":"2025-03-17T19:38:59","slug":"impressum","status":"publish","type":"page","link":"https:\/\/www.lapurla.ch\/fr\/impressum","title":{"rendered":"Mentions l\u00e9gales"},"content":{"rendered":"\n<p>\u00a9 Fondation Lapurla, 2022<\/p>\n\n\n\n<h3 class=\"wp-block-heading\">Responsabilit\u00e9 globale<\/h3>\n\n\n\n<p>Karin Kraus, fondatrice &amp; directrice g\u00e9n\u00e9rale<\/p>\n\n\n\n<p>Nous avons r\u00e9dig\u00e9 les textes et les liens de ce site avec soin et les tenons \u00e0 jour dans la mesure du possible. Nous ne garantissons toutefois pas leur exactitude ni leur exhaustivit\u00e9. Les exploitants ou fournisseurs des pages li\u00e9es sont en principe responsables de leur contenu.<\/p>\n\n\n\n<div style=\"height:50px\" aria-hidden=\"true\" class=\"wp-block-spacer\"><\/div>\n\n\n\n<h3 class=\"wp-block-heading\">Contact<\/h3>\n\n\n\n<p>Fondation des Fondateurs<br>Stiftung Lapurla<br>Karin Kraus<br>Breitingerstrasse 35<br>8002 Z\u00fcrich<br><a href=\"mailto:karin.kraus@lapurla.ch\" target=\"_blank\" rel=\"noreferrer noopener\">karin.kraus@lapurla.ch<\/a><\/p>\n\n\n\n<div style=\"height:50px\" aria-hidden=\"true\" class=\"wp-block-spacer\"><\/div>\n\n\n\n<h3 class=\"wp-block-heading\">Webdesign<\/h3>\n\n\n\n<p>Hej AG<br>Gasometerstrasse 29a<br>8005 Z\u00fcrich<\/p>\n\n\n\n<p><a href=\"https:\/\/hej.ch\">www.hej.ch<\/a><\/p>\n\n\n\n<div style=\"height:50px\" aria-hidden=\"true\" class=\"wp-block-spacer\"><\/div>\n\n\n\n<h3 class=\"wp-block-heading\">Programmation<\/h3>\n\n\n\n<p>Klub der guten Seiten GmbH<br>Rosenbergstrasse 85<br>9000 St.Gallen<\/p>\n\n\n\n<p><a href=\"https:\/\/www.klubdergutenseiten.ch\">www.klubdergutenseiten.ch<\/a><\/p>\n","protected":false},"excerpt":{"rendered":"<p>\u00a9 Fondation Lapurla, 2022 Responsabilit\u00e9 globale Karin Kraus, fondatrice &amp; directrice g\u00e9n\u00e9rale Nous avons r\u00e9dig\u00e9 les textes et les liens de ce site avec soin et les tenons \u00e0 jour dans la mesure du possible. Nous ne garantissons toutefois pas leur exactitude ni leur exhaustivit\u00e9. Les exploitants ou fournisseurs des pages li\u00e9es sont en principe [&hellip;]<\/p>\n","protected":false},"author":5,"featured_media":0,"parent":0,"menu_order":0,"comment_status":"closed","ping_status":"closed","template":"","meta":{"_acf_changed":false,"latitude":"","longitude":"","kurzbeschreibung":"","datum_von":"","footnotes":""},"class_list":["post-9981","page","type-page","status-publish","hentry"],"acf":[],"yoast_head":"<!-- This site is optimized with the Yoast SEO plugin v27.2 - https:\/\/yoast.com\/product\/yoast-seo-wordpress\/ -->\n<title>Mentions l\u00e9gales &#8211; Lapurla<\/title>\n<meta name=\"robots\" content=\"index, follow, max-snippet:-1, max-image-preview:large, max-video-preview:-1\" \/>\n<link rel=\"canonical\" href=\"https:\/\/www.lapurla.ch\/fr\/impressum\" \/>\n<meta property=\"og:locale\" content=\"fr_FR\" \/>\n<meta property=\"og:type\" content=\"article\" \/>\n<meta property=\"og:title\" content=\"Mentions l\u00e9gales &#8211; Lapurla\" \/>\n<meta property=\"og:description\" content=\"\u00a9 Fondation Lapurla, 2022 Responsabilit\u00e9 globale Karin Kraus, fondatrice &amp; directrice g\u00e9n\u00e9rale Nous avons r\u00e9dig\u00e9 les textes et les liens de ce site avec soin et les tenons \u00e0 jour dans la mesure du possible. Nous ne garantissons toutefois pas leur exactitude ni leur exhaustivit\u00e9. Les exploitants ou fournisseurs des pages li\u00e9es sont en principe [&hellip;]\" \/>\n<meta property=\"og:url\" content=\"https:\/\/www.lapurla.ch\/fr\/impressum\" \/>\n<meta property=\"og:site_name\" content=\"Lapurla\" \/>\n<meta property=\"article:modified_time\" content=\"2025-03-17T19:38:59+00:00\" \/>\n<meta name=\"twitter:card\" content=\"summary_large_image\" \/>\n<meta name=\"twitter:label1\" content=\"Dur\u00e9e de lecture estim\u00e9e\" \/>\n\t<meta name=\"twitter:data1\" content=\"1 minute\" \/>\n<script type=\"application\/ld+json\" class=\"yoast-schema-graph\">{\"@context\":\"https:\/\/schema.org\",\"@graph\":[{\"@type\":\"WebPage\",\"@id\":\"https:\/\/www.lapurla.ch\/fr\/impressum\",\"url\":\"https:\/\/www.lapurla.ch\/fr\/impressum\",\"name\":\"Mentions l\u00e9gales &#8211; Lapurla\",\"isPartOf\":{\"@id\":\"https:\/\/www.lapurla.ch\/#website\"},\"datePublished\":\"2022-06-16T17:45:37+00:00\",\"dateModified\":\"2025-03-17T19:38:59+00:00\",\"breadcrumb\":{\"@id\":\"https:\/\/www.lapurla.ch\/fr\/impressum#breadcrumb\"},\"inLanguage\":\"fr-FR\",\"potentialAction\":[{\"@type\":\"ReadAction\",\"target\":[\"https:\/\/www.lapurla.ch\/fr\/impressum\"]}]},{\"@type\":\"BreadcrumbList\",\"@id\":\"https:\/\/www.lapurla.ch\/fr\/impressum#breadcrumb\",\"itemListElement\":[{\"@type\":\"ListItem\",\"position\":1,\"name\":\"Startseite\",\"item\":\"https:\/\/www.lapurla.ch\/fr\"},{\"@type\":\"ListItem\",\"position\":2,\"name\":\"Mentions l\u00e9gales\"}]},{\"@type\":\"WebSite\",\"@id\":\"https:\/\/www.lapurla.ch\/#website\",\"url\":\"https:\/\/www.lapurla.ch\/\",\"name\":\"Lapurla\",\"description\":\"\",\"publisher\":{\"@id\":\"https:\/\/www.lapurla.ch\/#organization\"},\"potentialAction\":[{\"@type\":\"SearchAction\",\"target\":{\"@type\":\"EntryPoint\",\"urlTemplate\":\"https:\/\/www.lapurla.ch\/?s={search_term_string}\"},\"query-input\":{\"@type\":\"PropertyValueSpecification\",\"valueRequired\":true,\"valueName\":\"search_term_string\"}}],\"inLanguage\":\"fr-FR\"},{\"@type\":\"Organization\",\"@id\":\"https:\/\/www.lapurla.ch\/#organization\",\"name\":\"Lapurla\",\"url\":\"https:\/\/www.lapurla.ch\/\",\"logo\":{\"@type\":\"ImageObject\",\"inLanguage\":\"fr-FR\",\"@id\":\"https:\/\/www.lapurla.ch\/#\/schema\/logo\/image\/\",\"url\":\"https:\/\/www.lapurla.ch\/wp-content\/uploads\/2022\/03\/cropped-favicon.png\",\"contentUrl\":\"https:\/\/www.lapurla.ch\/wp-content\/uploads\/2022\/03\/cropped-favicon.png\",\"width\":512,\"height\":512,\"caption\":\"Lapurla\"},\"image\":{\"@id\":\"https:\/\/www.lapurla.ch\/#\/schema\/logo\/image\/\"}}]}<\/script>\n<!-- \/ Yoast SEO plugin. -->","yoast_head_json":{"title":"Mentions l\u00e9gales &#8211; Lapurla","robots":{"index":"index","follow":"follow","max-snippet":"max-snippet:-1","max-image-preview":"max-image-preview:large","max-video-preview":"max-video-preview:-1"},"canonical":"https:\/\/www.lapurla.ch\/fr\/impressum","og_locale":"fr_FR","og_type":"article","og_title":"Mentions l\u00e9gales &#8211; Lapurla","og_description":"\u00a9 Fondation Lapurla, 2022 Responsabilit\u00e9 globale Karin Kraus, fondatrice &amp; directrice g\u00e9n\u00e9rale Nous avons r\u00e9dig\u00e9 les textes et les liens de ce site avec soin et les tenons \u00e0 jour dans la mesure du possible. Nous ne garantissons toutefois pas leur exactitude ni leur exhaustivit\u00e9. Les exploitants ou fournisseurs des pages li\u00e9es sont en principe [&hellip;]","og_url":"https:\/\/www.lapurla.ch\/fr\/impressum","og_site_name":"Lapurla","article_modified_time":"2025-03-17T19:38:59+00:00","twitter_card":"summary_large_image","twitter_misc":{"Dur\u00e9e de lecture estim\u00e9e":"1 minute"},"schema":{"@context":"https:\/\/schema.org","@graph":[{"@type":"WebPage","@id":"https:\/\/www.lapurla.ch\/fr\/impressum","url":"https:\/\/www.lapurla.ch\/fr\/impressum","name":"Mentions l\u00e9gales &#8211; Lapurla","isPartOf":{"@id":"https:\/\/www.lapurla.ch\/#website"},"datePublished":"2022-06-16T17:45:37+00:00","dateModified":"2025-03-17T19:38:59+00:00","breadcrumb":{"@id":"https:\/\/www.lapurla.ch\/fr\/impressum#breadcrumb"},"inLanguage":"fr-FR","potentialAction":[{"@type":"ReadAction","target":["https:\/\/www.lapurla.ch\/fr\/impressum"]}]},{"@type":"BreadcrumbList","@id":"https:\/\/www.lapurla.ch\/fr\/impressum#breadcrumb","itemListElement":[{"@type":"ListItem","position":1,"name":"Startseite","item":"https:\/\/www.lapurla.ch\/fr"},{"@type":"ListItem","position":2,"name":"Mentions l\u00e9gales"}]},{"@type":"WebSite","@id":"https:\/\/www.lapurla.ch\/#website","url":"https:\/\/www.lapurla.ch\/","name":"Lapurla","description":"","publisher":{"@id":"https:\/\/www.lapurla.ch\/#organization"},"potentialAction":[{"@type":"SearchAction","target":{"@type":"EntryPoint","urlTemplate":"https:\/\/www.lapurla.ch\/?s={search_term_string}"},"query-input":{"@type":"PropertyValueSpecification","valueRequired":true,"valueName":"search_term_string"}}],"inLanguage":"fr-FR"},{"@type":"Organization","@id":"https:\/\/www.lapurla.ch\/#organization","name":"Lapurla","url":"https:\/\/www.lapurla.ch\/","logo":{"@type":"ImageObject","inLanguage":"fr-FR","@id":"https:\/\/www.lapurla.ch\/#\/schema\/logo\/image\/","url":"https:\/\/www.lapurla.ch\/wp-content\/uploads\/2022\/03\/cropped-favicon.png","contentUrl":"https:\/\/www.lapurla.ch\/wp-content\/uploads\/2022\/03\/cropped-favicon.png","width":512,"height":512,"caption":"Lapurla"},"image":{"@id":"https:\/\/www.lapurla.ch\/#\/schema\/logo\/image\/"}}]}},"_links":{"self":[{"href":"https:\/\/www.lapurla.ch\/fr\/wp-json\/wp\/v2\/pages\/9981","targetHints":{"allow":["GET"]}}],"collection":[{"href":"https:\/\/www.lapurla.ch\/fr\/wp-json\/wp\/v2\/pages"}],"about":[{"href":"https:\/\/www.lapurla.ch\/fr\/wp-json\/wp\/v2\/types\/page"}],"author":[{"embeddable":true,"href":"https:\/\/www.lapurla.ch\/fr\/wp-json\/wp\/v2\/users\/5"}],"replies":[{"embeddable":true,"href":"https:\/\/www.lapurla.ch\/fr\/wp-json\/wp\/v2\/comments?post=9981"}],"version-history":[{"count":6,"href":"https:\/\/www.lapurla.ch\/fr\/wp-json\/wp\/v2\/pages\/9981\/revisions"}],"predecessor-version":[{"id":27798,"href":"https:\/\/www.lapurla.ch\/fr\/wp-json\/wp\/v2\/pages\/9981\/revisions\/27798"}],"wp:attachment":[{"href":"https:\/\/www.lapurla.ch\/fr\/wp-json\/wp\/v2\/media?parent=9981"}],"curies":[{"name":"wp","href":"https:\/\/api.w.org\/{rel}","templated":true}]}}