{"id":9975,"date":"2022-07-21T16:33:51","date_gmt":"2022-07-21T14:33:51","guid":{"rendered":"https:\/\/lapurla.ch\/future-skills\/"},"modified":"2024-07-08T11:19:08","modified_gmt":"2024-07-08T09:19:08","slug":"future-skills","status":"publish","type":"page","link":"https:\/\/www.lapurla.ch\/fr\/future-skills","title":{"rendered":"Comp\u00e9tences d\u2019avenir"},"content":{"rendered":"\n<div id=\"lead-text-block_285f6a0d3fa83896be8f58f266848703\" class=\"mod-lead-text\">\n\t        <div class=\"row\">\n            <div class=\"col-12\">\n\t\t\t\t<h1 class=\"title\">Quatre sc\u00e9narii pour demain et ce que l\u2019on doit faire pour cela<\/h1>                <div class=\"lead-text\">\n\t\t\t\t\t<p>Qu\u2019est-ce qui attend nos enfants? L\u2019avenir semble plus incertain qu\u2019il ne l\u2019a \u00e9t\u00e9 depuis longtemps. Les parents et le syst\u00e8me \u00e9ducatif, qui sont cens\u00e9s rendre les enfants et les jeunes \u00abpr\u00eats pour l\u2019avenir\u00bb, sont confront\u00e9s \u00e0 un d\u00e9fi particuli\u00e8rement important. Alors que pendant des d\u00e9cennies, nous avons esp\u00e9r\u00e9 davantage de prosp\u00e9rit\u00e9, de progr\u00e8s et de libert\u00e9, l\u2019\u00e8re de l\u2019\u00e9volution lin\u00e9aire semble enfin r\u00e9volue.<\/p>\n                <\/div>\n            <\/div>\n        <\/div>\n\t<\/div>\n\n\n<blockquote class=\"wp-block-quote is-layout-flow wp-block-quote-is-layout-flow\">\n<p>\u00abSelon une \u00e9tude du Forum \u00e9conomique mondial, la cr\u00e9ativit\u00e9 devient l\u2019aptitude du futur \u2013 \u00e9galement comme r\u00e9ponse \u00e0 l\u2019intelligence artificielle. Il est grand temps de l\u2019enseigner \u00e0 nos enfants.\u00bb<\/p>\n<cite>Dennis L\u00fcck, chief creative officer, 2018<\/cite><\/blockquote>\n\n\n\n<div id=\"testimonial-block_e65d46f069aa3bc42ef5da7e74bcd80e\" class=\"mod-text-bild \">\n\t\t\t            <div class=\"row flex-row-reverse\">\n                <div class=\"image col-12 col-lg-6\">\n\t\t\t\t\t                        <figure>\n\t\t\t\t\t\t\t<div class=\"a-image js-a-image \"><picture class=\"a-image__picture js-a-image__picture\">           <source width=\"636\" height=\"901\"  media=\"(min-width: 1400px)\" data-srcset=\"https:\/\/www.lapurla.ch\/wp-content\/uploads\/2022\/07\/Bildschirmfoto-2022-07-21-um-16.36.38-636x0.png 1x, https:\/\/www.lapurla.ch\/wp-content\/uploads\/2022\/07\/Bildschirmfoto-2022-07-21-um-16.36.38-1272x0.png 2x\">           <source width=\"636\" height=\"901\" media=\"(min-width: 1200px)\" data-srcset=\"https:\/\/www.lapurla.ch\/wp-content\/uploads\/2022\/07\/Bildschirmfoto-2022-07-21-um-16.36.38-636x0.png 1x, https:\/\/www.lapurla.ch\/wp-content\/uploads\/2022\/07\/Bildschirmfoto-2022-07-21-um-16.36.38-1272x0.png 2x\">           <source width=\"636\" height=\"901\" media=\"(min-width: 992px)\" data-srcset=\"https:\/\/www.lapurla.ch\/wp-content\/uploads\/2022\/07\/Bildschirmfoto-2022-07-21-um-16.36.38-636x0.png  1x, https:\/\/www.lapurla.ch\/wp-content\/uploads\/2022\/07\/Bildschirmfoto-2022-07-21-um-16.36.38-1272x0.png 2x\">           <source width=\"636\" height=\"901\" media=\"(min-width: 768px)\" data-srcset=\"https:\/\/www.lapurla.ch\/wp-content\/uploads\/2022\/07\/Bildschirmfoto-2022-07-21-um-16.36.38-636x0.png 1x, https:\/\/www.lapurla.ch\/wp-content\/uploads\/2022\/07\/Bildschirmfoto-2022-07-21-um-16.36.38-1272x0.png 2x\">           <source width=\"375\" height=\"531\" media=\"(min-width: 576px)\" data-srcset=\"https:\/\/www.lapurla.ch\/wp-content\/uploads\/2022\/07\/Bildschirmfoto-2022-07-21-um-16.36.38-375x0.png 1x, https:\/\/www.lapurla.ch\/wp-content\/uploads\/2022\/07\/Bildschirmfoto-2022-07-21-um-16.36.38-750x0.png 2x\">           <img loading=\"lazy\" decoding=\"async\" width=\"375\" height=\"531\"           class=\"a-image__image js-a-image__image lazyload\" src=\"data:image\/gif;base64,R0lGODlhAQABAAAAACH5BAEKAAEALAAAAAABAAEAAAICTAEAOw==\"           data-src=\"https:\/\/www.lapurla.ch\/wp-content\/uploads\/2022\/07\/Bildschirmfoto-2022-07-21-um-16.36.38-375x0.png\" data-srcset=\"https:\/\/www.lapurla.ch\/wp-content\/uploads\/2022\/07\/Bildschirmfoto-2022-07-21-um-16.36.38-750x0.png 2x\" alt=\"\"\/>      <\/picture><\/div>                            <figcaption><\/figcaption>\n                        <\/figure>\n\t\t\t\t\t                <\/div>\n                <div class=\"text col-12 col-lg-6\">\n\t\t\t\t\t<p>La nouvelle <a href=\"https:\/\/jacobsfoundation.org\/publication\/future-skills\/\">\u00e9tude \u00abComp\u00e9tences d\u2019avenir\u00bb<\/a> du GDI pr\u00e9sente quatre sc\u00e9narii pour 2050 et en d\u00e9duit les aptitudes qui seront n\u00e9cessaires. Lapurla met en place des formats et des conditions-cadres dans lesquels ces comp\u00e9tences peuvent \u00eatre exerc\u00e9es d\u00e8s la petite enfance:<\/p>\n<p><!-- wp:paragraph --><\/p>\n<p><strong>Comp\u00e9tences personnelles<br \/>\n<\/strong>Motivation interne et responsabilit\u00e9 personnelle<br \/>\nCapacit\u00e9 d\u2019adaptation<br \/>\nIntrospection et r\u00e9flexion sur ses propres \u00e9motions, besoins et int\u00e9r\u00eats<\/p>\n<p><!-- \/wp:paragraph --> <!-- wp:paragraph --><\/p>\n<p>&nbsp;<\/p>\n<p><!-- \/wp:paragraph --> <!-- wp:paragraph --><\/p>\n<p><strong>Volont\u00e9 d\u2019explorer<br \/>\n<\/strong>Curiosit\u00e9<br \/>\nCr\u00e9ativit\u00e9 et imagination<br \/>\nFormulation d\u2019objectifs soci\u00e9taux<br \/>\nCapacit\u00e9 d\u2019expression artistique<\/p>\n<p><!-- \/wp:paragraph --> <!-- wp:paragraph --><\/p>\n<p>&nbsp;<\/p>\n<p><!-- \/wp:paragraph --> <!-- wp:paragraph --><\/p>\n<p><strong>Valeurs<br \/>\n<\/strong>Volont\u00e9 de s\u2019engager pour la communaut\u00e9<br \/>\nValorisation des ressources non mat\u00e9rielles<br \/>\nR\u00e9fl\u00e9chir sur\/remettre en question les valeurs de la soci\u00e9t\u00e9<\/p>\n<p><!-- \/wp:paragraph --><\/p>\n                <\/div>\n            <\/div>\n\t\t\t\n<\/div>\n\n\n\n<blockquote class=\"wp-block-quote is-layout-flow wp-block-quote-is-layout-flow\">\n<p>\u00abLes jeunes enfants (&#8230;) sont cr\u00e9atifs, capables de r\u00e9soudre des probl\u00e8mes, enthousiastes, sociaux, coop\u00e9ratifs et empathiques. Ce qu\u2019il faut, c\u2019est un cadre qui permet aux enfants de d\u00e9velopper ces aptitudes et de renforcer leur auto-efficacit\u00e9. Cela s\u2019applique \u00e0 la petite enfance ainsi qu\u2019aux enfants en \u00e2ge scolaire et aux phases ult\u00e9rieures de la vie.\u00bb<\/p>\n<cite>Prof. Martin Hafen, sociologue (2020)<\/cite><\/blockquote>\n\n\n\n<hr class=\"wp-block-separator has-alpha-channel-opacity\"\/>\n\n\n\n<div id=\"button-block_715828bbf7148fda0615a2a243f86c05\" class=\"mod-button\">\n\t        <div class=\"block-button\">\n\t\t\t                <a href=\"https:\/\/lapurla.ch\/wp-content\/uploads\/2022\/07\/FutureSkillsGDI2020.pdf\" title=\"\" target=\"\" class=\"block-button__link\">\n\t\t\t\t\tT\u00e9l\u00e9charger l\u2019\u00e9tude Comp\u00e9tences d\u2019avenir                <\/a>\n\t\t\t        <\/div>\n\t<\/div>\n\n\n\n<hr class=\"wp-block-separator has-alpha-channel-opacity\"\/>\n\n\n\n<h2 class=\"wp-block-heading\" id=\"Berichte\">Rapports<\/h2>\n\n\n<div id=\"accordion-block_abc2b63975f147dd5a8bf40274023a7f\" class=\"mod-accordion\">\n\t            <div id=\"accordion-block_abc2b63975f147dd5a8bf40274023a7f\" class=\"accordion accordion-flush\">\n\t\t\t\t\t\t\t\t\t                    <div class=\"accordion-item\">\n                        <button class=\"accordion-button collapsed\"\n                                type=\"button\"\n                                id=\"\"\n                                data-bs-toggle=\"collapse\"\n                                data-bs-target=\"#collapse-block_abc2b63975f147dd5a8bf40274023a7f-1\"\n                                aria-expanded=\"true\"\n                                aria-controls=\"collapse-block_abc2b63975f147dd5a8bf40274023a7f-1\">\n\t                        <svg class=\"svg-icon icon-arrow-up\" xmlns=\"http:\/\/www.w3.org\/2000\/svg\"><use xmlns:xlink=\"http:\/\/www.w3.org\/1999\/xlink\" xlink:href=\"https:\/\/www.lapurla.ch\/wp-content\/themes\/lapurla\/dist\/icons.svg?f27dc72#arrow-up\"><\/use><\/svg>                            <h3>\n\t\t\t\t\t\t\t\t Rapport de Lapurla sur le th\u00e8me des comp\u00e9tences d\u2019avenir                            <\/h3>\n                        <\/button>\n\n                        <div id=\"collapse-block_abc2b63975f147dd5a8bf40274023a7f-1\" class=\"collapse \"\n                             data-parent=\"#accordion-block_abc2b63975f147dd5a8bf40274023a7f\">\n                            <div class=\"accordion-content row\">\n                                <div class=\"col\">\n                                    <div class=\"text\">\n\t\t\t\t\t\t\t\t\t\t<p>L\u2019\u00e9ducation esth\u00e9tique et la participation culturelle dans la petite enfance pour renforcer les comp\u00e9tences d\u2019avenir \u2013 les cinq casse-t\u00eates<\/p>\n<p><a href=\"https:\/\/ready.swiss\/de\/news\/aesthetische-bildung-und-kulturelle-teilhabe-in-der-fruehen-kindheit-zur-staerkung-von-future-skills-das-sind-die-fuenf-knacknuesse?fbclid=IwAR0rNM_8JvVPHI3RwBNHRDsL_di_IuZfsWSVk6__xP1XwIFUGBG8ATu6Wsk\">Rapport de READY!<\/a><\/p>\n<p>&nbsp;<\/p>\n                                    <\/div>\n                                <\/div>\n\t\t\t\t\t\t\t\t                                    <div class=\"col-12 col-lg-6\">\n\t\t\t\t\t\t\t\t\t\t\n<div class=\"mod-slider\">\n\t        <div id=\"slider-fbb512a7-7934-4605-989f-b5b8668452d1\" class=\"swiper-solo\">\n            <div class=\"swiper-wrapper\">\n\t\t\t\t                    <div class=\"swiper-slide\">\n                        <figure>\n\t\t\t\t\t\t\t<div class=\"a-image \">       <picture class=\"a-image__picture\">       \t<source width=\"516\" height=\"291\" media=\"(min-width: 1400px)\" srcset=\"https:\/\/www.lapurla.ch\/wp-content\/uploads\/2022\/07\/LapurlaLogoREADY-516x0.png 1x, https:\/\/www.lapurla.ch\/wp-content\/uploads\/2022\/07\/LapurlaLogoREADY-1032x0.png 2x\">           <source width=\"516\" height=\"291\" media=\"(min-width: 1200px)\" srcset=\"https:\/\/www.lapurla.ch\/wp-content\/uploads\/2022\/07\/LapurlaLogoREADY-516x0.png 1x, https:\/\/www.lapurla.ch\/wp-content\/uploads\/2022\/07\/LapurlaLogoREADY-1032x0.png 2x\">           <source width=\"516\" height=\"291\" media=\"(min-width: 992px)\" srcset=\"https:\/\/www.lapurla.ch\/wp-content\/uploads\/2022\/07\/LapurlaLogoREADY-516x0.png  1x, https:\/\/www.lapurla.ch\/wp-content\/uploads\/2022\/07\/LapurlaLogoREADY-1032x0.png 2x\">           <source width=\"576\" height=\"324\" media=\"(min-width: 768px)\" srcset=\"https:\/\/www.lapurla.ch\/wp-content\/uploads\/2022\/07\/LapurlaLogoREADY-576x0.png 1x, https:\/\/www.lapurla.ch\/wp-content\/uploads\/2022\/07\/LapurlaLogoREADY-1152x0.png 2x\">           <source width=\"516\" height=\"291\" media=\"(min-width: 576px)\" srcset=\"https:\/\/www.lapurla.ch\/wp-content\/uploads\/2022\/07\/LapurlaLogoREADY-516x0.png 1x, https:\/\/www.lapurla.ch\/wp-content\/uploads\/2022\/07\/LapurlaLogoREADY-1032x0.png 2x\">           <img loading=\"lazy\" decoding=\"async\" width=\"551\" height=\"310\"           class=\"a-image__image\"           src=\"https:\/\/www.lapurla.ch\/wp-content\/uploads\/2022\/07\/LapurlaLogoREADY-551x0.png\" data-srcset=\"https:\/\/www.lapurla.ch\/wp-content\/uploads\/2022\/07\/LapurlaLogoREADY-1102x0.png 2x\" alt=\"\"\/>       <\/picture> <\/div>                            <figcaption>\n\t\t\t\t\t\t\t\t                            <\/figcaption>\n                        <\/figure>\n                    <\/div>\n\t\t\t\t            <\/div>\n            <div class=\"container\">\n                <div class=\"row\">\n                    <div class=\"col-12 position-relative\">\n                        <div class=\"pagination\"><\/div>\n                        <div class=\"button-wrapper\">\n                            <button class=\"swiper-button-prev\">\n\t\t\t\t\t\t\t\t<svg class=\"svg-icon icon-arrow-left\" xmlns=\"http:\/\/www.w3.org\/2000\/svg\"><use xmlns:xlink=\"http:\/\/www.w3.org\/1999\/xlink\" xlink:href=\"https:\/\/www.lapurla.ch\/wp-content\/themes\/lapurla\/dist\/icons.svg?f27dc72#arrow-left\"><\/use><\/svg>                                <span class=\"visually-hidden\">Pr\u00e9c\u00e9dent<\/span>\n                            <\/button>\n                            <button class=\"swiper-button-next\">\n\t\t\t\t\t\t\t\t<svg class=\"svg-icon icon-arrow-right\" xmlns=\"http:\/\/www.w3.org\/2000\/svg\"><use xmlns:xlink=\"http:\/\/www.w3.org\/1999\/xlink\" xlink:href=\"https:\/\/www.lapurla.ch\/wp-content\/themes\/lapurla\/dist\/icons.svg?f27dc72#arrow-right\"><\/use><\/svg>                                <span class=\"visually-hidden\">Suivant<\/span>\n                            <\/button>\n                        <\/div>\n                    <\/div>\n                <\/div>\n            <\/div>\n        <\/div>\n\t<\/div>\n                                    <\/div>\n\t\t\t\t\t\t\t\t                            <\/div>\n                        <\/div>\n                    <\/div>\n\t\t\t\t\t\t\t\t\t                    <div class=\"accordion-item\">\n                        <button class=\"accordion-button collapsed\"\n                                type=\"button\"\n                                id=\"\"\n                                data-bs-toggle=\"collapse\"\n                                data-bs-target=\"#collapse-block_abc2b63975f147dd5a8bf40274023a7f-2\"\n                                aria-expanded=\"true\"\n                                aria-controls=\"collapse-block_abc2b63975f147dd5a8bf40274023a7f-2\">\n\t                        <svg class=\"svg-icon icon-arrow-up\" xmlns=\"http:\/\/www.w3.org\/2000\/svg\"><use xmlns:xlink=\"http:\/\/www.w3.org\/1999\/xlink\" xlink:href=\"https:\/\/www.lapurla.ch\/wp-content\/themes\/lapurla\/dist\/icons.svg?f27dc72#arrow-up\"><\/use><\/svg>                            <h3>\n\t\t\t\t\t\t\t\tLe monde de nos enfants en 2050                            <\/h3>\n                        <\/button>\n\n                        <div id=\"collapse-block_abc2b63975f147dd5a8bf40274023a7f-2\" class=\"collapse \"\n                             data-parent=\"#accordion-block_abc2b63975f147dd5a8bf40274023a7f\">\n                            <div class=\"accordion-content row\">\n                                <div class=\"col\">\n                                    <div class=\"text\">\n\t\t\t\t\t\t\t\t\t\t<p>\u00c0 quoi ressemblera la vie de nos enfants dans 30\u00a0ans? Quelles capacit\u00e9s seront n\u00e9cessaires \u00e0 la prochaine g\u00e9n\u00e9ration pour participer \u00e0 la construction de l\u2019avenir et s\u2019y \u00e9panouir? Une interview sur l\u2019\u00e9tude \u00abComp\u00e9tences d\u2019avenir\u00bb avec le prof. Martin Hafen de la Haute \u00e9cole de Lucerne M. Hafen a r\u00e9dig\u00e9 le document de base de l\u2019\u00e9tude \u00e0 la demande de la Jacobs Foundation.<\/p>\n<p><a href=\"https:\/\/jacobsfoundation.org\/our-childrens-world-in-2050\/\" target=\"_blank\" rel=\"noopener\">Lire l\u2019interview<\/a><\/p>\n                                    <\/div>\n                                <\/div>\n\t\t\t\t\t\t\t\t                            <\/div>\n                        <\/div>\n                    <\/div>\n\t\t\t\t\t\t\t\t\t                    <div class=\"accordion-item\">\n                        <button class=\"accordion-button collapsed\"\n                                type=\"button\"\n                                id=\"\"\n                                data-bs-toggle=\"collapse\"\n                                data-bs-target=\"#collapse-block_abc2b63975f147dd5a8bf40274023a7f-3\"\n                                aria-expanded=\"true\"\n                                aria-controls=\"collapse-block_abc2b63975f147dd5a8bf40274023a7f-3\">\n\t                        <svg class=\"svg-icon icon-arrow-up\" xmlns=\"http:\/\/www.w3.org\/2000\/svg\"><use xmlns:xlink=\"http:\/\/www.w3.org\/1999\/xlink\" xlink:href=\"https:\/\/www.lapurla.ch\/wp-content\/themes\/lapurla\/dist\/icons.svg?f27dc72#arrow-up\"><\/use><\/svg>                            <h3>\n\t\t\t\t\t\t\t\tEn savoir plus sur les comp\u00e9tences d\u2019avenir                            <\/h3>\n                        <\/button>\n\n                        <div id=\"collapse-block_abc2b63975f147dd5a8bf40274023a7f-3\" class=\"collapse \"\n                             data-parent=\"#accordion-block_abc2b63975f147dd5a8bf40274023a7f\">\n                            <div class=\"accordion-content row\">\n                                <div class=\"col\">\n                                    <div class=\"text\">\n\t\t\t\t\t\t\t\t\t\t<p><a href=\"https:\/\/www.aeseducation.com\/blog\/what-are-21st-century-skills\">Quelles sont les comp\u00e9tences du XXI<sup>e<\/sup> si\u00e8cle?<\/a><\/p>\n<p>D\u00e9couvrez les comp\u00e9tences du XXIe si\u00e8cle, pourquoi elles sont importantes et comment les enseigner. Ces comp\u00e9tences comprennent: pens\u00e9e critique, cr\u00e9ativit\u00e9, collaboration, communication, ma\u00eetrise de l\u2019information, des m\u00e9dias et de la technologie, flexibilit\u00e9, leadership, initiative, productivit\u00e9 et comp\u00e9tences sociales.<\/p>\n                                    <\/div>\n                                <\/div>\n\t\t\t\t\t\t\t\t                            <\/div>\n                        <\/div>\n                    <\/div>\n\t\t\t\t            <\/div>\n\t\t\t<\/div>\n\n\n\n<hr class=\"wp-block-separator has-alpha-channel-opacity\"\/>\n\n\n\n<h2 class=\"wp-block-heading\" id=\"Forderungen-Jack-Ma\">Revendications de Jack Ma<\/h2>\n\n\n\n<p>\u00abTout ce nous enseignons \u00e0 nos enfants doit se diff\u00e9rencier de ce dont des machines sont capables.\u00bb C\u2019est ce que revendique Jack Ma, le CEO chinois d\u2019Alibaba. Selon lui, nous ne pouvons rester sup\u00e9rieurs aux machines qu\u2019avec des valeurs, de la compassion et de la conviction.<\/p>\n\n\n<p><iframe loading=\"lazy\" src=\"https:\/\/www.facebook.com\/plugins\/video.php?height=476&amp;href=https%3A%2F%2Fwww.facebook.com%2Ftagesschau%2Fvideos%2F10156239703019407%2F&amp;show_text=false&amp;width=476\" style=\"border:none;overflow:hidden\" scrolling=\"no\" allowfullscreen=\"true\" allow=\"autoplay; clipboard-write; encrypted-media; picture-in-picture; web-share\" width=\"476\" height=\"476\" frameborder=\"0\"><\/iframe><\/p>\n","protected":false},"excerpt":{"rendered":"<p>\u00abSelon une \u00e9tude du Forum \u00e9conomique mondial, la cr\u00e9ativit\u00e9 devient l\u2019aptitude du futur \u2013 \u00e9galement comme r\u00e9ponse \u00e0 l\u2019intelligence artificielle. Il est grand temps de l\u2019enseigner \u00e0 nos enfants.\u00bb Dennis L\u00fcck, chief creative officer, 2018 \u00abLes jeunes enfants (&#8230;) sont cr\u00e9atifs, capables de r\u00e9soudre des probl\u00e8mes, enthousiastes, sociaux, coop\u00e9ratifs et empathiques. Ce qu\u2019il faut, c\u2019est [&hellip;]<\/p>\n","protected":false},"author":5,"featured_media":0,"parent":0,"menu_order":0,"comment_status":"closed","ping_status":"closed","template":"","meta":{"_acf_changed":false,"latitude":"","longitude":"","kurzbeschreibung":"","datum_von":"","footnotes":""},"class_list":["post-9975","page","type-page","status-publish","hentry"],"acf":[],"yoast_head":"<!-- This site is optimized with the Yoast SEO plugin v27.2 - https:\/\/yoast.com\/product\/yoast-seo-wordpress\/ -->\n<title>Comp\u00e9tences d\u2019avenir &#8211; Lapurla<\/title>\n<meta name=\"robots\" content=\"index, follow, max-snippet:-1, max-image-preview:large, max-video-preview:-1\" \/>\n<link rel=\"canonical\" href=\"https:\/\/www.lapurla.ch\/fr\/future-skills\" \/>\n<meta property=\"og:locale\" content=\"fr_FR\" \/>\n<meta property=\"og:type\" content=\"article\" \/>\n<meta property=\"og:title\" content=\"Comp\u00e9tences d\u2019avenir &#8211; Lapurla\" \/>\n<meta property=\"og:description\" content=\"\u00abSelon une \u00e9tude du Forum \u00e9conomique mondial, la cr\u00e9ativit\u00e9 devient l\u2019aptitude du futur \u2013 \u00e9galement comme r\u00e9ponse \u00e0 l\u2019intelligence artificielle. Il est grand temps de l\u2019enseigner \u00e0 nos enfants.\u00bb Dennis L\u00fcck, chief creative officer, 2018 \u00abLes jeunes enfants (&#8230;) sont cr\u00e9atifs, capables de r\u00e9soudre des probl\u00e8mes, enthousiastes, sociaux, coop\u00e9ratifs et empathiques. Ce qu\u2019il faut, c\u2019est [&hellip;]\" \/>\n<meta property=\"og:url\" content=\"https:\/\/www.lapurla.ch\/fr\/future-skills\" \/>\n<meta property=\"og:site_name\" content=\"Lapurla\" \/>\n<meta property=\"article:modified_time\" content=\"2024-07-08T09:19:08+00:00\" \/>\n<meta name=\"twitter:card\" content=\"summary_large_image\" \/>\n<meta name=\"twitter:label1\" content=\"Dur\u00e9e de lecture estim\u00e9e\" \/>\n\t<meta name=\"twitter:data1\" content=\"1 minute\" \/>\n<script type=\"application\/ld+json\" class=\"yoast-schema-graph\">{\"@context\":\"https:\/\/schema.org\",\"@graph\":[{\"@type\":\"WebPage\",\"@id\":\"https:\/\/www.lapurla.ch\/fr\/future-skills\",\"url\":\"https:\/\/www.lapurla.ch\/fr\/future-skills\",\"name\":\"Comp\u00e9tences d\u2019avenir &#8211; Lapurla\",\"isPartOf\":{\"@id\":\"https:\/\/www.lapurla.ch\/#website\"},\"datePublished\":\"2022-07-21T14:33:51+00:00\",\"dateModified\":\"2024-07-08T09:19:08+00:00\",\"breadcrumb\":{\"@id\":\"https:\/\/www.lapurla.ch\/fr\/future-skills#breadcrumb\"},\"inLanguage\":\"fr-FR\",\"potentialAction\":[{\"@type\":\"ReadAction\",\"target\":[\"https:\/\/www.lapurla.ch\/fr\/future-skills\"]}]},{\"@type\":\"BreadcrumbList\",\"@id\":\"https:\/\/www.lapurla.ch\/fr\/future-skills#breadcrumb\",\"itemListElement\":[{\"@type\":\"ListItem\",\"position\":1,\"name\":\"Startseite\",\"item\":\"https:\/\/www.lapurla.ch\/fr\"},{\"@type\":\"ListItem\",\"position\":2,\"name\":\"Comp\u00e9tences d\u2019avenir\"}]},{\"@type\":\"WebSite\",\"@id\":\"https:\/\/www.lapurla.ch\/#website\",\"url\":\"https:\/\/www.lapurla.ch\/\",\"name\":\"Lapurla\",\"description\":\"\",\"publisher\":{\"@id\":\"https:\/\/www.lapurla.ch\/#organization\"},\"potentialAction\":[{\"@type\":\"SearchAction\",\"target\":{\"@type\":\"EntryPoint\",\"urlTemplate\":\"https:\/\/www.lapurla.ch\/?s={search_term_string}\"},\"query-input\":{\"@type\":\"PropertyValueSpecification\",\"valueRequired\":true,\"valueName\":\"search_term_string\"}}],\"inLanguage\":\"fr-FR\"},{\"@type\":\"Organization\",\"@id\":\"https:\/\/www.lapurla.ch\/#organization\",\"name\":\"Lapurla\",\"url\":\"https:\/\/www.lapurla.ch\/\",\"logo\":{\"@type\":\"ImageObject\",\"inLanguage\":\"fr-FR\",\"@id\":\"https:\/\/www.lapurla.ch\/#\/schema\/logo\/image\/\",\"url\":\"https:\/\/www.lapurla.ch\/wp-content\/uploads\/2022\/03\/cropped-favicon.png\",\"contentUrl\":\"https:\/\/www.lapurla.ch\/wp-content\/uploads\/2022\/03\/cropped-favicon.png\",\"width\":512,\"height\":512,\"caption\":\"Lapurla\"},\"image\":{\"@id\":\"https:\/\/www.lapurla.ch\/#\/schema\/logo\/image\/\"}}]}<\/script>\n<!-- \/ Yoast SEO plugin. -->","yoast_head_json":{"title":"Comp\u00e9tences d\u2019avenir &#8211; Lapurla","robots":{"index":"index","follow":"follow","max-snippet":"max-snippet:-1","max-image-preview":"max-image-preview:large","max-video-preview":"max-video-preview:-1"},"canonical":"https:\/\/www.lapurla.ch\/fr\/future-skills","og_locale":"fr_FR","og_type":"article","og_title":"Comp\u00e9tences d\u2019avenir &#8211; Lapurla","og_description":"\u00abSelon une \u00e9tude du Forum \u00e9conomique mondial, la cr\u00e9ativit\u00e9 devient l\u2019aptitude du futur \u2013 \u00e9galement comme r\u00e9ponse \u00e0 l\u2019intelligence artificielle. Il est grand temps de l\u2019enseigner \u00e0 nos enfants.\u00bb Dennis L\u00fcck, chief creative officer, 2018 \u00abLes jeunes enfants (&#8230;) sont cr\u00e9atifs, capables de r\u00e9soudre des probl\u00e8mes, enthousiastes, sociaux, coop\u00e9ratifs et empathiques. Ce qu\u2019il faut, c\u2019est [&hellip;]","og_url":"https:\/\/www.lapurla.ch\/fr\/future-skills","og_site_name":"Lapurla","article_modified_time":"2024-07-08T09:19:08+00:00","twitter_card":"summary_large_image","twitter_misc":{"Dur\u00e9e de lecture estim\u00e9e":"1 minute"},"schema":{"@context":"https:\/\/schema.org","@graph":[{"@type":"WebPage","@id":"https:\/\/www.lapurla.ch\/fr\/future-skills","url":"https:\/\/www.lapurla.ch\/fr\/future-skills","name":"Comp\u00e9tences d\u2019avenir &#8211; Lapurla","isPartOf":{"@id":"https:\/\/www.lapurla.ch\/#website"},"datePublished":"2022-07-21T14:33:51+00:00","dateModified":"2024-07-08T09:19:08+00:00","breadcrumb":{"@id":"https:\/\/www.lapurla.ch\/fr\/future-skills#breadcrumb"},"inLanguage":"fr-FR","potentialAction":[{"@type":"ReadAction","target":["https:\/\/www.lapurla.ch\/fr\/future-skills"]}]},{"@type":"BreadcrumbList","@id":"https:\/\/www.lapurla.ch\/fr\/future-skills#breadcrumb","itemListElement":[{"@type":"ListItem","position":1,"name":"Startseite","item":"https:\/\/www.lapurla.ch\/fr"},{"@type":"ListItem","position":2,"name":"Comp\u00e9tences d\u2019avenir"}]},{"@type":"WebSite","@id":"https:\/\/www.lapurla.ch\/#website","url":"https:\/\/www.lapurla.ch\/","name":"Lapurla","description":"","publisher":{"@id":"https:\/\/www.lapurla.ch\/#organization"},"potentialAction":[{"@type":"SearchAction","target":{"@type":"EntryPoint","urlTemplate":"https:\/\/www.lapurla.ch\/?s={search_term_string}"},"query-input":{"@type":"PropertyValueSpecification","valueRequired":true,"valueName":"search_term_string"}}],"inLanguage":"fr-FR"},{"@type":"Organization","@id":"https:\/\/www.lapurla.ch\/#organization","name":"Lapurla","url":"https:\/\/www.lapurla.ch\/","logo":{"@type":"ImageObject","inLanguage":"fr-FR","@id":"https:\/\/www.lapurla.ch\/#\/schema\/logo\/image\/","url":"https:\/\/www.lapurla.ch\/wp-content\/uploads\/2022\/03\/cropped-favicon.png","contentUrl":"https:\/\/www.lapurla.ch\/wp-content\/uploads\/2022\/03\/cropped-favicon.png","width":512,"height":512,"caption":"Lapurla"},"image":{"@id":"https:\/\/www.lapurla.ch\/#\/schema\/logo\/image\/"}}]}},"_links":{"self":[{"href":"https:\/\/www.lapurla.ch\/fr\/wp-json\/wp\/v2\/pages\/9975","targetHints":{"allow":["GET"]}}],"collection":[{"href":"https:\/\/www.lapurla.ch\/fr\/wp-json\/wp\/v2\/pages"}],"about":[{"href":"https:\/\/www.lapurla.ch\/fr\/wp-json\/wp\/v2\/types\/page"}],"author":[{"embeddable":true,"href":"https:\/\/www.lapurla.ch\/fr\/wp-json\/wp\/v2\/users\/5"}],"replies":[{"embeddable":true,"href":"https:\/\/www.lapurla.ch\/fr\/wp-json\/wp\/v2\/comments?post=9975"}],"version-history":[{"count":5,"href":"https:\/\/www.lapurla.ch\/fr\/wp-json\/wp\/v2\/pages\/9975\/revisions"}],"predecessor-version":[{"id":25098,"href":"https:\/\/www.lapurla.ch\/fr\/wp-json\/wp\/v2\/pages\/9975\/revisions\/25098"}],"wp:attachment":[{"href":"https:\/\/www.lapurla.ch\/fr\/wp-json\/wp\/v2\/media?parent=9975"}],"curies":[{"name":"wp","href":"https:\/\/api.w.org\/{rel}","templated":true}]}}