{"id":31844,"date":"2025-11-19T12:15:08","date_gmt":"2025-11-19T11:15:08","guid":{"rendered":"https:\/\/www.lapurla.ch\/?page_id=31844"},"modified":"2026-03-11T14:08:59","modified_gmt":"2026-03-11T13:08:59","slug":"groupe-regional-argovie-soleure","status":"publish","type":"page","link":"https:\/\/www.lapurla.ch\/fr\/groupe-regional-argovie-soleure","title":{"rendered":"Groupe r\u00e9gional Argovie &amp; Soleure"},"content":{"rendered":"\n<p>La coordination du groupe r\u00e9gional Argovie &amp; Soleure est assur\u00e9e conjointement par Sandra Dietschi, Nathalie Zotter et Jovana Matijevic.<\/p>\n\n\n\n<p><em>\u00ab Nous croyons \u00e0 la force de la perspective des enfants \u2013 notre r\u00e9seau souhaite cr\u00e9er des espaces o\u00f9 les enfants vivent la culture, la fa\u00e7onnent et participent aux d\u00e9cision. <\/em>\u00bb<\/p>\n\n\n\n<div id=\"bildergalerie-block_9af948af7149d9f08b345f9edd6e4168\" class=\"mod-bildergalerie\">\n            <div class=\"col-12\">\n\t\t    \n<div class=\"mod-slider\">\n\t        <div id=\"slider-10eefe53-0514-468a-b9c5-7d45ca6256f9\" class=\"swiper-solo\">\n            <div class=\"swiper-wrapper\">\n\t\t\t\t                    <div class=\"swiper-slide\">\n                        <figure>\n\t\t\t\t\t\t\t<div class=\"a-image \">       <picture class=\"a-image__picture\">       \t<source width=\"1296\" height=\"972\" media=\"(min-width: 1400px)\" srcset=\"https:\/\/www.lapurla.ch\/wp-content\/uploads\/2025\/11\/LaPurlaMG6102-1296x972c.jpg 1x, https:\/\/www.lapurla.ch\/wp-content\/uploads\/2025\/11\/LaPurlaMG6102-2592x1944c.jpg 2x\">           <source width=\"1116\" height=\"837\" media=\"(min-width: 1200px)\" srcset=\"https:\/\/www.lapurla.ch\/wp-content\/uploads\/2025\/11\/LaPurlaMG6102-1116x837c.jpg 1x, https:\/\/www.lapurla.ch\/wp-content\/uploads\/2025\/11\/LaPurlaMG6102-2232x1674c.jpg 2x\">           <source width=\"936\" height=\"702\" media=\"(min-width: 992px)\" srcset=\"https:\/\/www.lapurla.ch\/wp-content\/uploads\/2025\/11\/LaPurlaMG6102-936x702c.jpg  1x, https:\/\/www.lapurla.ch\/wp-content\/uploads\/2025\/11\/LaPurlaMG6102-1872x1404c.jpg 2x\">           <source width=\"696\" height=\"522\" media=\"(min-width: 768px)\" srcset=\"https:\/\/www.lapurla.ch\/wp-content\/uploads\/2025\/11\/LaPurlaMG6102-696x522c.jpg 1x, https:\/\/www.lapurla.ch\/wp-content\/uploads\/2025\/11\/LaPurlaMG6102-1392x1044c.jpg 2x\">           <source width=\"516\" height=\"387\" media=\"(min-width: 576px)\" srcset=\"https:\/\/www.lapurla.ch\/wp-content\/uploads\/2025\/11\/LaPurlaMG6102-516x387c.jpg 1x, https:\/\/www.lapurla.ch\/wp-content\/uploads\/2025\/11\/LaPurlaMG6102-1032x774c.jpg 2x\">           <img loading=\"lazy\" decoding=\"async\" width=\"550\" height=\"413\"           class=\"a-image__image\"           src=\"https:\/\/www.lapurla.ch\/wp-content\/uploads\/2025\/11\/LaPurlaMG6102-550x413c.jpg\" data-srcset=\"https:\/\/www.lapurla.ch\/wp-content\/uploads\/2025\/11\/LaPurlaMG6102-1100x826c.jpg 2x\" alt=\"\"\/>       <\/picture> <\/div>                            <figcaption>\n\t\t\t\t\t\t\t\t                            <\/figcaption>\n                        <\/figure>\n                    <\/div>\n\t\t\t\t            <\/div>\n            <div class=\"container\">\n                <div class=\"row\">\n                    <div class=\"col-12 position-relative\">\n                        <div class=\"pagination\"><\/div>\n                        <div class=\"button-wrapper\">\n                            <button class=\"swiper-button-prev\">\n\t\t\t\t\t\t\t\t<svg class=\"svg-icon icon-arrow-left\" xmlns=\"http:\/\/www.w3.org\/2000\/svg\"><use xmlns:xlink=\"http:\/\/www.w3.org\/1999\/xlink\" xlink:href=\"https:\/\/www.lapurla.ch\/wp-content\/themes\/lapurla\/dist\/icons.svg?f27dc72#arrow-left\"><\/use><\/svg>                                <span class=\"visually-hidden\">Pr\u00e9c\u00e9dent<\/span>\n                            <\/button>\n                            <button class=\"swiper-button-next\">\n\t\t\t\t\t\t\t\t<svg class=\"svg-icon icon-arrow-right\" xmlns=\"http:\/\/www.w3.org\/2000\/svg\"><use xmlns:xlink=\"http:\/\/www.w3.org\/1999\/xlink\" xlink:href=\"https:\/\/www.lapurla.ch\/wp-content\/themes\/lapurla\/dist\/icons.svg?f27dc72#arrow-right\"><\/use><\/svg>                                <span class=\"visually-hidden\">Suivant<\/span>\n                            <\/button>\n                        <\/div>\n                    <\/div>\n                <\/div>\n            <\/div>\n        <\/div>\n\t<\/div>\n        <\/div>\n    <\/div>\n\n\n\n<div id=\"infobox-block_0d904747b11710ec21ae615f35c3fa7f\" class=\"mod-infobox\">\n\t        <div class=\"row\">\n            <div class=\"col-12\">\n                <div class=\"info-container\">\n                    <h2>Portrait<\/h2>\n                    <div class=\"row\">\n                        <div class=\"col-12 col-lg-6\">\n\t\t\t\t\t\t\t<h2>Coordination<\/h2>\n<p>Contact: <a href=\"mailto:regionalgruppesoag@gmail.com\">regionalgruppesoag@gmail.com<\/a><\/p>\n<p>Sandra Dietschi<br \/>\n<span class=\"TextRun SCXW46923773 BCX4\" lang=\"FR-CH\" xml:lang=\"FR-CH\" data-contrast=\"auto\"><span class=\"NormalTextRun SpellingErrorV2Themed SpellingErrorHighlight SCXW46923773 BCX4\">Membre de l&rsquo;association <\/span><\/span><span class=\"EOP SCXW46923773 BCX4\" data-ccp-props=\"{&quot;201341983&quot;:1,&quot;335551550&quot;:1,&quot;335551620&quot;:1,&quot;335559739&quot;:0,&quot;335559740&quot;:240}\">\u00a0<\/span><a href=\"https:\/\/www.kunstspielwelt.ch\"><span class=\"TextRun SCXW250532268 BCX4\" lang=\"FR-CH\" xml:lang=\"FR-CH\" data-contrast=\"auto\"><span class=\"NormalTextRun SCXW250532268 BCX4\">Frida &#8211; <\/span><span class=\"NormalTextRun SpellingErrorV2Themed SpellingErrorHighlight SCXW250532268 BCX4\">Kunstspielwelt<\/span><\/span><span class=\"EOP SCXW250532268 BCX4\" data-ccp-props=\"{&quot;201341983&quot;:1,&quot;335551550&quot;:1,&quot;335551620&quot;:1,&quot;335559739&quot;:0,&quot;335559740&quot;:240}\">\u00a0<\/span><\/a><\/p>\n<p><a href=\"mailto:dietschisandra@gmail.com\">dietschisandra@gmail.com<\/a><\/p>\n<p>Nathalie Zotter<br \/>\n<span class=\"TextRun SCXW119928576 BCX4\" lang=\"FR-CH\" xml:lang=\"FR-CH\" data-contrast=\"auto\"><span class=\"NormalTextRun SpellingErrorV2Themed SpellingErrorHighlight SCXW119928576 BCX4\">Direction g\u00e9n\u00e9rale<\/span><\/span><a href=\"https:\/\/www.lorenzen.ch\"><span class=\"EOP SCXW119928576 BCX4\" data-ccp-props=\"{&quot;201341983&quot;:1,&quot;335551550&quot;:1,&quot;335551620&quot;:1,&quot;335559739&quot;:0,&quot;335559740&quot;:240}\">\u00a0<span class=\"TextRun SCXW134568599 BCX4\" lang=\"DE-CH\" xml:lang=\"DE-CH\" data-contrast=\"auto\"><span class=\"NormalTextRun SCXW134568599 BCX4\">Kindertagesst\u00e4tte Lorenzen<\/span><\/span><\/span><\/a><\/p>\n<p><a href=\"mailto:n.zotter@bluewin.ch\">n.zotter@bluewin.ch<\/a><\/p>\n<p>Jovana Matijevic<br \/>\n<span class=\"TextRun SCXW119928576 BCX4\" lang=\"FR-CH\" xml:lang=\"FR-CH\" data-contrast=\"auto\"><span class=\"NormalTextRun SpellingErrorV2Themed SpellingErrorHighlight SCXW119928576 BCX4\">Directrice de cr\u00e8che<\/span><\/span><a href=\"https:\/\/www.lorenzen.ch\"><span class=\"EOP SCXW119928576 BCX4\" data-ccp-props=\"{&quot;201341983&quot;:1,&quot;335551550&quot;:1,&quot;335551620&quot;:1,&quot;335559739&quot;:0,&quot;335559740&quot;:240}\">\u00a0<span class=\"TextRun SCXW134568599 BCX4\" lang=\"DE-CH\" xml:lang=\"DE-CH\" data-contrast=\"auto\"><span class=\"NormalTextRun SCXW134568599 BCX4\">Kindertagesst\u00e4tte Lorenzen<\/span><\/span><\/span><\/a><\/p>\n<p><a href=\"mailto:jovana.matijevic@lorenzen.ch\">jovana.matijevic@outlook.com<\/a><\/p>\n<h2>Focus<\/h2>\n<p>Pour la phase de lancement, le focus est avant tout mis sur la construction d\u2019un r\u00e9seau solide et porteur. Nous sommes activement \u00e0 la recherche de nouveaux membres du r\u00e9seau.<\/p>\n<p><b>\u2022 Mise en r\u00e9seau des professionnel\u00b7le\u00b7s et des personnes int\u00e9ress\u00e9es<br data-start=\"161\" data-end=\"164\" \/>\u2022 Promotion des \u00e9changes<br data-start=\"188\" data-end=\"191\" \/>\u2022 Visibilit\u00e9 de la diversit\u00e9 de Lapurla<\/b><\/p>\n<h2>Membres<\/h2>\n<div class=\"page\" title=\"Page 2\">\n<div class=\"section\">\n<div class=\"layoutArea\">\n<div class=\"column\">\n<ul>\n<li>Sandra Dietschi<\/li>\n<li>Nathalie Zotter<\/li>\n<li>Jovana Matijevic<\/li>\n<\/ul>\n<h2>Social Media<\/h2>\n<p><a href=\"https:\/\/www.instagram.com\/regionalgruppe.lapurla.so_ag\/\">Instagram<\/a><\/p>\n<\/div>\n<\/div>\n<\/div>\n<\/div>\n                        <\/div>\n                        <div class=\"col-12 col-lg-6\">\n\t\t\t\t\t\t\t<h2>Rencontres<\/h2>\n<div class=\"page\" title=\"Page 2\">\n<div class=\"section\">\n<div class=\"layoutArea\">\n<div class=\"column\">\n<p>Jeudi, 19.03.2026 | 16:00 \u2013 18:00<\/p>\n<p><a href=\"https:\/\/atelieruferbau.ch\/info\">Atelier Uferbau<\/a><\/p>\n<p>Jeudi, 11.12.2025 | 9:00 \u2013 12:00<br \/>\n<a href=\"https:\/\/www.kunstspielwelt.ch\">Kunstspielwelt Frida\u00a0<\/a><\/p>\n<div class=\"page\" title=\"Page 2\">\n<div class=\"layoutArea\">\n<div class=\"column\">\n<div class=\"page\" title=\"Page 1\">\n<div class=\"layoutArea\">\n<div class=\"column\">\n<p>&nbsp;<\/p>\n<\/div>\n<\/div>\n<\/div>\n<\/div>\n<\/div>\n<\/div>\n<\/div>\n<\/div>\n<\/div>\n<\/div>\n                        <\/div>\n                    <\/div>\n                <\/div>\n            <\/div>\n        <\/div>\n\t<\/div>\n","protected":false},"excerpt":{"rendered":"<p>La coordination du groupe r\u00e9gional Argovie &amp; Soleure est assur\u00e9e conjointement par Sandra Dietschi, Nathalie Zotter et Jovana Matijevic. \u00ab Nous croyons \u00e0 la force de la perspective des enfants \u2013 notre r\u00e9seau souhaite cr\u00e9er des espaces o\u00f9 les enfants vivent la culture, la fa\u00e7onnent et participent aux d\u00e9cision. \u00bb<\/p>\n","protected":false},"author":5,"featured_media":0,"parent":0,"menu_order":0,"comment_status":"closed","ping_status":"closed","template":"","meta":{"_acf_changed":false,"latitude":"","longitude":"","kurzbeschreibung":"","datum_von":"","footnotes":""},"class_list":["post-31844","page","type-page","status-publish","hentry"],"acf":[],"yoast_head":"<!-- This site is optimized with the Yoast SEO plugin v27.2 - https:\/\/yoast.com\/product\/yoast-seo-wordpress\/ -->\n<title>Groupe r\u00e9gional Argovie &amp; Soleure &#8211; Lapurla<\/title>\n<meta name=\"description\" content=\"Groupe r\u00e9gional Argovie &amp; Soleure\" \/>\n<meta name=\"robots\" content=\"index, follow, max-snippet:-1, max-image-preview:large, max-video-preview:-1\" \/>\n<link rel=\"canonical\" href=\"https:\/\/www.lapurla.ch\/fr\/groupe-regional-argovie-soleure\" \/>\n<meta property=\"og:locale\" content=\"fr_FR\" \/>\n<meta property=\"og:type\" content=\"article\" \/>\n<meta property=\"og:title\" content=\"Groupe r\u00e9gional Argovie &amp; Soleure &#8211; Lapurla\" \/>\n<meta property=\"og:description\" content=\"Groupe r\u00e9gional Argovie &amp; Soleure\" \/>\n<meta property=\"og:url\" content=\"https:\/\/www.lapurla.ch\/fr\/groupe-regional-argovie-soleure\" \/>\n<meta property=\"og:site_name\" content=\"Lapurla\" \/>\n<meta property=\"article:modified_time\" content=\"2026-03-11T13:08:59+00:00\" \/>\n<meta name=\"twitter:card\" content=\"summary_large_image\" \/>\n<meta name=\"twitter:label1\" content=\"Dur\u00e9e de lecture estim\u00e9e\" \/>\n\t<meta name=\"twitter:data1\" content=\"1 minute\" \/>\n<script type=\"application\/ld+json\" class=\"yoast-schema-graph\">{\"@context\":\"https:\/\/schema.org\",\"@graph\":[{\"@type\":\"WebPage\",\"@id\":\"https:\/\/www.lapurla.ch\/fr\/groupe-regional-argovie-soleure\",\"url\":\"https:\/\/www.lapurla.ch\/fr\/groupe-regional-argovie-soleure\",\"name\":\"Groupe r\u00e9gional Argovie &amp; Soleure &#8211; Lapurla\",\"isPartOf\":{\"@id\":\"https:\/\/www.lapurla.ch\/#website\"},\"datePublished\":\"2025-11-19T11:15:08+00:00\",\"dateModified\":\"2026-03-11T13:08:59+00:00\",\"description\":\"Groupe r\u00e9gional Argovie & Soleure\",\"breadcrumb\":{\"@id\":\"https:\/\/www.lapurla.ch\/fr\/groupe-regional-argovie-soleure#breadcrumb\"},\"inLanguage\":\"fr-FR\",\"potentialAction\":[{\"@type\":\"ReadAction\",\"target\":[\"https:\/\/www.lapurla.ch\/fr\/groupe-regional-argovie-soleure\"]}]},{\"@type\":\"BreadcrumbList\",\"@id\":\"https:\/\/www.lapurla.ch\/fr\/groupe-regional-argovie-soleure#breadcrumb\",\"itemListElement\":[{\"@type\":\"ListItem\",\"position\":1,\"name\":\"Startseite\",\"item\":\"https:\/\/www.lapurla.ch\/fr\"},{\"@type\":\"ListItem\",\"position\":2,\"name\":\"Groupe r\u00e9gional Argovie &amp; Soleure\"}]},{\"@type\":\"WebSite\",\"@id\":\"https:\/\/www.lapurla.ch\/#website\",\"url\":\"https:\/\/www.lapurla.ch\/\",\"name\":\"Lapurla\",\"description\":\"\",\"publisher\":{\"@id\":\"https:\/\/www.lapurla.ch\/#organization\"},\"potentialAction\":[{\"@type\":\"SearchAction\",\"target\":{\"@type\":\"EntryPoint\",\"urlTemplate\":\"https:\/\/www.lapurla.ch\/?s={search_term_string}\"},\"query-input\":{\"@type\":\"PropertyValueSpecification\",\"valueRequired\":true,\"valueName\":\"search_term_string\"}}],\"inLanguage\":\"fr-FR\"},{\"@type\":\"Organization\",\"@id\":\"https:\/\/www.lapurla.ch\/#organization\",\"name\":\"Lapurla\",\"url\":\"https:\/\/www.lapurla.ch\/\",\"logo\":{\"@type\":\"ImageObject\",\"inLanguage\":\"fr-FR\",\"@id\":\"https:\/\/www.lapurla.ch\/#\/schema\/logo\/image\/\",\"url\":\"https:\/\/www.lapurla.ch\/wp-content\/uploads\/2022\/03\/cropped-favicon.png\",\"contentUrl\":\"https:\/\/www.lapurla.ch\/wp-content\/uploads\/2022\/03\/cropped-favicon.png\",\"width\":512,\"height\":512,\"caption\":\"Lapurla\"},\"image\":{\"@id\":\"https:\/\/www.lapurla.ch\/#\/schema\/logo\/image\/\"}}]}<\/script>\n<!-- \/ Yoast SEO plugin. -->","yoast_head_json":{"title":"Groupe r\u00e9gional Argovie &amp; Soleure &#8211; Lapurla","description":"Groupe r\u00e9gional Argovie & Soleure","robots":{"index":"index","follow":"follow","max-snippet":"max-snippet:-1","max-image-preview":"max-image-preview:large","max-video-preview":"max-video-preview:-1"},"canonical":"https:\/\/www.lapurla.ch\/fr\/groupe-regional-argovie-soleure","og_locale":"fr_FR","og_type":"article","og_title":"Groupe r\u00e9gional Argovie &amp; Soleure &#8211; Lapurla","og_description":"Groupe r\u00e9gional Argovie & Soleure","og_url":"https:\/\/www.lapurla.ch\/fr\/groupe-regional-argovie-soleure","og_site_name":"Lapurla","article_modified_time":"2026-03-11T13:08:59+00:00","twitter_card":"summary_large_image","twitter_misc":{"Dur\u00e9e de lecture estim\u00e9e":"1 minute"},"schema":{"@context":"https:\/\/schema.org","@graph":[{"@type":"WebPage","@id":"https:\/\/www.lapurla.ch\/fr\/groupe-regional-argovie-soleure","url":"https:\/\/www.lapurla.ch\/fr\/groupe-regional-argovie-soleure","name":"Groupe r\u00e9gional Argovie &amp; Soleure &#8211; Lapurla","isPartOf":{"@id":"https:\/\/www.lapurla.ch\/#website"},"datePublished":"2025-11-19T11:15:08+00:00","dateModified":"2026-03-11T13:08:59+00:00","description":"Groupe r\u00e9gional Argovie & Soleure","breadcrumb":{"@id":"https:\/\/www.lapurla.ch\/fr\/groupe-regional-argovie-soleure#breadcrumb"},"inLanguage":"fr-FR","potentialAction":[{"@type":"ReadAction","target":["https:\/\/www.lapurla.ch\/fr\/groupe-regional-argovie-soleure"]}]},{"@type":"BreadcrumbList","@id":"https:\/\/www.lapurla.ch\/fr\/groupe-regional-argovie-soleure#breadcrumb","itemListElement":[{"@type":"ListItem","position":1,"name":"Startseite","item":"https:\/\/www.lapurla.ch\/fr"},{"@type":"ListItem","position":2,"name":"Groupe r\u00e9gional Argovie &amp; Soleure"}]},{"@type":"WebSite","@id":"https:\/\/www.lapurla.ch\/#website","url":"https:\/\/www.lapurla.ch\/","name":"Lapurla","description":"","publisher":{"@id":"https:\/\/www.lapurla.ch\/#organization"},"potentialAction":[{"@type":"SearchAction","target":{"@type":"EntryPoint","urlTemplate":"https:\/\/www.lapurla.ch\/?s={search_term_string}"},"query-input":{"@type":"PropertyValueSpecification","valueRequired":true,"valueName":"search_term_string"}}],"inLanguage":"fr-FR"},{"@type":"Organization","@id":"https:\/\/www.lapurla.ch\/#organization","name":"Lapurla","url":"https:\/\/www.lapurla.ch\/","logo":{"@type":"ImageObject","inLanguage":"fr-FR","@id":"https:\/\/www.lapurla.ch\/#\/schema\/logo\/image\/","url":"https:\/\/www.lapurla.ch\/wp-content\/uploads\/2022\/03\/cropped-favicon.png","contentUrl":"https:\/\/www.lapurla.ch\/wp-content\/uploads\/2022\/03\/cropped-favicon.png","width":512,"height":512,"caption":"Lapurla"},"image":{"@id":"https:\/\/www.lapurla.ch\/#\/schema\/logo\/image\/"}}]}},"_links":{"self":[{"href":"https:\/\/www.lapurla.ch\/fr\/wp-json\/wp\/v2\/pages\/31844","targetHints":{"allow":["GET"]}}],"collection":[{"href":"https:\/\/www.lapurla.ch\/fr\/wp-json\/wp\/v2\/pages"}],"about":[{"href":"https:\/\/www.lapurla.ch\/fr\/wp-json\/wp\/v2\/types\/page"}],"author":[{"embeddable":true,"href":"https:\/\/www.lapurla.ch\/fr\/wp-json\/wp\/v2\/users\/5"}],"replies":[{"embeddable":true,"href":"https:\/\/www.lapurla.ch\/fr\/wp-json\/wp\/v2\/comments?post=31844"}],"version-history":[{"count":14,"href":"https:\/\/www.lapurla.ch\/fr\/wp-json\/wp\/v2\/pages\/31844\/revisions"}],"predecessor-version":[{"id":34461,"href":"https:\/\/www.lapurla.ch\/fr\/wp-json\/wp\/v2\/pages\/31844\/revisions\/34461"}],"wp:attachment":[{"href":"https:\/\/www.lapurla.ch\/fr\/wp-json\/wp\/v2\/media?parent=31844"}],"curies":[{"name":"wp","href":"https:\/\/api.w.org\/{rel}","templated":true}]}}