{"id":30478,"date":"2025-09-16T15:37:26","date_gmt":"2025-09-16T13:37:26","guid":{"rendered":"https:\/\/www.lapurla.ch\/networkingtools"},"modified":"2026-03-24T15:22:29","modified_gmt":"2026-03-24T14:22:29","slug":"networkingtools","status":"publish","type":"page","link":"https:\/\/www.lapurla.ch\/fr\/networkingtools","title":{"rendered":"Outils de r\u00e9seautage"},"content":{"rendered":"\n<div id=\"lead-text-block_69c31e97e088714ba123cfde587e9f4e\" class=\"mod-lead-text\">\n\t        <div class=\"row\">\n            <div class=\"col-12\">\n\t\t\t\t                <div class=\"lead-text\">\n\t\t\t\t\t<p>En tant que membre du r\u00e9seau Lapurla, nous te proposons des outils destin\u00e9s \u00e0 faciliter ton travail dans le cadre de Lapurla. Gagne en visibilit\u00e9 et rends les informations facilement accessibles aux parents, aux membres de l&rsquo;\u00e9quipe et \u00e0 tes alli\u00e9s.<\/p>\n                <\/div>\n            <\/div>\n        <\/div>\n\t<\/div>\n\n\n<hr class=\"wp-block-separator has-alpha-channel-opacity\"\/>\n\n\n\n<div id=\"testimonial-block_b031ad5e615203924c774a0d1b447c8c\" class=\"mod-text-bild \">\n\t\t\t            <div class=\"row flex-row-reverse\">\n                <div class=\"image col-12 col-lg-6\">\n\t\t\t\t\t                        <figure>\n\t\t\t\t\t\t\t<div class=\"a-image js-a-image \"><picture class=\"a-image__picture js-a-image__picture\">           <source width=\"636\" height=\"358\"  media=\"(min-width: 1400px)\" data-srcset=\"https:\/\/www.lapurla.ch\/wp-content\/uploads\/2025\/05\/LapurlaIconsNetzwerkWebFR-scaled-636x0.png 1x, https:\/\/www.lapurla.ch\/wp-content\/uploads\/2025\/05\/LapurlaIconsNetzwerkWebFR-scaled-1272x0.png 2x\">           <source width=\"636\" height=\"358\" media=\"(min-width: 1200px)\" data-srcset=\"https:\/\/www.lapurla.ch\/wp-content\/uploads\/2025\/05\/LapurlaIconsNetzwerkWebFR-scaled-636x0.png 1x, https:\/\/www.lapurla.ch\/wp-content\/uploads\/2025\/05\/LapurlaIconsNetzwerkWebFR-scaled-1272x0.png 2x\">           <source width=\"636\" height=\"358\" media=\"(min-width: 992px)\" data-srcset=\"https:\/\/www.lapurla.ch\/wp-content\/uploads\/2025\/05\/LapurlaIconsNetzwerkWebFR-scaled-636x0.png  1x, https:\/\/www.lapurla.ch\/wp-content\/uploads\/2025\/05\/LapurlaIconsNetzwerkWebFR-scaled-1272x0.png 2x\">           <source width=\"636\" height=\"358\" media=\"(min-width: 768px)\" data-srcset=\"https:\/\/www.lapurla.ch\/wp-content\/uploads\/2025\/05\/LapurlaIconsNetzwerkWebFR-scaled-636x0.png 1x, https:\/\/www.lapurla.ch\/wp-content\/uploads\/2025\/05\/LapurlaIconsNetzwerkWebFR-scaled-1272x0.png 2x\">           <source width=\"375\" height=\"211\" media=\"(min-width: 576px)\" data-srcset=\"https:\/\/www.lapurla.ch\/wp-content\/uploads\/2025\/05\/LapurlaIconsNetzwerkWebFR-scaled-375x0.png 1x, https:\/\/www.lapurla.ch\/wp-content\/uploads\/2025\/05\/LapurlaIconsNetzwerkWebFR-scaled-750x0.png 2x\">           <img loading=\"lazy\" decoding=\"async\" width=\"375\" height=\"211\"           class=\"a-image__image js-a-image__image lazyload\" src=\"data:image\/gif;base64,R0lGODlhAQABAAAAACH5BAEKAAEALAAAAAABAAEAAAICTAEAOw==\"           data-src=\"https:\/\/www.lapurla.ch\/wp-content\/uploads\/2025\/05\/LapurlaIconsNetzwerkWebFR-scaled-375x0.png\" data-srcset=\"https:\/\/www.lapurla.ch\/wp-content\/uploads\/2025\/05\/LapurlaIconsNetzwerkWebFR-scaled-750x0.png 2x\" alt=\"\"\/>      <\/picture><\/div>                            <figcaption><\/figcaption>\n                        <\/figure>\n\t\t\t\t\t                <\/div>\n                <div class=\"text col-12 col-lg-6\">\n\t\t\t\t\t<h3><strong>Bouton pour les membres du r\u00e9seau<\/strong><\/h3>\n<p>Ce bouton peut \u00eatre utilis\u00e9 pour tes propres cartes de visite\/flyers\/pages web\/newsletters, etc. La condition est que tu sois inscrit <a href=\"https:\/\/www.lapurla.ch\/fr\/netzwerk\">ici<\/a> en tant qu&rsquo;individu ou organisation.<\/p>\n<p>Bouton Personne individuelle <a href=\"https:\/\/www.lapurla.ch\/wp-content\/uploads\/2025\/05\/LapurlaIconTeil-des-NetzwerksEinzelpersonFR.png\">PNG<\/a> | <a href=\"https:\/\/www.lapurla.ch\/wp-content\/uploads\/2025\/05\/LapurlaIconTeil-des-NetzwerksEinzelpersonFR.jpg\">JPG<\/a> | <a href=\"https:\/\/www.lapurla.ch\/wp-content\/uploads\/2025\/05\/LapurlaIconTeil-des-NetzwerksEinzelpersonFR.pdf\">PDF<\/a><\/p>\n<p>Bouton Organisations <a href=\"https:\/\/www.lapurla.ch\/wp-content\/uploads\/2025\/05\/LapurlaIconTeil-des-NetzwerksOrganisationFR.png\">PNG<\/a> | <a href=\"https:\/\/www.lapurla.ch\/wp-content\/uploads\/2025\/05\/LapurlaIconTeil-des-NetzwerksOrganisationFR.jpg\">JPG<\/a> | <a href=\"https:\/\/www.lapurla.ch\/wp-content\/uploads\/2025\/05\/LapurlaIconTeil-des-NetzwerksOrganisationFR.pdf\">PDF<\/a><\/p>\n                <\/div>\n            <\/div>\n\t\t\t\n<\/div>\n\n\n\n<div id=\"testimonial-block_b5dd2aee82577ae79f3438dc60df09f8\" class=\"mod-text-bild \">\n\t\n<\/div>\n\n\n\n<hr class=\"wp-block-separator has-alpha-channel-opacity\"\/>\n\n\n\n<div id=\"testimonial-block_55c2470166e640ec4ffce5fdd6acf9f1\" class=\"mod-text-bild \">\n\t\t\t            <div class=\"row flex-row-reverse\">\n                <div class=\"image col-12 col-lg-6\">\n\t\t\t\t\t                        <figure>\n\t\t\t\t\t\t\t<div class=\"a-image js-a-image \"><picture class=\"a-image__picture js-a-image__picture\">           <source width=\"636\" height=\"358\"  media=\"(min-width: 1400px)\" data-srcset=\"https:\/\/www.lapurla.ch\/wp-content\/uploads\/2025\/05\/LapurlaIconsFlyerFR-scaled-636x0.png 1x, https:\/\/www.lapurla.ch\/wp-content\/uploads\/2025\/05\/LapurlaIconsFlyerFR-scaled-1272x0.png 2x\">           <source width=\"636\" height=\"358\" media=\"(min-width: 1200px)\" data-srcset=\"https:\/\/www.lapurla.ch\/wp-content\/uploads\/2025\/05\/LapurlaIconsFlyerFR-scaled-636x0.png 1x, https:\/\/www.lapurla.ch\/wp-content\/uploads\/2025\/05\/LapurlaIconsFlyerFR-scaled-1272x0.png 2x\">           <source width=\"636\" height=\"358\" media=\"(min-width: 992px)\" data-srcset=\"https:\/\/www.lapurla.ch\/wp-content\/uploads\/2025\/05\/LapurlaIconsFlyerFR-scaled-636x0.png  1x, https:\/\/www.lapurla.ch\/wp-content\/uploads\/2025\/05\/LapurlaIconsFlyerFR-scaled-1272x0.png 2x\">           <source width=\"636\" height=\"358\" media=\"(min-width: 768px)\" data-srcset=\"https:\/\/www.lapurla.ch\/wp-content\/uploads\/2025\/05\/LapurlaIconsFlyerFR-scaled-636x0.png 1x, https:\/\/www.lapurla.ch\/wp-content\/uploads\/2025\/05\/LapurlaIconsFlyerFR-scaled-1272x0.png 2x\">           <source width=\"375\" height=\"211\" media=\"(min-width: 576px)\" data-srcset=\"https:\/\/www.lapurla.ch\/wp-content\/uploads\/2025\/05\/LapurlaIconsFlyerFR-scaled-375x0.png 1x, https:\/\/www.lapurla.ch\/wp-content\/uploads\/2025\/05\/LapurlaIconsFlyerFR-scaled-750x0.png 2x\">           <img loading=\"lazy\" decoding=\"async\" width=\"375\" height=\"211\"           class=\"a-image__image js-a-image__image lazyload\" src=\"data:image\/gif;base64,R0lGODlhAQABAAAAACH5BAEKAAEALAAAAAABAAEAAAICTAEAOw==\"           data-src=\"https:\/\/www.lapurla.ch\/wp-content\/uploads\/2025\/05\/LapurlaIconsFlyerFR-scaled-375x0.png\" data-srcset=\"https:\/\/www.lapurla.ch\/wp-content\/uploads\/2025\/05\/LapurlaIconsFlyerFR-scaled-750x0.png 2x\" alt=\"\"\/>      <\/picture><\/div>                            <figcaption><\/figcaption>\n                        <\/figure>\n\t\t\t\t\t                <\/div>\n                <div class=\"text col-12 col-lg-6\">\n\t\t\t\t\t<h3><strong>D\u00e9pliant d&rsquo;information Lapurla<\/strong><\/h3>\n<p>Tu veux faire conna\u00eetre ton engagement pour les causes de Lapurla en tant que membre du r\u00e9seau ? N&rsquo;h\u00e9site pas \u00e0 utiliser nos flyers et \u00e0 les diffuser dans ta sph\u00e8re d&rsquo;influence.<\/p>\n<p><a href=\"https:\/\/www.lapurla.ch\/wp-content\/uploads\/2025\/05\/LapurlaFlyer2025A5FR.pdf\">Flyer A5 | recto-verso<\/a><\/p>\n<p><a href=\"https:\/\/www.lapurla.ch\/wp-content\/uploads\/2025\/05\/LapurlaFlyerA4doppelseitig2025FR.pdf\">Flyer A5 | recto-verso | double sur A4<\/a><\/p>\n                <\/div>\n            <\/div>\n\t\t\t\n<\/div>\n\n\n\n<hr class=\"wp-block-separator has-alpha-channel-opacity\"\/>\n\n\n\n<div id=\"testimonial-block_81107266f8d5622cc6c888e04ade68ad\" class=\"mod-text-bild \">\n\t\t\t            <div class=\"row flex-row-reverse\">\n                <div class=\"image col-12 col-lg-6\">\n\t\t\t\t\t                        <figure>\n\t\t\t\t\t\t\t<div class=\"a-image js-a-image \"><picture class=\"a-image__picture js-a-image__picture\">           <source width=\"636\" height=\"358\"  media=\"(min-width: 1400px)\" data-srcset=\"https:\/\/www.lapurla.ch\/wp-content\/uploads\/2026\/03\/LapurlaIconsPublikationenFactsheetFR-1-636x0.png 1x, https:\/\/www.lapurla.ch\/wp-content\/uploads\/2026\/03\/LapurlaIconsPublikationenFactsheetFR-1-1272x0.png 2x\">           <source width=\"636\" height=\"358\" media=\"(min-width: 1200px)\" data-srcset=\"https:\/\/www.lapurla.ch\/wp-content\/uploads\/2026\/03\/LapurlaIconsPublikationenFactsheetFR-1-636x0.png 1x, https:\/\/www.lapurla.ch\/wp-content\/uploads\/2026\/03\/LapurlaIconsPublikationenFactsheetFR-1-1272x0.png 2x\">           <source width=\"636\" height=\"358\" media=\"(min-width: 992px)\" data-srcset=\"https:\/\/www.lapurla.ch\/wp-content\/uploads\/2026\/03\/LapurlaIconsPublikationenFactsheetFR-1-636x0.png  1x, https:\/\/www.lapurla.ch\/wp-content\/uploads\/2026\/03\/LapurlaIconsPublikationenFactsheetFR-1-1272x0.png 2x\">           <source width=\"636\" height=\"358\" media=\"(min-width: 768px)\" data-srcset=\"https:\/\/www.lapurla.ch\/wp-content\/uploads\/2026\/03\/LapurlaIconsPublikationenFactsheetFR-1-636x0.png 1x, https:\/\/www.lapurla.ch\/wp-content\/uploads\/2026\/03\/LapurlaIconsPublikationenFactsheetFR-1-1272x0.png 2x\">           <source width=\"375\" height=\"211\" media=\"(min-width: 576px)\" data-srcset=\"https:\/\/www.lapurla.ch\/wp-content\/uploads\/2026\/03\/LapurlaIconsPublikationenFactsheetFR-1-375x0.png 1x, https:\/\/www.lapurla.ch\/wp-content\/uploads\/2026\/03\/LapurlaIconsPublikationenFactsheetFR-1-750x0.png 2x\">           <img loading=\"lazy\" decoding=\"async\" width=\"375\" height=\"211\"           class=\"a-image__image js-a-image__image lazyload\" src=\"data:image\/gif;base64,R0lGODlhAQABAAAAACH5BAEKAAEALAAAAAABAAEAAAICTAEAOw==\"           data-src=\"https:\/\/www.lapurla.ch\/wp-content\/uploads\/2026\/03\/LapurlaIconsPublikationenFactsheetFR-1-375x0.png\" data-srcset=\"https:\/\/www.lapurla.ch\/wp-content\/uploads\/2026\/03\/LapurlaIconsPublikationenFactsheetFR-1-750x0.png 2x\" alt=\"\"\/>      <\/picture><\/div>                            <figcaption><\/figcaption>\n                        <\/figure>\n\t\t\t\t\t                <\/div>\n                <div class=\"text col-12 col-lg-6\">\n\t\t\t\t\t<h3><strong>Factsheet Lapurla<\/strong><\/h3>\n<p>Cette fiche d&rsquo;information de deux pages r\u00e9sume les principaux \u00e9l\u00e9ments concernant les motivations, les objectifs, les impacts et les avantages de Lapurla. Nous te recommandons de joindre cette fiche d&rsquo;information \u00e0 tes candidatures, demandes et demandes de subvention dans le cadre de cet engagement.<\/p>\n<p><a href=\"https:\/\/www.lapurla.ch\/wp-content\/uploads\/2026\/03\/20260303-LapurlaFactsheetFR-1.pdf\">Double page A4 (PDF)<\/a><\/p>\n                <\/div>\n            <\/div>\n\t\t\t\n<\/div>\n\n\n\n<hr class=\"wp-block-separator has-alpha-channel-opacity\"\/>\n\n\n\n<div id=\"testimonial-block_b366a5f5a8b913551e1ecff93ef5497f\" class=\"mod-text-bild \">\n\t\t\t            <div class=\"row flex-row-reverse\">\n                <div class=\"image col-12 col-lg-6\">\n\t\t\t\t\t                        <figure>\n\t\t\t\t\t\t\t<div class=\"a-image js-a-image \"><picture class=\"a-image__picture js-a-image__picture\">           <source width=\"636\" height=\"448\"  media=\"(min-width: 1400px)\" data-srcset=\"https:\/\/www.lapurla.ch\/wp-content\/uploads\/2025\/09\/QR-CodesBroschuerenLapurlaA5FR-1-pdf-636x0.jpg 1x, https:\/\/www.lapurla.ch\/wp-content\/uploads\/2025\/09\/QR-CodesBroschuerenLapurlaA5FR-1-pdf-1272x0.jpg 2x\">           <source width=\"636\" height=\"448\" media=\"(min-width: 1200px)\" data-srcset=\"https:\/\/www.lapurla.ch\/wp-content\/uploads\/2025\/09\/QR-CodesBroschuerenLapurlaA5FR-1-pdf-636x0.jpg 1x, https:\/\/www.lapurla.ch\/wp-content\/uploads\/2025\/09\/QR-CodesBroschuerenLapurlaA5FR-1-pdf-1272x0.jpg 2x\">           <source width=\"636\" height=\"448\" media=\"(min-width: 992px)\" data-srcset=\"https:\/\/www.lapurla.ch\/wp-content\/uploads\/2025\/09\/QR-CodesBroschuerenLapurlaA5FR-1-pdf-636x0.jpg  1x, https:\/\/www.lapurla.ch\/wp-content\/uploads\/2025\/09\/QR-CodesBroschuerenLapurlaA5FR-1-pdf-1272x0.jpg 2x\">           <source width=\"636\" height=\"448\" media=\"(min-width: 768px)\" data-srcset=\"https:\/\/www.lapurla.ch\/wp-content\/uploads\/2025\/09\/QR-CodesBroschuerenLapurlaA5FR-1-pdf-636x0.jpg 1x, https:\/\/www.lapurla.ch\/wp-content\/uploads\/2025\/09\/QR-CodesBroschuerenLapurlaA5FR-1-pdf-1272x0.jpg 2x\">           <source width=\"375\" height=\"264\" media=\"(min-width: 576px)\" data-srcset=\"https:\/\/www.lapurla.ch\/wp-content\/uploads\/2025\/09\/QR-CodesBroschuerenLapurlaA5FR-1-pdf-375x0.jpg 1x, https:\/\/www.lapurla.ch\/wp-content\/uploads\/2025\/09\/QR-CodesBroschuerenLapurlaA5FR-1-pdf-750x0.jpg 2x\">           <img loading=\"lazy\" decoding=\"async\" width=\"375\" height=\"264\"           class=\"a-image__image js-a-image__image lazyload\" src=\"data:image\/gif;base64,R0lGODlhAQABAAAAACH5BAEKAAEALAAAAAABAAEAAAICTAEAOw==\"           data-src=\"https:\/\/www.lapurla.ch\/wp-content\/uploads\/2025\/09\/QR-CodesBroschuerenLapurlaA5FR-1-pdf-375x0.jpg\" data-srcset=\"https:\/\/www.lapurla.ch\/wp-content\/uploads\/2025\/09\/QR-CodesBroschuerenLapurlaA5FR-1-pdf-750x0.jpg 2x\" alt=\"\"\/>      <\/picture><\/div>                            <figcaption><\/figcaption>\n                        <\/figure>\n\t\t\t\t\t                <\/div>\n                <div class=\"text col-12 col-lg-6\">\n\t\t\t\t\t<h3><strong>Flyer avec codes QR renvoyant vers les brochures Lapurla<\/strong><\/h3>\n<p>Tu souhaites permettre aux parents, aux membres de l&rsquo;\u00e9quipe et aux personnes int\u00e9ress\u00e9es d&rsquo;acc\u00e9der directement aux brochures Lapurla \u00e0 l&rsquo;aide d&rsquo;un code QR ? Alors imprime ce flyer, affiche-le bien en vue ou int\u00e8gre-le sous forme de diapositive dans ta pr\u00e9sentation.<\/p>\n<p><a href=\"https:\/\/www.lapurla.ch\/wp-content\/uploads\/2025\/09\/QR-CodesBroschuerenLapurlaA5FR.pdf\">Flyer A5<\/a> (PDF)<\/p>\n<p><a href=\"https:\/\/www.lapurla.ch\/wp-content\/uploads\/2025\/09\/QR-CodesBroschuerenLapurlaA4FR.pdf\">Flyer A4<\/a> (PDF)<\/p>\n                <\/div>\n            <\/div>\n\t\t\t\n<\/div>\n\n\n\n<hr class=\"wp-block-separator has-alpha-channel-opacity\"\/>\n\n\n\n<div id=\"button-block_0c76556085ef2036e242640e5bb34ab4\" class=\"mod-button\">\n\t        <div class=\"block-button\">\n\t\t\t                <a href=\"https:\/\/www.lapurla.ch\/fr\/spendenaufruf\" title=\"\" target=\"\" class=\"block-button__link\">\n\t\t\t\t\tVers les outils de dons                <\/a>\n\t\t\t        <\/div>\n\t<\/div>\n\n\n\n<hr class=\"wp-block-separator has-alpha-channel-opacity\"\/>\n","protected":false},"excerpt":{"rendered":"","protected":false},"author":5,"featured_media":0,"parent":0,"menu_order":0,"comment_status":"closed","ping_status":"closed","template":"","meta":{"_acf_changed":false,"latitude":"","longitude":"","kurzbeschreibung":"","datum_von":"","footnotes":""},"class_list":["post-30478","page","type-page","status-publish","hentry"],"acf":[],"yoast_head":"<!-- This site is optimized with the Yoast SEO plugin v27.2 - https:\/\/yoast.com\/product\/yoast-seo-wordpress\/ -->\n<title>Outils de r\u00e9seautage &#8211; Lapurla<\/title>\n<meta name=\"robots\" content=\"index, follow, max-snippet:-1, max-image-preview:large, max-video-preview:-1\" \/>\n<link rel=\"canonical\" href=\"https:\/\/www.lapurla.ch\/fr\/networkingtools\" \/>\n<meta property=\"og:locale\" content=\"fr_FR\" \/>\n<meta property=\"og:type\" content=\"article\" \/>\n<meta property=\"og:title\" content=\"Outils de r\u00e9seautage &#8211; Lapurla\" \/>\n<meta property=\"og:url\" content=\"https:\/\/www.lapurla.ch\/fr\/networkingtools\" \/>\n<meta property=\"og:site_name\" content=\"Lapurla\" \/>\n<meta property=\"article:modified_time\" content=\"2026-03-24T14:22:29+00:00\" \/>\n<meta name=\"twitter:card\" content=\"summary_large_image\" \/>\n<script type=\"application\/ld+json\" class=\"yoast-schema-graph\">{\"@context\":\"https:\/\/schema.org\",\"@graph\":[{\"@type\":\"WebPage\",\"@id\":\"https:\/\/www.lapurla.ch\/fr\/networkingtools\",\"url\":\"https:\/\/www.lapurla.ch\/fr\/networkingtools\",\"name\":\"Outils de r\u00e9seautage &#8211; Lapurla\",\"isPartOf\":{\"@id\":\"https:\/\/www.lapurla.ch\/#website\"},\"datePublished\":\"2025-09-16T13:37:26+00:00\",\"dateModified\":\"2026-03-24T14:22:29+00:00\",\"breadcrumb\":{\"@id\":\"https:\/\/www.lapurla.ch\/fr\/networkingtools#breadcrumb\"},\"inLanguage\":\"fr-FR\",\"potentialAction\":[{\"@type\":\"ReadAction\",\"target\":[\"https:\/\/www.lapurla.ch\/fr\/networkingtools\"]}]},{\"@type\":\"BreadcrumbList\",\"@id\":\"https:\/\/www.lapurla.ch\/fr\/networkingtools#breadcrumb\",\"itemListElement\":[{\"@type\":\"ListItem\",\"position\":1,\"name\":\"Startseite\",\"item\":\"https:\/\/www.lapurla.ch\/fr\"},{\"@type\":\"ListItem\",\"position\":2,\"name\":\"Outils de r\u00e9seautage\"}]},{\"@type\":\"WebSite\",\"@id\":\"https:\/\/www.lapurla.ch\/#website\",\"url\":\"https:\/\/www.lapurla.ch\/\",\"name\":\"Lapurla\",\"description\":\"\",\"publisher\":{\"@id\":\"https:\/\/www.lapurla.ch\/#organization\"},\"potentialAction\":[{\"@type\":\"SearchAction\",\"target\":{\"@type\":\"EntryPoint\",\"urlTemplate\":\"https:\/\/www.lapurla.ch\/?s={search_term_string}\"},\"query-input\":{\"@type\":\"PropertyValueSpecification\",\"valueRequired\":true,\"valueName\":\"search_term_string\"}}],\"inLanguage\":\"fr-FR\"},{\"@type\":\"Organization\",\"@id\":\"https:\/\/www.lapurla.ch\/#organization\",\"name\":\"Lapurla\",\"url\":\"https:\/\/www.lapurla.ch\/\",\"logo\":{\"@type\":\"ImageObject\",\"inLanguage\":\"fr-FR\",\"@id\":\"https:\/\/www.lapurla.ch\/#\/schema\/logo\/image\/\",\"url\":\"https:\/\/www.lapurla.ch\/wp-content\/uploads\/2022\/03\/cropped-favicon.png\",\"contentUrl\":\"https:\/\/www.lapurla.ch\/wp-content\/uploads\/2022\/03\/cropped-favicon.png\",\"width\":512,\"height\":512,\"caption\":\"Lapurla\"},\"image\":{\"@id\":\"https:\/\/www.lapurla.ch\/#\/schema\/logo\/image\/\"}}]}<\/script>\n<!-- \/ Yoast SEO plugin. -->","yoast_head_json":{"title":"Outils de r\u00e9seautage &#8211; Lapurla","robots":{"index":"index","follow":"follow","max-snippet":"max-snippet:-1","max-image-preview":"max-image-preview:large","max-video-preview":"max-video-preview:-1"},"canonical":"https:\/\/www.lapurla.ch\/fr\/networkingtools","og_locale":"fr_FR","og_type":"article","og_title":"Outils de r\u00e9seautage &#8211; Lapurla","og_url":"https:\/\/www.lapurla.ch\/fr\/networkingtools","og_site_name":"Lapurla","article_modified_time":"2026-03-24T14:22:29+00:00","twitter_card":"summary_large_image","schema":{"@context":"https:\/\/schema.org","@graph":[{"@type":"WebPage","@id":"https:\/\/www.lapurla.ch\/fr\/networkingtools","url":"https:\/\/www.lapurla.ch\/fr\/networkingtools","name":"Outils de r\u00e9seautage &#8211; Lapurla","isPartOf":{"@id":"https:\/\/www.lapurla.ch\/#website"},"datePublished":"2025-09-16T13:37:26+00:00","dateModified":"2026-03-24T14:22:29+00:00","breadcrumb":{"@id":"https:\/\/www.lapurla.ch\/fr\/networkingtools#breadcrumb"},"inLanguage":"fr-FR","potentialAction":[{"@type":"ReadAction","target":["https:\/\/www.lapurla.ch\/fr\/networkingtools"]}]},{"@type":"BreadcrumbList","@id":"https:\/\/www.lapurla.ch\/fr\/networkingtools#breadcrumb","itemListElement":[{"@type":"ListItem","position":1,"name":"Startseite","item":"https:\/\/www.lapurla.ch\/fr"},{"@type":"ListItem","position":2,"name":"Outils de r\u00e9seautage"}]},{"@type":"WebSite","@id":"https:\/\/www.lapurla.ch\/#website","url":"https:\/\/www.lapurla.ch\/","name":"Lapurla","description":"","publisher":{"@id":"https:\/\/www.lapurla.ch\/#organization"},"potentialAction":[{"@type":"SearchAction","target":{"@type":"EntryPoint","urlTemplate":"https:\/\/www.lapurla.ch\/?s={search_term_string}"},"query-input":{"@type":"PropertyValueSpecification","valueRequired":true,"valueName":"search_term_string"}}],"inLanguage":"fr-FR"},{"@type":"Organization","@id":"https:\/\/www.lapurla.ch\/#organization","name":"Lapurla","url":"https:\/\/www.lapurla.ch\/","logo":{"@type":"ImageObject","inLanguage":"fr-FR","@id":"https:\/\/www.lapurla.ch\/#\/schema\/logo\/image\/","url":"https:\/\/www.lapurla.ch\/wp-content\/uploads\/2022\/03\/cropped-favicon.png","contentUrl":"https:\/\/www.lapurla.ch\/wp-content\/uploads\/2022\/03\/cropped-favicon.png","width":512,"height":512,"caption":"Lapurla"},"image":{"@id":"https:\/\/www.lapurla.ch\/#\/schema\/logo\/image\/"}}]}},"_links":{"self":[{"href":"https:\/\/www.lapurla.ch\/fr\/wp-json\/wp\/v2\/pages\/30478","targetHints":{"allow":["GET"]}}],"collection":[{"href":"https:\/\/www.lapurla.ch\/fr\/wp-json\/wp\/v2\/pages"}],"about":[{"href":"https:\/\/www.lapurla.ch\/fr\/wp-json\/wp\/v2\/types\/page"}],"author":[{"embeddable":true,"href":"https:\/\/www.lapurla.ch\/fr\/wp-json\/wp\/v2\/users\/5"}],"replies":[{"embeddable":true,"href":"https:\/\/www.lapurla.ch\/fr\/wp-json\/wp\/v2\/comments?post=30478"}],"version-history":[{"count":13,"href":"https:\/\/www.lapurla.ch\/fr\/wp-json\/wp\/v2\/pages\/30478\/revisions"}],"predecessor-version":[{"id":34572,"href":"https:\/\/www.lapurla.ch\/fr\/wp-json\/wp\/v2\/pages\/30478\/revisions\/34572"}],"wp:attachment":[{"href":"https:\/\/www.lapurla.ch\/fr\/wp-json\/wp\/v2\/media?parent=30478"}],"curies":[{"name":"wp","href":"https:\/\/api.w.org\/{rel}","templated":true}]}}