{"id":22452,"date":"2023-12-14T23:05:27","date_gmt":"2023-12-14T22:05:27","guid":{"rendered":"https:\/\/www.lapurla.ch\/schenkung"},"modified":"2024-06-17T10:26:57","modified_gmt":"2024-06-17T08:26:57","slug":"schenkung","status":"publish","type":"page","link":"https:\/\/www.lapurla.ch\/fr\/schenkung","title":{"rendered":"Donation"},"content":{"rendered":"\n<div id=\"lead-text-block_fbbde8f68e35769eaac8c7434e9ab188\" class=\"mod-lead-text\">\n\t        <div class=\"row\">\n            <div class=\"col-12\">\n\t\t\t\t                <div class=\"lead-text\">\n\t\t\t\t\t<p>Avec son propre patrimoine, on peut non seulement se rendre heureux, mais aussi rendre les autres heureux. Beaucoup utilisent pour cela l&rsquo;h\u00e9ritage, mais une donation est possible \u00e0 tout moment de son vivant.<\/p>\n                <\/div>\n            <\/div>\n        <\/div>\n\t<\/div>\n\n\n<figure class=\"wp-block-image size-full\"><img loading=\"lazy\" decoding=\"async\" width=\"1000\" height=\"563\" src=\"https:\/\/www.lapurla.ch\/wp-content\/uploads\/2023\/12\/LapurlaSchenkung.png\" alt=\"\" class=\"wp-image-21954\" srcset=\"https:\/\/www.lapurla.ch\/wp-content\/uploads\/2023\/12\/LapurlaSchenkung.png 1000w, https:\/\/www.lapurla.ch\/wp-content\/uploads\/2023\/12\/LapurlaSchenkung-300x169.png 300w, https:\/\/www.lapurla.ch\/wp-content\/uploads\/2023\/12\/LapurlaSchenkung-768x432.png 768w\" sizes=\"auto, (max-width: 1000px) 100vw, 1000px\" \/><\/figure>\n\n\n\n<hr class=\"wp-block-separator has-alpha-channel-opacity\"\/>\n\n\n\n<h2 class=\"wp-block-heading\">Qu&rsquo;est-ce qu&rsquo;une donation ?<\/h2>\n\n\n\n<p>Il y a donation lorsqu&rsquo;une personne enrichit une autre personne de son patrimoine sans contrepartie correspondante, c&rsquo;est-\u00e0-dire lorsqu&rsquo;elle fait une donation \u00e0 titre gratuit. La donation est un contrat bilat\u00e9ral et est r\u00e9gie par les articles 239 \u00e0 252 du Code des obligations. Une donation peut porter sur une chose, un droit, des biens immobiliers ou des parts de soci\u00e9t\u00e9. Outre l&rsquo;acte du donateur, l&rsquo;acceptation par le donataire est \u00e9galement n\u00e9cessaire.<\/p>\n\n\n\n<p>Les donations sont divis\u00e9es en dons manuels (\u00e9galement appel\u00e9s dons r\u00e9els) et en promesses de donation. Une donation peut \u00eatre assortie de charges ou de conditions. En raison du caract\u00e8re bilat\u00e9ral du contrat, la donation doit \u00eatre accept\u00e9e par le donataire.<\/p>\n\n\n\n<p>Les donations sont g\u00e9n\u00e9ralement effectu\u00e9es entre vifs. Si une donation ne doit \u00eatre effectu\u00e9e qu&rsquo;au moment du d\u00e9c\u00e8s du donateur, il convient de respecter les dispositions du droit successoral. Vous trouverez <a href=\"https:\/\/www.lapurla.ch\/fr\/testament\">plus d&rsquo;informations ici<\/a>.<\/p>\n\n\n\n<hr class=\"wp-block-separator has-alpha-channel-opacity\"\/>\n\n\n\n<h2 class=\"wp-block-heading\">Promesse de donation<\/h2>\n\n\n\n<p>La promesse de donation est un contrat entre le donateur et le donataire et doit \u00eatre faite par \u00e9crit. Si des biens immobiliers ou des droits r\u00e9els sur de tels biens font l&rsquo;objet de la donation, l&rsquo;acte authentique est n\u00e9cessaire pour sa validit\u00e9.<\/p>\n\n\n\n<p>Vous trouverez ici un <a href=\"https:\/\/www.lapurla.ch\/wp-content\/uploads\/2023\/12\/LapurlaSchenkungsvertragMusterDE.pdf\" target=\"_blank\" rel=\"noreferrer noopener\">mod\u00e8le de contrat<\/a> de promesse de donation avec Lapurla. Prenez <a href=\"mailto:karin.kraus@hkb.bfh.ch\" target=\"_blank\" rel=\"noreferrer noopener\">contact<\/a> avec nous et nous pourrons vous faire parvenir ce mod\u00e8le.<\/p>\n\n\n\n<p>Vous pouvez \u00e9galement r\u00e9diger votre propre contrat, vous trouverez plus d&rsquo;informations ici :<\/p>\n\n\n\n<div id=\"button-block_48f48203757a8869ccc5de73935e42dc\" class=\"mod-button\">\n\t        <div class=\"block-button\">\n\t\t\t                <a href=\"https:\/\/www.cap.ch\/fr\/clients-prives\/modeles-de-contrats\/donation.html\" title=\"\" target=\"_blank\" class=\"block-button__link\">\n\t\t\t\t\tAide au contrat                <\/a>\n\t\t\t        <\/div>\n\t<\/div>\n\n\n\n<hr class=\"wp-block-separator has-alpha-channel-opacity\"\/>\n\n\n\n<h2 class=\"wp-block-heading\">Imp\u00f4ts<\/h2>\n\n\n\n<p>L&rsquo;imp\u00f4t sur les donations est r\u00e9glement\u00e9 au niveau cantonal. Presque tous les cantons pr\u00e9l\u00e8vent en principe des imp\u00f4ts sur les donations (\u00e0 l&rsquo;exception des cantons de Lucerne, Schwyz et Obwald). Chaque canton d\u00e9termine ses propres taux et les montants exon\u00e9r\u00e9s. L&rsquo;imp\u00f4t sur les donations est pr\u00e9lev\u00e9 dans le canton du donateur.<\/p>\n\n\n\n<hr class=\"wp-block-separator has-alpha-channel-opacity\"\/>\n\n\n\n<h2 class=\"wp-block-heading\">Vous avez des questions ou une demande ?<\/h2>\n\n\n\n<div id=\"testimonial-block_e35e63177f1dfb0ec9477016a3af532d\" class=\"mod-text-bild \">\n\t\t\t            <div class=\"row \">\n                <div class=\"image col-12 col-lg-6\">\n\t\t\t\t\t                        <figure>\n\t\t\t\t\t\t\t<div class=\"a-image js-a-image \"><picture class=\"a-image__picture js-a-image__picture\">           <source width=\"636\" height=\"439\"  media=\"(min-width: 1400px)\" data-srcset=\"https:\/\/www.lapurla.ch\/wp-content\/uploads\/2023\/01\/lapurlawebportraitkarinkraus230116-636x0.jpeg 1x, https:\/\/www.lapurla.ch\/wp-content\/uploads\/2023\/01\/lapurlawebportraitkarinkraus230116-1272x0.jpeg 2x\">           <source width=\"636\" height=\"439\" media=\"(min-width: 1200px)\" data-srcset=\"https:\/\/www.lapurla.ch\/wp-content\/uploads\/2023\/01\/lapurlawebportraitkarinkraus230116-636x0.jpeg 1x, https:\/\/www.lapurla.ch\/wp-content\/uploads\/2023\/01\/lapurlawebportraitkarinkraus230116-1272x0.jpeg 2x\">           <source width=\"636\" height=\"439\" media=\"(min-width: 992px)\" data-srcset=\"https:\/\/www.lapurla.ch\/wp-content\/uploads\/2023\/01\/lapurlawebportraitkarinkraus230116-636x0.jpeg  1x, https:\/\/www.lapurla.ch\/wp-content\/uploads\/2023\/01\/lapurlawebportraitkarinkraus230116-1272x0.jpeg 2x\">           <source width=\"636\" height=\"439\" media=\"(min-width: 768px)\" data-srcset=\"https:\/\/www.lapurla.ch\/wp-content\/uploads\/2023\/01\/lapurlawebportraitkarinkraus230116-636x0.jpeg 1x, https:\/\/www.lapurla.ch\/wp-content\/uploads\/2023\/01\/lapurlawebportraitkarinkraus230116-1272x0.jpeg 2x\">           <source width=\"375\" height=\"259\" media=\"(min-width: 576px)\" data-srcset=\"https:\/\/www.lapurla.ch\/wp-content\/uploads\/2023\/01\/lapurlawebportraitkarinkraus230116-375x0.jpeg 1x, https:\/\/www.lapurla.ch\/wp-content\/uploads\/2023\/01\/lapurlawebportraitkarinkraus230116-750x0.jpeg 2x\">           <img loading=\"lazy\" decoding=\"async\" width=\"375\" height=\"259\"           class=\"a-image__image js-a-image__image lazyload\" src=\"data:image\/gif;base64,R0lGODlhAQABAAAAACH5BAEKAAEALAAAAAABAAEAAAICTAEAOw==\"           data-src=\"https:\/\/www.lapurla.ch\/wp-content\/uploads\/2023\/01\/lapurlawebportraitkarinkraus230116-375x0.jpeg\" data-srcset=\"https:\/\/www.lapurla.ch\/wp-content\/uploads\/2023\/01\/lapurlawebportraitkarinkraus230116-750x0.jpeg 2x\" alt=\"\"\/>      <\/picture><\/div>                            <figcaption><\/figcaption>\n                        <\/figure>\n\t\t\t\t\t                <\/div>\n                <div class=\"text col-12 col-lg-6\">\n\t\t\t\t\t<h3>N&rsquo;h\u00e9sitez pas \u00e0 me contacter, je r\u00e9pondrai volontiers \u00e0 vos questions :<\/h3>\n<p><strong>Karin Kraus<\/strong><\/p>\n<p>Fondatrice &amp; Directrice Lapurla<\/p>\n<p>+41 31 848 38 47<\/p>\n<p><a href=\"mailto:karin.kraus@hkb.bfh.ch\">karin.kraus@hkb.bfh.ch<\/a><\/p>\n                <\/div>\n            <\/div>\n\t\t\t\n<\/div>\n","protected":false},"excerpt":{"rendered":"<p>Qu&rsquo;est-ce qu&rsquo;une donation ? Il y a donation lorsqu&rsquo;une personne enrichit une autre personne de son patrimoine sans contrepartie correspondante, c&rsquo;est-\u00e0-dire lorsqu&rsquo;elle fait une donation \u00e0 titre gratuit. La donation est un contrat bilat\u00e9ral et est r\u00e9gie par les articles 239 \u00e0 252 du Code des obligations. Une donation peut porter sur une chose, un [&hellip;]<\/p>\n","protected":false},"author":5,"featured_media":0,"parent":0,"menu_order":0,"comment_status":"closed","ping_status":"closed","template":"","meta":{"_acf_changed":false,"latitude":"","longitude":"","kurzbeschreibung":"","datum_von":"","footnotes":""},"class_list":["post-22452","page","type-page","status-publish","hentry"],"acf":[],"yoast_head":"<!-- This site is optimized with the Yoast SEO plugin v27.2 - https:\/\/yoast.com\/product\/yoast-seo-wordpress\/ -->\n<title>Donation &#8211; Lapurla<\/title>\n<meta name=\"robots\" content=\"index, follow, max-snippet:-1, max-image-preview:large, max-video-preview:-1\" \/>\n<link rel=\"canonical\" href=\"https:\/\/www.lapurla.ch\/fr\/schenkung\" \/>\n<meta property=\"og:locale\" content=\"fr_FR\" \/>\n<meta property=\"og:type\" content=\"article\" \/>\n<meta property=\"og:title\" content=\"Donation &#8211; Lapurla\" \/>\n<meta property=\"og:description\" content=\"Qu&rsquo;est-ce qu&rsquo;une donation ? Il y a donation lorsqu&rsquo;une personne enrichit une autre personne de son patrimoine sans contrepartie correspondante, c&rsquo;est-\u00e0-dire lorsqu&rsquo;elle fait une donation \u00e0 titre gratuit. La donation est un contrat bilat\u00e9ral et est r\u00e9gie par les articles 239 \u00e0 252 du Code des obligations. Une donation peut porter sur une chose, un [&hellip;]\" \/>\n<meta property=\"og:url\" content=\"https:\/\/www.lapurla.ch\/fr\/schenkung\" \/>\n<meta property=\"og:site_name\" content=\"Lapurla\" \/>\n<meta property=\"article:modified_time\" content=\"2024-06-17T08:26:57+00:00\" \/>\n<meta property=\"og:image\" content=\"https:\/\/www.lapurla.ch\/wp-content\/uploads\/2023\/12\/LapurlaSchenkung.png\" \/>\n<meta name=\"twitter:card\" content=\"summary_large_image\" \/>\n<meta name=\"twitter:label1\" content=\"Dur\u00e9e de lecture estim\u00e9e\" \/>\n\t<meta name=\"twitter:data1\" content=\"2 minutes\" \/>\n<script type=\"application\/ld+json\" class=\"yoast-schema-graph\">{\"@context\":\"https:\/\/schema.org\",\"@graph\":[{\"@type\":\"WebPage\",\"@id\":\"https:\/\/www.lapurla.ch\/fr\/schenkung\",\"url\":\"https:\/\/www.lapurla.ch\/fr\/schenkung\",\"name\":\"Donation &#8211; Lapurla\",\"isPartOf\":{\"@id\":\"https:\/\/www.lapurla.ch\/#website\"},\"primaryImageOfPage\":{\"@id\":\"https:\/\/www.lapurla.ch\/fr\/schenkung#primaryimage\"},\"image\":{\"@id\":\"https:\/\/www.lapurla.ch\/fr\/schenkung#primaryimage\"},\"thumbnailUrl\":\"https:\/\/www.lapurla.ch\/wp-content\/uploads\/2023\/12\/LapurlaSchenkung.png\",\"datePublished\":\"2023-12-14T22:05:27+00:00\",\"dateModified\":\"2024-06-17T08:26:57+00:00\",\"breadcrumb\":{\"@id\":\"https:\/\/www.lapurla.ch\/fr\/schenkung#breadcrumb\"},\"inLanguage\":\"fr-FR\",\"potentialAction\":[{\"@type\":\"ReadAction\",\"target\":[\"https:\/\/www.lapurla.ch\/fr\/schenkung\"]}]},{\"@type\":\"ImageObject\",\"inLanguage\":\"fr-FR\",\"@id\":\"https:\/\/www.lapurla.ch\/fr\/schenkung#primaryimage\",\"url\":\"https:\/\/www.lapurla.ch\/wp-content\/uploads\/2023\/12\/LapurlaSchenkung.png\",\"contentUrl\":\"https:\/\/www.lapurla.ch\/wp-content\/uploads\/2023\/12\/LapurlaSchenkung.png\"},{\"@type\":\"BreadcrumbList\",\"@id\":\"https:\/\/www.lapurla.ch\/fr\/schenkung#breadcrumb\",\"itemListElement\":[{\"@type\":\"ListItem\",\"position\":1,\"name\":\"Startseite\",\"item\":\"https:\/\/www.lapurla.ch\/fr\"},{\"@type\":\"ListItem\",\"position\":2,\"name\":\"Donation\"}]},{\"@type\":\"WebSite\",\"@id\":\"https:\/\/www.lapurla.ch\/#website\",\"url\":\"https:\/\/www.lapurla.ch\/\",\"name\":\"Lapurla\",\"description\":\"\",\"publisher\":{\"@id\":\"https:\/\/www.lapurla.ch\/#organization\"},\"potentialAction\":[{\"@type\":\"SearchAction\",\"target\":{\"@type\":\"EntryPoint\",\"urlTemplate\":\"https:\/\/www.lapurla.ch\/?s={search_term_string}\"},\"query-input\":{\"@type\":\"PropertyValueSpecification\",\"valueRequired\":true,\"valueName\":\"search_term_string\"}}],\"inLanguage\":\"fr-FR\"},{\"@type\":\"Organization\",\"@id\":\"https:\/\/www.lapurla.ch\/#organization\",\"name\":\"Lapurla\",\"url\":\"https:\/\/www.lapurla.ch\/\",\"logo\":{\"@type\":\"ImageObject\",\"inLanguage\":\"fr-FR\",\"@id\":\"https:\/\/www.lapurla.ch\/#\/schema\/logo\/image\/\",\"url\":\"https:\/\/www.lapurla.ch\/wp-content\/uploads\/2022\/03\/cropped-favicon.png\",\"contentUrl\":\"https:\/\/www.lapurla.ch\/wp-content\/uploads\/2022\/03\/cropped-favicon.png\",\"width\":512,\"height\":512,\"caption\":\"Lapurla\"},\"image\":{\"@id\":\"https:\/\/www.lapurla.ch\/#\/schema\/logo\/image\/\"}}]}<\/script>\n<!-- \/ Yoast SEO plugin. -->","yoast_head_json":{"title":"Donation &#8211; Lapurla","robots":{"index":"index","follow":"follow","max-snippet":"max-snippet:-1","max-image-preview":"max-image-preview:large","max-video-preview":"max-video-preview:-1"},"canonical":"https:\/\/www.lapurla.ch\/fr\/schenkung","og_locale":"fr_FR","og_type":"article","og_title":"Donation &#8211; Lapurla","og_description":"Qu&rsquo;est-ce qu&rsquo;une donation ? Il y a donation lorsqu&rsquo;une personne enrichit une autre personne de son patrimoine sans contrepartie correspondante, c&rsquo;est-\u00e0-dire lorsqu&rsquo;elle fait une donation \u00e0 titre gratuit. La donation est un contrat bilat\u00e9ral et est r\u00e9gie par les articles 239 \u00e0 252 du Code des obligations. Une donation peut porter sur une chose, un [&hellip;]","og_url":"https:\/\/www.lapurla.ch\/fr\/schenkung","og_site_name":"Lapurla","article_modified_time":"2024-06-17T08:26:57+00:00","og_image":[{"url":"https:\/\/www.lapurla.ch\/wp-content\/uploads\/2023\/12\/LapurlaSchenkung.png","type":"","width":"","height":""}],"twitter_card":"summary_large_image","twitter_misc":{"Dur\u00e9e de lecture estim\u00e9e":"2 minutes"},"schema":{"@context":"https:\/\/schema.org","@graph":[{"@type":"WebPage","@id":"https:\/\/www.lapurla.ch\/fr\/schenkung","url":"https:\/\/www.lapurla.ch\/fr\/schenkung","name":"Donation &#8211; Lapurla","isPartOf":{"@id":"https:\/\/www.lapurla.ch\/#website"},"primaryImageOfPage":{"@id":"https:\/\/www.lapurla.ch\/fr\/schenkung#primaryimage"},"image":{"@id":"https:\/\/www.lapurla.ch\/fr\/schenkung#primaryimage"},"thumbnailUrl":"https:\/\/www.lapurla.ch\/wp-content\/uploads\/2023\/12\/LapurlaSchenkung.png","datePublished":"2023-12-14T22:05:27+00:00","dateModified":"2024-06-17T08:26:57+00:00","breadcrumb":{"@id":"https:\/\/www.lapurla.ch\/fr\/schenkung#breadcrumb"},"inLanguage":"fr-FR","potentialAction":[{"@type":"ReadAction","target":["https:\/\/www.lapurla.ch\/fr\/schenkung"]}]},{"@type":"ImageObject","inLanguage":"fr-FR","@id":"https:\/\/www.lapurla.ch\/fr\/schenkung#primaryimage","url":"https:\/\/www.lapurla.ch\/wp-content\/uploads\/2023\/12\/LapurlaSchenkung.png","contentUrl":"https:\/\/www.lapurla.ch\/wp-content\/uploads\/2023\/12\/LapurlaSchenkung.png"},{"@type":"BreadcrumbList","@id":"https:\/\/www.lapurla.ch\/fr\/schenkung#breadcrumb","itemListElement":[{"@type":"ListItem","position":1,"name":"Startseite","item":"https:\/\/www.lapurla.ch\/fr"},{"@type":"ListItem","position":2,"name":"Donation"}]},{"@type":"WebSite","@id":"https:\/\/www.lapurla.ch\/#website","url":"https:\/\/www.lapurla.ch\/","name":"Lapurla","description":"","publisher":{"@id":"https:\/\/www.lapurla.ch\/#organization"},"potentialAction":[{"@type":"SearchAction","target":{"@type":"EntryPoint","urlTemplate":"https:\/\/www.lapurla.ch\/?s={search_term_string}"},"query-input":{"@type":"PropertyValueSpecification","valueRequired":true,"valueName":"search_term_string"}}],"inLanguage":"fr-FR"},{"@type":"Organization","@id":"https:\/\/www.lapurla.ch\/#organization","name":"Lapurla","url":"https:\/\/www.lapurla.ch\/","logo":{"@type":"ImageObject","inLanguage":"fr-FR","@id":"https:\/\/www.lapurla.ch\/#\/schema\/logo\/image\/","url":"https:\/\/www.lapurla.ch\/wp-content\/uploads\/2022\/03\/cropped-favicon.png","contentUrl":"https:\/\/www.lapurla.ch\/wp-content\/uploads\/2022\/03\/cropped-favicon.png","width":512,"height":512,"caption":"Lapurla"},"image":{"@id":"https:\/\/www.lapurla.ch\/#\/schema\/logo\/image\/"}}]}},"_links":{"self":[{"href":"https:\/\/www.lapurla.ch\/fr\/wp-json\/wp\/v2\/pages\/22452","targetHints":{"allow":["GET"]}}],"collection":[{"href":"https:\/\/www.lapurla.ch\/fr\/wp-json\/wp\/v2\/pages"}],"about":[{"href":"https:\/\/www.lapurla.ch\/fr\/wp-json\/wp\/v2\/types\/page"}],"author":[{"embeddable":true,"href":"https:\/\/www.lapurla.ch\/fr\/wp-json\/wp\/v2\/users\/5"}],"replies":[{"embeddable":true,"href":"https:\/\/www.lapurla.ch\/fr\/wp-json\/wp\/v2\/comments?post=22452"}],"version-history":[{"count":7,"href":"https:\/\/www.lapurla.ch\/fr\/wp-json\/wp\/v2\/pages\/22452\/revisions"}],"predecessor-version":[{"id":24876,"href":"https:\/\/www.lapurla.ch\/fr\/wp-json\/wp\/v2\/pages\/22452\/revisions\/24876"}],"wp:attachment":[{"href":"https:\/\/www.lapurla.ch\/fr\/wp-json\/wp\/v2\/media?parent=22452"}],"curies":[{"name":"wp","href":"https:\/\/api.w.org\/{rel}","templated":true}]}}