{"id":22431,"date":"2023-12-14T22:25:04","date_gmt":"2023-12-14T21:25:04","guid":{"rendered":"https:\/\/www.lapurla.ch\/testament"},"modified":"2026-01-29T11:18:44","modified_gmt":"2026-01-29T10:18:44","slug":"testament","status":"publish","type":"page","link":"https:\/\/www.lapurla.ch\/fr\/testament","title":{"rendered":"Testament"},"content":{"rendered":"\n<div id=\"lead-text-block_58ce40a02b3ae26204c3ef37ca773e4f\" class=\"mod-lead-text\">\n\t        <div class=\"row\">\n            <div class=\"col-12\">\n\t\t\t\t                <div class=\"lead-text\">\n\t\t\t\t\t<p>Faire le bien au-del\u00e0 de votre vie : organisez votre succession simplement, en toute s\u00e9curit\u00e9 et gratuitement.<\/p>\n                <\/div>\n            <\/div>\n        <\/div>\n\t<\/div>\n\n\n<figure class=\"wp-block-image size-full\"><img loading=\"lazy\" decoding=\"async\" width=\"1000\" height=\"563\" src=\"https:\/\/www.lapurla.ch\/wp-content\/uploads\/2023\/12\/LapurlaLegat.png\" alt=\"\" class=\"wp-image-21952\" srcset=\"https:\/\/www.lapurla.ch\/wp-content\/uploads\/2023\/12\/LapurlaLegat.png 1000w, https:\/\/www.lapurla.ch\/wp-content\/uploads\/2023\/12\/LapurlaLegat-300x169.png 300w, https:\/\/www.lapurla.ch\/wp-content\/uploads\/2023\/12\/LapurlaLegat-768x432.png 768w\" sizes=\"auto, (max-width: 1000px) 100vw, 1000px\" \/><\/figure>\n\n\n\n<hr class=\"wp-block-separator has-alpha-channel-opacity\"\/>\n\n\n\n<h2 class=\"wp-block-heading\">Votre don testamentaire : laisser une trace durable<\/h2>\n\n\n\n<p>Avez-vous, vous aussi, le souhait de faire le bien au-del\u00e0 de votre vie, pour les g\u00e9n\u00e9rations futures ? Vous vous posez des questions ou vous \u00eates face \u00e0 la d\u00e9cision de ce qu\u2019il adviendra un jour de votre succession ? Alors vous \u00eates au bon endroit. Nous sommes l\u00e0 pour vous accompagner.<\/p>\n\n\n\n<p>En incluant la Fondation Lapurla dans votre testament, vous contribuez \u00e0 plus d\u2019\u00e9galit\u00e9 des chances pour les plus vuln\u00e9rables de notre soci\u00e9t\u00e9 : les enfants de 0 \u00e0 4 ans. <strong>Par votre legs, vous renforcez notre engagement multiple en faveur de g\u00e9n\u00e9rations futures capables de s\u2019\u00e9panouir<\/strong>.<\/p>\n\n\n\n<h2 class=\"wp-block-heading\">Avec votre testament, contribuez \u00e0 fa\u00e7onner l\u2019avenir<\/h2>\n\n\n\n<p>Votre derni\u00e8re volont\u00e9 nous aide \u00e0 poursuivre notre engagement. En tant qu\u2019organisation d\u2019utilit\u00e9 publique, nous ne sommes pas soumis \u00e0 l\u2019imp\u00f4t sur les successions.<\/p>\n\n\n\n<p><strong>Legs :<\/strong>&nbsp;pour transmettre une partie de votre patrimoine \u00e0 Lapurla, vous l\u2019indiquez sous forme de legs dans votre testament. Vous d\u00e9cidez de la part que vous souhaitez attribuer \u00e0 la Fondation Lapurla.<\/p>\n\n\n\n<p><strong>H\u00e9ritage :<\/strong>&nbsp;si vous d\u00e9signez la Fondation Lapurla comme votre h\u00e9riti\u00e8re, elle devient votre successeur juridique avec tous les droits et obligations, et veille \u00e0 l\u2019ex\u00e9cution de votre testament. Si vous n\u2019avez pas d\u2019h\u00e9ritiers l\u00e9gaux et ne d\u00e9signez personne comme h\u00e9ritier dans votre testament, c\u2019est l\u2019\u00c9tat qui h\u00e9rite.<\/p>\n\n\n\n<p>Gr\u00e2ce \u00e0 notre collaboration avec notre organisation partenaire&nbsp;<strong><a href=\"https:\/\/www.deinadieu.ch\/fr\/avocats\/\">DeinAdieu.ch<\/a><\/strong>, vous pouvez \u00e9tablir, sans engagement et gratuitement, un testament adapt\u00e9 \u00e0 votre situation personnelle.<\/p>\n\n\n\n<div id=\"teaser-block-block_c876739b3973f4170a495ad3288c94db\" class=\"mod-teaser-block\">\n\t        <div class=\"text\">\n\t\t\t                <div class=\"mod-filter-list\">\n                    <div class=\"row\">\n\t\t\t\t\t\t                            <div class=\"col-12 col-md-6 col-lg-4 kdgs-filter-item\">\n                                <a href=\"https:\/\/app.deinadieu.ch\/testament\/step\/0\" target=\"_blank\" class=\"kdgs-filter-item--link\" id=\"teaser-block-block_c876739b3973f4170a495ad3288c94db-teaser1\">\n                                    <div class=\"item--impression\">\n                                        <div class=\"item--image\">\n\t\t\t\t\t\t\t\t\t\t\t<div class=\"a-image js-a-image \"><picture class=\"a-image__picture js-a-image__picture\">           <source width=\"343\" height=\"193\"  media=\"(min-width: 1400px)\" data-srcset=\"https:\/\/www.lapurla.ch\/wp-content\/uploads\/2026\/01\/LapurlaSpendenLobbying-343x0.png 1x, https:\/\/www.lapurla.ch\/wp-content\/uploads\/2026\/01\/LapurlaSpendenLobbying-686x0.png 2x\">           <source width=\"293\" height=\"165\" media=\"(min-width: 1200px)\" data-srcset=\"https:\/\/www.lapurla.ch\/wp-content\/uploads\/2026\/01\/LapurlaSpendenLobbying-293x0.png 1x, https:\/\/www.lapurla.ch\/wp-content\/uploads\/2026\/01\/LapurlaSpendenLobbying-586x0.png 2x\">           <source width=\"243\" height=\"137\" media=\"(min-width: 992px)\" data-srcset=\"https:\/\/www.lapurla.ch\/wp-content\/uploads\/2026\/01\/LapurlaSpendenLobbying-243x0.png  1x, https:\/\/www.lapurla.ch\/wp-content\/uploads\/2026\/01\/LapurlaSpendenLobbying-486x0.png 2x\">           <source width=\"276\" height=\"155\" media=\"(min-width: 768px)\" data-srcset=\"https:\/\/www.lapurla.ch\/wp-content\/uploads\/2026\/01\/LapurlaSpendenLobbying-276x0.png 1x, https:\/\/www.lapurla.ch\/wp-content\/uploads\/2026\/01\/LapurlaSpendenLobbying-552x0.png 2x\">           <source width=\"516\" height=\"291\" media=\"(min-width: 576px)\" data-srcset=\"https:\/\/www.lapurla.ch\/wp-content\/uploads\/2026\/01\/LapurlaSpendenLobbying-516x0.png 1x, https:\/\/www.lapurla.ch\/wp-content\/uploads\/2026\/01\/LapurlaSpendenLobbying-1032x0.png 2x\">           <img loading=\"lazy\" decoding=\"async\" width=\"551\" height=\"310\"           class=\"a-image__image js-a-image__image lazyload\" src=\"data:image\/gif;base64,R0lGODlhAQABAAAAACH5BAEKAAEALAAAAAABAAEAAAICTAEAOw==\"           data-src=\"https:\/\/www.lapurla.ch\/wp-content\/uploads\/2026\/01\/LapurlaSpendenLobbying-551x0.png\" data-srcset=\"https:\/\/www.lapurla.ch\/wp-content\/uploads\/2026\/01\/LapurlaSpendenLobbying-1102x0.png 2x\" alt=\"\"\/>      <\/picture><\/div>                                        <\/div>\n\t\t\t\t\t\t\t\t\t\t                                            <div class=\"location\">Outil gratuit de testament<\/div>\n\t\t\t\t\t\t\t\t\t\t                                    <\/div>\n                                    <div class=\"item--content\">\n                                        <div class=\"item--content-wrapper\">\n                                            <h3 class=\"item--title\">R\u00e9diger mon testament<\/h3>\n                                            <div class=\"item--content\">\n\t\t\t\t\t\t\t\t\t\t\t\tCr\u00e9ez facilement en ligne votre testament personnalis\u00e9. En cas de questions concernant le mod\u00e8le de testament, nous sommes \u00e0 votre disposition!                                            <\/div>\n                                        <\/div>\n\t\t\t\t\t\t\t\t\t\t<svg class=\"svg-icon icon-arrow-right\" xmlns=\"http:\/\/www.w3.org\/2000\/svg\"><use xmlns:xlink=\"http:\/\/www.w3.org\/1999\/xlink\" xlink:href=\"https:\/\/www.lapurla.ch\/wp-content\/themes\/lapurla\/dist\/icons.svg?f27dc72#arrow-right\"><\/use><\/svg>                                    <\/div>\n                                <\/a>\n                            <\/div>\n\t\t\t\t\t\t                            <div class=\"col-12 col-md-6 col-lg-4 kdgs-filter-item\">\n                                <a href=\"https:\/\/www.deinadieu.ch\/fr\/avocats\/\" target=\"_blank\" class=\"kdgs-filter-item--link\" id=\"teaser-block-block_c876739b3973f4170a495ad3288c94db-teaser2\">\n                                    <div class=\"item--impression\">\n                                        <div class=\"item--image\">\n\t\t\t\t\t\t\t\t\t\t\t<div class=\"a-image js-a-image \"><picture class=\"a-image__picture js-a-image__picture\">           <source width=\"343\" height=\"193\"  media=\"(min-width: 1400px)\" data-srcset=\"https:\/\/www.lapurla.ch\/wp-content\/uploads\/2026\/01\/LapurlaIconsSpendenErstberatung2-343x0.png 1x, https:\/\/www.lapurla.ch\/wp-content\/uploads\/2026\/01\/LapurlaIconsSpendenErstberatung2-686x0.png 2x\">           <source width=\"293\" height=\"165\" media=\"(min-width: 1200px)\" data-srcset=\"https:\/\/www.lapurla.ch\/wp-content\/uploads\/2026\/01\/LapurlaIconsSpendenErstberatung2-293x0.png 1x, https:\/\/www.lapurla.ch\/wp-content\/uploads\/2026\/01\/LapurlaIconsSpendenErstberatung2-586x0.png 2x\">           <source width=\"243\" height=\"137\" media=\"(min-width: 992px)\" data-srcset=\"https:\/\/www.lapurla.ch\/wp-content\/uploads\/2026\/01\/LapurlaIconsSpendenErstberatung2-243x0.png  1x, https:\/\/www.lapurla.ch\/wp-content\/uploads\/2026\/01\/LapurlaIconsSpendenErstberatung2-486x0.png 2x\">           <source width=\"276\" height=\"155\" media=\"(min-width: 768px)\" data-srcset=\"https:\/\/www.lapurla.ch\/wp-content\/uploads\/2026\/01\/LapurlaIconsSpendenErstberatung2-276x0.png 1x, https:\/\/www.lapurla.ch\/wp-content\/uploads\/2026\/01\/LapurlaIconsSpendenErstberatung2-552x0.png 2x\">           <source width=\"516\" height=\"291\" media=\"(min-width: 576px)\" data-srcset=\"https:\/\/www.lapurla.ch\/wp-content\/uploads\/2026\/01\/LapurlaIconsSpendenErstberatung2-516x0.png 1x, https:\/\/www.lapurla.ch\/wp-content\/uploads\/2026\/01\/LapurlaIconsSpendenErstberatung2-1032x0.png 2x\">           <img loading=\"lazy\" decoding=\"async\" width=\"551\" height=\"310\"           class=\"a-image__image js-a-image__image lazyload\" src=\"data:image\/gif;base64,R0lGODlhAQABAAAAACH5BAEKAAEALAAAAAABAAEAAAICTAEAOw==\"           data-src=\"https:\/\/www.lapurla.ch\/wp-content\/uploads\/2026\/01\/LapurlaIconsSpendenErstberatung2-551x0.png\" data-srcset=\"https:\/\/www.lapurla.ch\/wp-content\/uploads\/2026\/01\/LapurlaIconsSpendenErstberatung2-1102x0.png 2x\" alt=\"\"\/>      <\/picture><\/div>                                        <\/div>\n\t\t\t\t\t\t\t\t\t\t                                            <div class=\"location\">Conseil personnalis\u00e9<\/div>\n\t\t\t\t\t\t\t\t\t\t                                    <\/div>\n                                    <div class=\"item--content\">\n                                        <div class=\"item--content-wrapper\">\n                                            <h3 class=\"item--title\">Demander un entretien de conseil<\/h3>\n                                            <div class=\"item--content\">\n\t\t\t\t\t\t\t\t\t\t\t\tInscrivez-vous \u00e0 une premi\u00e8re consultation gratuite avec un\u00b7e sp\u00e9cialiste du droit successoral de DeinAdieu. Il ou elle r\u00e9pondra \u00e0 toutes vos questions concernant votre testament ou votre succession.                                             <\/div>\n                                        <\/div>\n\t\t\t\t\t\t\t\t\t\t<svg class=\"svg-icon icon-arrow-right\" xmlns=\"http:\/\/www.w3.org\/2000\/svg\"><use xmlns:xlink=\"http:\/\/www.w3.org\/1999\/xlink\" xlink:href=\"https:\/\/www.lapurla.ch\/wp-content\/themes\/lapurla\/dist\/icons.svg?f27dc72#arrow-right\"><\/use><\/svg>                                    <\/div>\n                                <\/a>\n                            <\/div>\n\t\t\t\t\t\t                            <div class=\"col-12 col-md-6 col-lg-4 kdgs-filter-item\">\n                                <a href=\"https:\/\/www.deinadieu.ch\/fr\/\" target=\"_blank\" class=\"kdgs-filter-item--link\" id=\"teaser-block-block_c876739b3973f4170a495ad3288c94db-teaser3\">\n                                    <div class=\"item--impression\">\n                                        <div class=\"item--image\">\n\t\t\t\t\t\t\t\t\t\t\t<div class=\"a-image js-a-image \"><picture class=\"a-image__picture js-a-image__picture\">           <source width=\"343\" height=\"193\"  media=\"(min-width: 1400px)\" data-srcset=\"https:\/\/www.lapurla.ch\/wp-content\/uploads\/2026\/01\/LapurlaIconsSpendenWebinar-343x0.png 1x, https:\/\/www.lapurla.ch\/wp-content\/uploads\/2026\/01\/LapurlaIconsSpendenWebinar-686x0.png 2x\">           <source width=\"293\" height=\"165\" media=\"(min-width: 1200px)\" data-srcset=\"https:\/\/www.lapurla.ch\/wp-content\/uploads\/2026\/01\/LapurlaIconsSpendenWebinar-293x0.png 1x, https:\/\/www.lapurla.ch\/wp-content\/uploads\/2026\/01\/LapurlaIconsSpendenWebinar-586x0.png 2x\">           <source width=\"243\" height=\"137\" media=\"(min-width: 992px)\" data-srcset=\"https:\/\/www.lapurla.ch\/wp-content\/uploads\/2026\/01\/LapurlaIconsSpendenWebinar-243x0.png  1x, https:\/\/www.lapurla.ch\/wp-content\/uploads\/2026\/01\/LapurlaIconsSpendenWebinar-486x0.png 2x\">           <source width=\"276\" height=\"155\" media=\"(min-width: 768px)\" data-srcset=\"https:\/\/www.lapurla.ch\/wp-content\/uploads\/2026\/01\/LapurlaIconsSpendenWebinar-276x0.png 1x, https:\/\/www.lapurla.ch\/wp-content\/uploads\/2026\/01\/LapurlaIconsSpendenWebinar-552x0.png 2x\">           <source width=\"516\" height=\"291\" media=\"(min-width: 576px)\" data-srcset=\"https:\/\/www.lapurla.ch\/wp-content\/uploads\/2026\/01\/LapurlaIconsSpendenWebinar-516x0.png 1x, https:\/\/www.lapurla.ch\/wp-content\/uploads\/2026\/01\/LapurlaIconsSpendenWebinar-1032x0.png 2x\">           <img loading=\"lazy\" decoding=\"async\" width=\"551\" height=\"310\"           class=\"a-image__image js-a-image__image lazyload\" src=\"data:image\/gif;base64,R0lGODlhAQABAAAAACH5BAEKAAEALAAAAAABAAEAAAICTAEAOw==\"           data-src=\"https:\/\/www.lapurla.ch\/wp-content\/uploads\/2026\/01\/LapurlaIconsSpendenWebinar-551x0.png\" data-srcset=\"https:\/\/www.lapurla.ch\/wp-content\/uploads\/2026\/01\/LapurlaIconsSpendenWebinar-1102x0.png 2x\" alt=\"\"\/>      <\/picture><\/div>                                        <\/div>\n\t\t\t\t\t\t\t\t\t\t                                            <div class=\"location\">Webinaires en ligne<\/div>\n\t\t\t\t\t\t\t\t\t\t                                    <\/div>\n                                    <div class=\"item--content\">\n                                        <div class=\"item--content-wrapper\">\n                                            <h3 class=\"item--title\">Prochaines dates de webinaires<\/h3>\n                                            <div class=\"item--content\">\n\t\t\t\t\t\t\t\t\t\t\t\tD\u00e9couvrez lors d\u2019un webinaire les \u00e9l\u00e9ments essentiels de la planification successorale et de la r\u00e9daction d\u2019un testament \u2013 et comment cr\u00e9er facilement en ligne un testament valable en Suisse.<br \/>\r\n                                            <\/div>\n                                        <\/div>\n\t\t\t\t\t\t\t\t\t\t<svg class=\"svg-icon icon-arrow-right\" xmlns=\"http:\/\/www.w3.org\/2000\/svg\"><use xmlns:xlink=\"http:\/\/www.w3.org\/1999\/xlink\" xlink:href=\"https:\/\/www.lapurla.ch\/wp-content\/themes\/lapurla\/dist\/icons.svg?f27dc72#arrow-right\"><\/use><\/svg>                                    <\/div>\n                                <\/a>\n                            <\/div>\n\t\t\t\t\t\t                    <\/div>\n                <\/div>\n\t\t\t\t\t\t        <\/div>\n\t<\/div>\n\n\n\n<hr class=\"wp-block-separator has-alpha-channel-opacity\"\/>\n\n\n\n<h2 class=\"wp-block-heading\">Vous avez des questions ou une demande ?<\/h2>\n\n\n\n<div id=\"testimonial-block_3109bd19ab3fafdd8a45e8522ac3e295\" class=\"mod-text-bild \">\n\t\t\t            <div class=\"row \">\n                <div class=\"image col-12 col-lg-6\">\n\t\t\t\t\t                        <figure>\n\t\t\t\t\t\t\t<div class=\"a-image js-a-image \"><picture class=\"a-image__picture js-a-image__picture\">           <source width=\"636\" height=\"439\"  media=\"(min-width: 1400px)\" data-srcset=\"https:\/\/www.lapurla.ch\/wp-content\/uploads\/2023\/01\/lapurlawebportraitkarinkraus230116-636x0.jpeg 1x, https:\/\/www.lapurla.ch\/wp-content\/uploads\/2023\/01\/lapurlawebportraitkarinkraus230116-1272x0.jpeg 2x\">           <source width=\"636\" height=\"439\" media=\"(min-width: 1200px)\" data-srcset=\"https:\/\/www.lapurla.ch\/wp-content\/uploads\/2023\/01\/lapurlawebportraitkarinkraus230116-636x0.jpeg 1x, https:\/\/www.lapurla.ch\/wp-content\/uploads\/2023\/01\/lapurlawebportraitkarinkraus230116-1272x0.jpeg 2x\">           <source width=\"636\" height=\"439\" media=\"(min-width: 992px)\" data-srcset=\"https:\/\/www.lapurla.ch\/wp-content\/uploads\/2023\/01\/lapurlawebportraitkarinkraus230116-636x0.jpeg  1x, https:\/\/www.lapurla.ch\/wp-content\/uploads\/2023\/01\/lapurlawebportraitkarinkraus230116-1272x0.jpeg 2x\">           <source width=\"636\" height=\"439\" media=\"(min-width: 768px)\" data-srcset=\"https:\/\/www.lapurla.ch\/wp-content\/uploads\/2023\/01\/lapurlawebportraitkarinkraus230116-636x0.jpeg 1x, https:\/\/www.lapurla.ch\/wp-content\/uploads\/2023\/01\/lapurlawebportraitkarinkraus230116-1272x0.jpeg 2x\">           <source width=\"375\" height=\"259\" media=\"(min-width: 576px)\" data-srcset=\"https:\/\/www.lapurla.ch\/wp-content\/uploads\/2023\/01\/lapurlawebportraitkarinkraus230116-375x0.jpeg 1x, https:\/\/www.lapurla.ch\/wp-content\/uploads\/2023\/01\/lapurlawebportraitkarinkraus230116-750x0.jpeg 2x\">           <img loading=\"lazy\" decoding=\"async\" width=\"375\" height=\"259\"           class=\"a-image__image js-a-image__image lazyload\" src=\"data:image\/gif;base64,R0lGODlhAQABAAAAACH5BAEKAAEALAAAAAABAAEAAAICTAEAOw==\"           data-src=\"https:\/\/www.lapurla.ch\/wp-content\/uploads\/2023\/01\/lapurlawebportraitkarinkraus230116-375x0.jpeg\" data-srcset=\"https:\/\/www.lapurla.ch\/wp-content\/uploads\/2023\/01\/lapurlawebportraitkarinkraus230116-750x0.jpeg 2x\" alt=\"\"\/>      <\/picture><\/div>                            <figcaption><\/figcaption>\n                        <\/figure>\n\t\t\t\t\t                <\/div>\n                <div class=\"text col-12 col-lg-6\">\n\t\t\t\t\t<h3>N&rsquo;h\u00e9sitez pas \u00e0 me contacter, je r\u00e9pondrai volontiers \u00e0 vos questions :<\/h3>\n<p><strong>Karin Kraus<\/strong><\/p>\n<p>Fondatrice &amp; Diredtrice Lapurla<\/p>\n<p>+41 31 848 38 47<\/p>\n<p><a href=\"mailto:karin.kraus@hkb.bfh.ch\">karin.kraus@hkb.bfh.ch<\/a><\/p>\n                <\/div>\n            <\/div>\n\t\t\t\n<\/div>\n\n\n\n<hr class=\"wp-block-separator has-alpha-channel-opacity\"\/>\n","protected":false},"excerpt":{"rendered":"<p>Votre don testamentaire : laisser une trace durable Avez-vous, vous aussi, le souhait de faire le bien au-del\u00e0 de votre vie, pour les g\u00e9n\u00e9rations futures ? Vous vous posez des questions ou vous \u00eates face \u00e0 la d\u00e9cision de ce qu\u2019il adviendra un jour de votre succession ? Alors vous \u00eates au bon endroit. Nous [&hellip;]<\/p>\n","protected":false},"author":5,"featured_media":0,"parent":0,"menu_order":0,"comment_status":"closed","ping_status":"closed","template":"","meta":{"_acf_changed":false,"latitude":"","longitude":"","kurzbeschreibung":"","datum_von":"","footnotes":""},"class_list":["post-22431","page","type-page","status-publish","hentry"],"acf":[],"yoast_head":"<!-- This site is optimized with the Yoast SEO plugin v27.2 - https:\/\/yoast.com\/product\/yoast-seo-wordpress\/ -->\n<title>Testament &#8211; Lapurla<\/title>\n<meta name=\"description\" content=\"Testament\" \/>\n<meta name=\"robots\" content=\"index, follow, max-snippet:-1, max-image-preview:large, max-video-preview:-1\" \/>\n<link rel=\"canonical\" href=\"https:\/\/www.lapurla.ch\/fr\/testament\" \/>\n<meta property=\"og:locale\" content=\"fr_FR\" \/>\n<meta property=\"og:type\" content=\"article\" \/>\n<meta property=\"og:title\" content=\"Testament &#8211; Lapurla\" \/>\n<meta property=\"og:description\" content=\"Testament\" \/>\n<meta property=\"og:url\" content=\"https:\/\/www.lapurla.ch\/fr\/testament\" \/>\n<meta property=\"og:site_name\" content=\"Lapurla\" \/>\n<meta property=\"article:modified_time\" content=\"2026-01-29T10:18:44+00:00\" \/>\n<meta property=\"og:image\" content=\"https:\/\/www.lapurla.ch\/wp-content\/uploads\/2023\/12\/LapurlaLegat.png\" \/>\n\t<meta property=\"og:image:width\" content=\"1000\" \/>\n\t<meta property=\"og:image:height\" content=\"563\" \/>\n\t<meta property=\"og:image:type\" content=\"image\/png\" \/>\n<meta name=\"twitter:card\" content=\"summary_large_image\" \/>\n<meta name=\"twitter:label1\" content=\"Dur\u00e9e de lecture estim\u00e9e\" \/>\n\t<meta name=\"twitter:data1\" content=\"2 minutes\" \/>\n<script type=\"application\/ld+json\" class=\"yoast-schema-graph\">{\"@context\":\"https:\/\/schema.org\",\"@graph\":[{\"@type\":\"WebPage\",\"@id\":\"https:\/\/www.lapurla.ch\/fr\/testament\",\"url\":\"https:\/\/www.lapurla.ch\/fr\/testament\",\"name\":\"Testament &#8211; Lapurla\",\"isPartOf\":{\"@id\":\"https:\/\/www.lapurla.ch\/#website\"},\"primaryImageOfPage\":{\"@id\":\"https:\/\/www.lapurla.ch\/fr\/testament#primaryimage\"},\"image\":{\"@id\":\"https:\/\/www.lapurla.ch\/fr\/testament#primaryimage\"},\"thumbnailUrl\":\"https:\/\/www.lapurla.ch\/wp-content\/uploads\/2023\/12\/LapurlaLegat.png\",\"datePublished\":\"2023-12-14T21:25:04+00:00\",\"dateModified\":\"2026-01-29T10:18:44+00:00\",\"description\":\"Testament\",\"breadcrumb\":{\"@id\":\"https:\/\/www.lapurla.ch\/fr\/testament#breadcrumb\"},\"inLanguage\":\"fr-FR\",\"potentialAction\":[{\"@type\":\"ReadAction\",\"target\":[\"https:\/\/www.lapurla.ch\/fr\/testament\"]}]},{\"@type\":\"ImageObject\",\"inLanguage\":\"fr-FR\",\"@id\":\"https:\/\/www.lapurla.ch\/fr\/testament#primaryimage\",\"url\":\"https:\/\/www.lapurla.ch\/wp-content\/uploads\/2023\/12\/LapurlaLegat.png\",\"contentUrl\":\"https:\/\/www.lapurla.ch\/wp-content\/uploads\/2023\/12\/LapurlaLegat.png\"},{\"@type\":\"BreadcrumbList\",\"@id\":\"https:\/\/www.lapurla.ch\/fr\/testament#breadcrumb\",\"itemListElement\":[{\"@type\":\"ListItem\",\"position\":1,\"name\":\"Startseite\",\"item\":\"https:\/\/www.lapurla.ch\/fr\"},{\"@type\":\"ListItem\",\"position\":2,\"name\":\"Testament\"}]},{\"@type\":\"WebSite\",\"@id\":\"https:\/\/www.lapurla.ch\/#website\",\"url\":\"https:\/\/www.lapurla.ch\/\",\"name\":\"Lapurla\",\"description\":\"\",\"publisher\":{\"@id\":\"https:\/\/www.lapurla.ch\/#organization\"},\"potentialAction\":[{\"@type\":\"SearchAction\",\"target\":{\"@type\":\"EntryPoint\",\"urlTemplate\":\"https:\/\/www.lapurla.ch\/?s={search_term_string}\"},\"query-input\":{\"@type\":\"PropertyValueSpecification\",\"valueRequired\":true,\"valueName\":\"search_term_string\"}}],\"inLanguage\":\"fr-FR\"},{\"@type\":\"Organization\",\"@id\":\"https:\/\/www.lapurla.ch\/#organization\",\"name\":\"Lapurla\",\"url\":\"https:\/\/www.lapurla.ch\/\",\"logo\":{\"@type\":\"ImageObject\",\"inLanguage\":\"fr-FR\",\"@id\":\"https:\/\/www.lapurla.ch\/#\/schema\/logo\/image\/\",\"url\":\"https:\/\/www.lapurla.ch\/wp-content\/uploads\/2022\/03\/cropped-favicon.png\",\"contentUrl\":\"https:\/\/www.lapurla.ch\/wp-content\/uploads\/2022\/03\/cropped-favicon.png\",\"width\":512,\"height\":512,\"caption\":\"Lapurla\"},\"image\":{\"@id\":\"https:\/\/www.lapurla.ch\/#\/schema\/logo\/image\/\"}}]}<\/script>\n<!-- \/ Yoast SEO plugin. -->","yoast_head_json":{"title":"Testament &#8211; Lapurla","description":"Testament","robots":{"index":"index","follow":"follow","max-snippet":"max-snippet:-1","max-image-preview":"max-image-preview:large","max-video-preview":"max-video-preview:-1"},"canonical":"https:\/\/www.lapurla.ch\/fr\/testament","og_locale":"fr_FR","og_type":"article","og_title":"Testament &#8211; Lapurla","og_description":"Testament","og_url":"https:\/\/www.lapurla.ch\/fr\/testament","og_site_name":"Lapurla","article_modified_time":"2026-01-29T10:18:44+00:00","og_image":[{"width":1000,"height":563,"url":"https:\/\/www.lapurla.ch\/wp-content\/uploads\/2023\/12\/LapurlaLegat.png","type":"image\/png"}],"twitter_card":"summary_large_image","twitter_misc":{"Dur\u00e9e de lecture estim\u00e9e":"2 minutes"},"schema":{"@context":"https:\/\/schema.org","@graph":[{"@type":"WebPage","@id":"https:\/\/www.lapurla.ch\/fr\/testament","url":"https:\/\/www.lapurla.ch\/fr\/testament","name":"Testament &#8211; Lapurla","isPartOf":{"@id":"https:\/\/www.lapurla.ch\/#website"},"primaryImageOfPage":{"@id":"https:\/\/www.lapurla.ch\/fr\/testament#primaryimage"},"image":{"@id":"https:\/\/www.lapurla.ch\/fr\/testament#primaryimage"},"thumbnailUrl":"https:\/\/www.lapurla.ch\/wp-content\/uploads\/2023\/12\/LapurlaLegat.png","datePublished":"2023-12-14T21:25:04+00:00","dateModified":"2026-01-29T10:18:44+00:00","description":"Testament","breadcrumb":{"@id":"https:\/\/www.lapurla.ch\/fr\/testament#breadcrumb"},"inLanguage":"fr-FR","potentialAction":[{"@type":"ReadAction","target":["https:\/\/www.lapurla.ch\/fr\/testament"]}]},{"@type":"ImageObject","inLanguage":"fr-FR","@id":"https:\/\/www.lapurla.ch\/fr\/testament#primaryimage","url":"https:\/\/www.lapurla.ch\/wp-content\/uploads\/2023\/12\/LapurlaLegat.png","contentUrl":"https:\/\/www.lapurla.ch\/wp-content\/uploads\/2023\/12\/LapurlaLegat.png"},{"@type":"BreadcrumbList","@id":"https:\/\/www.lapurla.ch\/fr\/testament#breadcrumb","itemListElement":[{"@type":"ListItem","position":1,"name":"Startseite","item":"https:\/\/www.lapurla.ch\/fr"},{"@type":"ListItem","position":2,"name":"Testament"}]},{"@type":"WebSite","@id":"https:\/\/www.lapurla.ch\/#website","url":"https:\/\/www.lapurla.ch\/","name":"Lapurla","description":"","publisher":{"@id":"https:\/\/www.lapurla.ch\/#organization"},"potentialAction":[{"@type":"SearchAction","target":{"@type":"EntryPoint","urlTemplate":"https:\/\/www.lapurla.ch\/?s={search_term_string}"},"query-input":{"@type":"PropertyValueSpecification","valueRequired":true,"valueName":"search_term_string"}}],"inLanguage":"fr-FR"},{"@type":"Organization","@id":"https:\/\/www.lapurla.ch\/#organization","name":"Lapurla","url":"https:\/\/www.lapurla.ch\/","logo":{"@type":"ImageObject","inLanguage":"fr-FR","@id":"https:\/\/www.lapurla.ch\/#\/schema\/logo\/image\/","url":"https:\/\/www.lapurla.ch\/wp-content\/uploads\/2022\/03\/cropped-favicon.png","contentUrl":"https:\/\/www.lapurla.ch\/wp-content\/uploads\/2022\/03\/cropped-favicon.png","width":512,"height":512,"caption":"Lapurla"},"image":{"@id":"https:\/\/www.lapurla.ch\/#\/schema\/logo\/image\/"}}]}},"_links":{"self":[{"href":"https:\/\/www.lapurla.ch\/fr\/wp-json\/wp\/v2\/pages\/22431","targetHints":{"allow":["GET"]}}],"collection":[{"href":"https:\/\/www.lapurla.ch\/fr\/wp-json\/wp\/v2\/pages"}],"about":[{"href":"https:\/\/www.lapurla.ch\/fr\/wp-json\/wp\/v2\/types\/page"}],"author":[{"embeddable":true,"href":"https:\/\/www.lapurla.ch\/fr\/wp-json\/wp\/v2\/users\/5"}],"replies":[{"embeddable":true,"href":"https:\/\/www.lapurla.ch\/fr\/wp-json\/wp\/v2\/comments?post=22431"}],"version-history":[{"count":29,"href":"https:\/\/www.lapurla.ch\/fr\/wp-json\/wp\/v2\/pages\/22431\/revisions"}],"predecessor-version":[{"id":33863,"href":"https:\/\/www.lapurla.ch\/fr\/wp-json\/wp\/v2\/pages\/22431\/revisions\/33863"}],"wp:attachment":[{"href":"https:\/\/www.lapurla.ch\/fr\/wp-json\/wp\/v2\/media?parent=22431"}],"curies":[{"name":"wp","href":"https:\/\/api.w.org\/{rel}","templated":true}]}}