{"id":19780,"date":"2023-10-16T11:27:18","date_gmt":"2023-10-16T09:27:18","guid":{"rendered":"https:\/\/www.lapurla.ch\/regionalgruppe-zuerich"},"modified":"2025-10-21T18:19:30","modified_gmt":"2025-10-21T16:19:30","slug":"groupe-regional-zurich","status":"publish","type":"page","link":"https:\/\/www.lapurla.ch\/fr\/groupe-regional-zurich","title":{"rendered":"Groupe r\u00e9gional Zurich"},"content":{"rendered":"\n<p>Le groupe r\u00e9gional de Zurich se r\u00e9unit r\u00e9guli\u00e8rement depuis le 23 octobre 2023. Lors de la <a href=\"https:\/\/www.lapurla.ch\/fr\/event\/3-nationale-tagung-lapurla\" target=\"_blank\" rel=\"noreferrer noopener\">3e r\u00e9union nationale<\/a> de Lapurla en novembre 2023, des \u00abNext Steps\u00bb ont \u00e9t\u00e9 fix\u00e9s pour le groupe r\u00e9gional de Zurich :<\/p>\n\n\n\n<ul class=\"wp-block-list\">\n<li>Mettre en place des formations continues pour les cr\u00e8ches<\/li>\n\n\n\n<li>Am\u00e9liorer la qualit\u00e9 de la formation des ASSC<\/li>\n\n\n\n<li>Faire appel \u00e0 d&rsquo;autres artistes, artisans et personnes issues de la culture et utiliser le savoir-faire.<\/li>\n\n\n\n<li>Pas seulement l&rsquo;\u00e9ducation esth\u00e9tique, mais aussi la participation culturelle<\/li>\n\n\n\n<li>Mettre en place des projets interg\u00e9n\u00e9rationnels<\/li>\n\n\n\n<li>Permettre la diversit\u00e9 des th\u00e8mes, approche inclusive<\/li>\n\n\n\n<li>Combiner les domaines, par ex. lecture, images et art<\/li>\n\n\n\n<li>Concr\u00e9tiser et r\u00e9aliser des mini-projets pilotes<\/li>\n<\/ul>\n\n\n\n<div id=\"infobox-block_0032ae8bb9a7918913afba963dec63d7\" class=\"mod-infobox\">\n\t        <div class=\"row\">\n            <div class=\"col-12\">\n                <div class=\"info-container\">\n                    <h2>Portrait<\/h2>\n                    <div class=\"row\">\n                        <div class=\"col-12 col-lg-6\">\n\t\t\t\t\t\t\t<h2>Coordination<\/h2>\n<div class=\"item--impression\">\n<div class=\"location\">\n<div class=\"item--impression\">\n<div class=\"location\">\n<div class=\"item--impression\">\n<ul>\n<li class=\"location\">Monica Fischer-Medici<\/li>\n<\/ul>\n<div class=\"location\">Directrice de cr\u00e8che, formatrice pratique ES en p\u00e9dagogie de l\u2019enfance Artiset Bildung<\/div>\n<\/div>\n<\/div>\n<\/div>\n<\/div>\n<div>\n<div class=\"item--impression\">\n<div class=\"location\"><a href=\"mailto:monimedici@yahoo.de\" target=\"_blank\" rel=\"noopener\">monimedici@yahoo.de<\/a><\/div>\n<\/div>\n<\/div>\n<\/div>\n<div><\/div>\n<div>\n<div><\/div>\n<div><\/div>\n<ul>\n<li>Nicole Rocchetti<\/li>\n<\/ul>\n<div>Co-Directrice \u00a0<a href=\"https:\/\/fizwetzikon.ch\">Familienzentrum FiZ Wetzikon<\/a><\/div>\n<div><a href=\"mailto:nicolerocchetti@hotmail.com\">nicolerocchetti@hotmail.com<\/a><\/div>\n<div><\/div>\n<\/div>\n<div>\n<h2>Focus<\/h2>\n<p>En cours de d\u00e9cision.<\/p>\n<h2>Membres<\/h2>\n<ul>\n<li data-start=\"1065\" data-end=\"1082\">\n<p data-start=\"1067\" data-end=\"1082\">Rahel Sch\u00e4fer<\/p>\n<\/li>\n<li data-start=\"1083\" data-end=\"1097\">\n<p data-start=\"1085\" data-end=\"1097\">Rahel Wolf<\/p>\n<\/li>\n<li data-start=\"1098\" data-end=\"1119\">\n<p data-start=\"1100\" data-end=\"1119\">Claudia Horlacher<\/p>\n<\/li>\n<li data-start=\"1120\" data-end=\"1135\">\n<p data-start=\"1122\" data-end=\"1135\">Nina Knecht<\/p>\n<\/li>\n<li data-start=\"1136\" data-end=\"1154\">\n<p data-start=\"1138\" data-end=\"1154\">Aneesha Rajani<\/p>\n<\/li>\n<li data-start=\"1155\" data-end=\"1179\">\n<p data-start=\"1157\" data-end=\"1179\">Regula Schwarzenbach<\/p>\n<\/li>\n<li data-start=\"1180\" data-end=\"1201\">\n<p data-start=\"1182\" data-end=\"1201\">Gabriela Bosshard<\/p>\n<\/li>\n<li data-start=\"1202\" data-end=\"1222\">\n<p data-start=\"1204\" data-end=\"1222\">Brigitte Boateng<\/p>\n<\/li>\n<li data-start=\"1223\" data-end=\"1253\">\n<p data-start=\"1225\" data-end=\"1253\">Semisaris Akbari Sabzevari<\/p>\n<\/li>\n<li data-start=\"1223\" data-end=\"1253\">ZsaZsa Demeter<\/li>\n<li data-start=\"1223\" data-end=\"1253\">Cornelia Oechslin<\/li>\n<\/ul>\n<h2>Social Media<\/h2>\n<p><a href=\"https:\/\/www.instagram.com\/regionalgruppe.lapurla.zuerich\/\" target=\"_blank\" rel=\"noopener\">Instagram<\/a><\/p>\n<\/div>\n                        <\/div>\n                        <div class=\"col-12 col-lg-6\">\n\t\t\t\t\t\t\t<h2>R\u00e9unions<\/h2>\n<div>\n<p><strong data-start=\"1343\" data-end=\"1373\">Mittwoch, 22. Oktober 2025<\/strong><br data-start=\"1373\" data-end=\"1376\" \/>FIZ Familienzentrum<br data-start=\"1395\" data-end=\"1398\" \/>Bahnhofstrasse 20<br data-start=\"1415\" data-end=\"1418\" \/>8620 Wetzikon<\/p>\n<p>Montag, 9.12.2024 | 18:00 | KiTa Berghalben<br \/>\nRainweg 11, 8810 Horgen<br \/>\nGastgeberin: Claudia Horlacher<br \/>\nClaudia Horlacher, ehemalige Studentin CAS Kulturelle Bildung, nimmt uns auf eine Reise mit! Wir d\u00fcrfen mit dem Projekt LichtFARBENzauber eintauchen und gleich ins Tun versinken!<br \/>\n<a href=\"https:\/\/www.lapurla.ch\/wp-content\/uploads\/2024\/08\/PraesentationClaudiaHorlacher.aktuell.pdf\" target=\"_blank\" rel=\"noopener\">LichtFARBENzauber<\/a><\/p>\n<p>Mittwoch, <span data-olk-copy-source=\"MessageBody\">27.11.2024 | 18:30 | music &amp; audiation Institut<br \/>\nBrauereistrasse 10, 8610 Uster<br \/>\nGastgeberin: Regula Schwarzenbach<br \/>\n<\/span>Die Bedeutung des musikalischen Vorbildes. Singen f\u00fcr Kinder mit Freude und Engagement. Gemeinsam Musik h\u00f6ren und die kreative, fliessende Bewegung f\u00f6rdern.<br \/>\n<span data-olk-copy-source=\"MessageBody\">Infos &amp; Anmeldung: <a href=\"https:\/\/music-audiation.ch\/aktuell-details\/musik-fuer-die-kleinsten-in-familie-und-kita.html\" target=\"_blank\" rel=\"noopener\">Musik f\u00fcr die Kleinsten in Familie und Kita<\/a><\/span><\/p>\n<p><span dir=\"ltr\">Dienstag, 2.7.2024 oder<\/span>\u00a0<span dir=\"ltr\">Montag, 8.7.2024 | <\/span>18:15 \u2013 20:15 | Playgrounds GmbH, <a href=\"https:\/\/playground-edu.ch\/kinder\" target=\"_blank\" rel=\"noopener\">Playground Education<\/a>, Hohlstrasse 52, 8004 Z\u00fcrich<br \/>\nGastgeberin: Aneesha Rayani. Sie ist im CAS Kulturelle Bildung und wird uns vor Ort \u00fcber Ihr Projekt informieren.<\/p>\n<p>Mittwoch, 15.5.2024 | 17:30 Uhr | Mitgliederversammlung des <a href=\"https:\/\/www.kkj.ch\" target=\"_blank\" rel=\"noopener\">Schweizerischen Verbands K\u00fcnste f\u00fcr Kinder und Jugendliche KKJ<\/a> | Literaturhaus (Debattierzimmer, 3. Stock), Limmatquai 62, 8001 Z\u00fcrich<br \/>\nGastgeberin: Der KKJ hat die Regionalgruppe Z\u00fcrich zur Teilnahme an der Mitgliederversammlung eingeladen.<\/p>\n<div>\n<div>\n<div>\n<p>Dienstag, 21.5.2024 | 18:15 \u2013 20:15 | B\u00e4rechind, Kirchplatz 6, 8400 Winterthur<br \/>\nGastgeberin: Sarah Walder. Sie f\u00fchrt Familienberatungen durch und ist Kursleiterin in Ihrem Kursraum \u00ab<a href=\"http:\/\/www.bewegtezukunft.ch\" target=\"_blank\" rel=\"noopener\">Bewegte Zukunft<\/a>\u00bb.<\/p>\n<\/div>\n<p>Dienstag, 19.3.2024 oder Dienstag, 26.3.2024 | 18:15 \u2013 20:15 | KiTa Berghalden, Rainweg 11, 8810 Horgen<br \/>\nGastgeberin: Claudia Horlacher. Sie ist Studentin des CAS Kulturelle Bildung und gibt Einblick in ihr aktuelles Projekt.<\/p>\n<\/div>\n<p>Mittwoch, 8.11.2023 | 18:45 \u2013 20:45 | Kita Thalito, Im Park 6, 8800 Thalwil<br \/>\nVorgestellt wird Daiana Ramirez <a href=\"https:\/\/www.lapurla.ch\/wp-content\/uploads\/2023\/06\/CAS-Kulturelle-BildungHKBProjektberichtDaiana-Urizar-Ramirez2023.pdf\" target=\"_blank\" rel=\"noopener\">Abschlussarbeit<\/a> des CAS Kulturelle Bildung<\/p>\n<\/div>\n<p>Montag, 23.10.2023 | 18:45 \u2013 20:45 | Kita\u00a0<span dir=\"ltr\">Inselparadies, Schwandelstrasse 13,<\/span>\u00a08800 Thalwil<br \/>\nVorgestellt wird Monica Medicis <a href=\"https:\/\/www.lapurla.ch\/wp-content\/uploads\/2023\/06\/CAS-Kulturelle-BildungHKBProjektberichtErlebnis-WerkstattFischerMonica8.6.23.pdf\" target=\"_blank\" rel=\"noopener\">Abschlussarbeit<\/a> des CAS Kulturelle Bildung<\/p>\n<\/div>\n                        <\/div>\n                    <\/div>\n                <\/div>\n            <\/div>\n        <\/div>\n\t<\/div>\n","protected":false},"excerpt":{"rendered":"<p>Le groupe r\u00e9gional de Zurich se r\u00e9unit r\u00e9guli\u00e8rement depuis le 23 octobre 2023. Lors de la 3e r\u00e9union nationale de Lapurla en novembre 2023, des \u00abNext Steps\u00bb ont \u00e9t\u00e9 fix\u00e9s pour le groupe r\u00e9gional de Zurich :<\/p>\n","protected":false},"author":5,"featured_media":0,"parent":0,"menu_order":0,"comment_status":"closed","ping_status":"closed","template":"","meta":{"_acf_changed":false,"latitude":"","longitude":"","kurzbeschreibung":"","datum_von":"","footnotes":""},"class_list":["post-19780","page","type-page","status-publish","hentry"],"acf":[],"yoast_head":"<!-- This site is optimized with the Yoast SEO plugin v27.2 - https:\/\/yoast.com\/product\/yoast-seo-wordpress\/ -->\n<title>Groupe r\u00e9gional Zurich &#8211; Lapurla<\/title>\n<meta name=\"description\" content=\"Le groupe r\u00e9gional de Zurich se r\u00e9unira pour la premi\u00e8re fois le 23 octobre 2023.\" \/>\n<meta name=\"robots\" content=\"index, follow, max-snippet:-1, max-image-preview:large, max-video-preview:-1\" \/>\n<link rel=\"canonical\" href=\"https:\/\/www.lapurla.ch\/fr\/groupe-regional-zurich\" \/>\n<meta property=\"og:locale\" content=\"fr_FR\" \/>\n<meta property=\"og:type\" content=\"article\" \/>\n<meta property=\"og:title\" content=\"Groupe r\u00e9gional Zurich &#8211; Lapurla\" \/>\n<meta property=\"og:description\" content=\"Le groupe r\u00e9gional de Zurich se r\u00e9unira pour la premi\u00e8re fois le 23 octobre 2023.\" \/>\n<meta property=\"og:url\" content=\"https:\/\/www.lapurla.ch\/fr\/groupe-regional-zurich\" \/>\n<meta property=\"og:site_name\" content=\"Lapurla\" \/>\n<meta property=\"article:modified_time\" content=\"2025-10-21T16:19:30+00:00\" \/>\n<meta name=\"twitter:card\" content=\"summary_large_image\" \/>\n<meta name=\"twitter:label1\" content=\"Dur\u00e9e de lecture estim\u00e9e\" \/>\n\t<meta name=\"twitter:data1\" content=\"1 minute\" \/>\n<script type=\"application\/ld+json\" class=\"yoast-schema-graph\">{\"@context\":\"https:\/\/schema.org\",\"@graph\":[{\"@type\":\"WebPage\",\"@id\":\"https:\/\/www.lapurla.ch\/fr\/groupe-regional-zurich\",\"url\":\"https:\/\/www.lapurla.ch\/fr\/groupe-regional-zurich\",\"name\":\"Groupe r\u00e9gional Zurich &#8211; Lapurla\",\"isPartOf\":{\"@id\":\"https:\/\/www.lapurla.ch\/#website\"},\"datePublished\":\"2023-10-16T09:27:18+00:00\",\"dateModified\":\"2025-10-21T16:19:30+00:00\",\"description\":\"Le groupe r\u00e9gional de Zurich se r\u00e9unira pour la premi\u00e8re fois le 23 octobre 2023.\",\"breadcrumb\":{\"@id\":\"https:\/\/www.lapurla.ch\/fr\/groupe-regional-zurich#breadcrumb\"},\"inLanguage\":\"fr-FR\",\"potentialAction\":[{\"@type\":\"ReadAction\",\"target\":[\"https:\/\/www.lapurla.ch\/fr\/groupe-regional-zurich\"]}]},{\"@type\":\"BreadcrumbList\",\"@id\":\"https:\/\/www.lapurla.ch\/fr\/groupe-regional-zurich#breadcrumb\",\"itemListElement\":[{\"@type\":\"ListItem\",\"position\":1,\"name\":\"Startseite\",\"item\":\"https:\/\/www.lapurla.ch\/fr\"},{\"@type\":\"ListItem\",\"position\":2,\"name\":\"Groupe r\u00e9gional Zurich\"}]},{\"@type\":\"WebSite\",\"@id\":\"https:\/\/www.lapurla.ch\/#website\",\"url\":\"https:\/\/www.lapurla.ch\/\",\"name\":\"Lapurla\",\"description\":\"\",\"publisher\":{\"@id\":\"https:\/\/www.lapurla.ch\/#organization\"},\"potentialAction\":[{\"@type\":\"SearchAction\",\"target\":{\"@type\":\"EntryPoint\",\"urlTemplate\":\"https:\/\/www.lapurla.ch\/?s={search_term_string}\"},\"query-input\":{\"@type\":\"PropertyValueSpecification\",\"valueRequired\":true,\"valueName\":\"search_term_string\"}}],\"inLanguage\":\"fr-FR\"},{\"@type\":\"Organization\",\"@id\":\"https:\/\/www.lapurla.ch\/#organization\",\"name\":\"Lapurla\",\"url\":\"https:\/\/www.lapurla.ch\/\",\"logo\":{\"@type\":\"ImageObject\",\"inLanguage\":\"fr-FR\",\"@id\":\"https:\/\/www.lapurla.ch\/#\/schema\/logo\/image\/\",\"url\":\"https:\/\/www.lapurla.ch\/wp-content\/uploads\/2022\/03\/cropped-favicon.png\",\"contentUrl\":\"https:\/\/www.lapurla.ch\/wp-content\/uploads\/2022\/03\/cropped-favicon.png\",\"width\":512,\"height\":512,\"caption\":\"Lapurla\"},\"image\":{\"@id\":\"https:\/\/www.lapurla.ch\/#\/schema\/logo\/image\/\"}}]}<\/script>\n<!-- \/ Yoast SEO plugin. -->","yoast_head_json":{"title":"Groupe r\u00e9gional Zurich &#8211; Lapurla","description":"Le groupe r\u00e9gional de Zurich se r\u00e9unira pour la premi\u00e8re fois le 23 octobre 2023.","robots":{"index":"index","follow":"follow","max-snippet":"max-snippet:-1","max-image-preview":"max-image-preview:large","max-video-preview":"max-video-preview:-1"},"canonical":"https:\/\/www.lapurla.ch\/fr\/groupe-regional-zurich","og_locale":"fr_FR","og_type":"article","og_title":"Groupe r\u00e9gional Zurich &#8211; Lapurla","og_description":"Le groupe r\u00e9gional de Zurich se r\u00e9unira pour la premi\u00e8re fois le 23 octobre 2023.","og_url":"https:\/\/www.lapurla.ch\/fr\/groupe-regional-zurich","og_site_name":"Lapurla","article_modified_time":"2025-10-21T16:19:30+00:00","twitter_card":"summary_large_image","twitter_misc":{"Dur\u00e9e de lecture estim\u00e9e":"1 minute"},"schema":{"@context":"https:\/\/schema.org","@graph":[{"@type":"WebPage","@id":"https:\/\/www.lapurla.ch\/fr\/groupe-regional-zurich","url":"https:\/\/www.lapurla.ch\/fr\/groupe-regional-zurich","name":"Groupe r\u00e9gional Zurich &#8211; Lapurla","isPartOf":{"@id":"https:\/\/www.lapurla.ch\/#website"},"datePublished":"2023-10-16T09:27:18+00:00","dateModified":"2025-10-21T16:19:30+00:00","description":"Le groupe r\u00e9gional de Zurich se r\u00e9unira pour la premi\u00e8re fois le 23 octobre 2023.","breadcrumb":{"@id":"https:\/\/www.lapurla.ch\/fr\/groupe-regional-zurich#breadcrumb"},"inLanguage":"fr-FR","potentialAction":[{"@type":"ReadAction","target":["https:\/\/www.lapurla.ch\/fr\/groupe-regional-zurich"]}]},{"@type":"BreadcrumbList","@id":"https:\/\/www.lapurla.ch\/fr\/groupe-regional-zurich#breadcrumb","itemListElement":[{"@type":"ListItem","position":1,"name":"Startseite","item":"https:\/\/www.lapurla.ch\/fr"},{"@type":"ListItem","position":2,"name":"Groupe r\u00e9gional Zurich"}]},{"@type":"WebSite","@id":"https:\/\/www.lapurla.ch\/#website","url":"https:\/\/www.lapurla.ch\/","name":"Lapurla","description":"","publisher":{"@id":"https:\/\/www.lapurla.ch\/#organization"},"potentialAction":[{"@type":"SearchAction","target":{"@type":"EntryPoint","urlTemplate":"https:\/\/www.lapurla.ch\/?s={search_term_string}"},"query-input":{"@type":"PropertyValueSpecification","valueRequired":true,"valueName":"search_term_string"}}],"inLanguage":"fr-FR"},{"@type":"Organization","@id":"https:\/\/www.lapurla.ch\/#organization","name":"Lapurla","url":"https:\/\/www.lapurla.ch\/","logo":{"@type":"ImageObject","inLanguage":"fr-FR","@id":"https:\/\/www.lapurla.ch\/#\/schema\/logo\/image\/","url":"https:\/\/www.lapurla.ch\/wp-content\/uploads\/2022\/03\/cropped-favicon.png","contentUrl":"https:\/\/www.lapurla.ch\/wp-content\/uploads\/2022\/03\/cropped-favicon.png","width":512,"height":512,"caption":"Lapurla"},"image":{"@id":"https:\/\/www.lapurla.ch\/#\/schema\/logo\/image\/"}}]}},"_links":{"self":[{"href":"https:\/\/www.lapurla.ch\/fr\/wp-json\/wp\/v2\/pages\/19780","targetHints":{"allow":["GET"]}}],"collection":[{"href":"https:\/\/www.lapurla.ch\/fr\/wp-json\/wp\/v2\/pages"}],"about":[{"href":"https:\/\/www.lapurla.ch\/fr\/wp-json\/wp\/v2\/types\/page"}],"author":[{"embeddable":true,"href":"https:\/\/www.lapurla.ch\/fr\/wp-json\/wp\/v2\/users\/5"}],"replies":[{"embeddable":true,"href":"https:\/\/www.lapurla.ch\/fr\/wp-json\/wp\/v2\/comments?post=19780"}],"version-history":[{"count":33,"href":"https:\/\/www.lapurla.ch\/fr\/wp-json\/wp\/v2\/pages\/19780\/revisions"}],"predecessor-version":[{"id":31043,"href":"https:\/\/www.lapurla.ch\/fr\/wp-json\/wp\/v2\/pages\/19780\/revisions\/31043"}],"wp:attachment":[{"href":"https:\/\/www.lapurla.ch\/fr\/wp-json\/wp\/v2\/media?parent=19780"}],"curies":[{"name":"wp","href":"https:\/\/api.w.org\/{rel}","templated":true}]}}