{"id":18083,"date":"2023-07-03T08:41:09","date_gmt":"2023-07-03T06:41:09","guid":{"rendered":"https:\/\/www.lapurla.ch\/regionalgruppe-zentralschweiz\/"},"modified":"2025-01-28T08:55:38","modified_gmt":"2025-01-28T07:55:38","slug":"groupe-regional-suisse-centrale","status":"publish","type":"page","link":"https:\/\/www.lapurla.ch\/fr\/groupe-regional-suisse-centrale","title":{"rendered":"Groupe r\u00e9gional Suisse centrale"},"content":{"rendered":"\n<h2 class=\"wp-block-heading\">1\u00e8re r\u00e9union<\/h2>\n\n\n\n<p>Le groupe r\u00e9gional de Suisse centrale s&rsquo;est r\u00e9uni pour la premi\u00e8re fois en juin 2023 \u00e0 l&rsquo;Orchesterhaus de Kriens et a formul\u00e9 l&rsquo;objectif de cr\u00e9er une offre pour les plus jeunes. Un projet culturel commun doit \u00eatre d\u00e9pos\u00e9 aupr\u00e8s de la Fondation Albert Koechlin d&rsquo;ici la mi-octobre.<\/p>\n\n\n\n<h2 class=\"wp-block-heading\">2\u00e8me r\u00e9union<\/h2>\n\n\n\n<p>Lors de la deuxi\u00e8me rencontre en ao\u00fbt, les participants ont tent\u00e9 d&rsquo;affiner les crit\u00e8res de soumission \u00e0 la Fondation Albert Koechlin et le groupe a discut\u00e9 de ce qui est unique \u00e0 l&rsquo;\u00e2ge 0-4, de ce que signifie \u00abbeau\u00bb dans la perspective de la petite enfance et de notre r\u00e9ponse \u00e0 la question \u00abbeau?!\u00bb.&nbsp;<\/p>\n\n\n\n<p>Les th\u00e8ses de travail suivantes ont \u00e9t\u00e9 d\u00e9velopp\u00e9es :&nbsp;<br>&#8211; Le beau est un sentiment.&nbsp;&nbsp;<br>&#8211; \u00catre dans le moment pr\u00e9sent est beau.&nbsp;&nbsp;<br>&#8211; Entrer dans le FLOW est beau.&nbsp;&nbsp;<br>&#8211; Faire quelque chose sans intention est beau.&nbsp;&nbsp;<br>&#8211; Pouvoir agir est beau.<br>&#8211; Faire l&rsquo;exp\u00e9rience de l&rsquo;efficacit\u00e9 personnelle, c&rsquo;est bien.&nbsp;&nbsp;<br>&#8211; Faire des traces, c&rsquo;est bien. Je suis \u00e9cout\u00e9, vu et pris au s\u00e9rieux.&nbsp;<\/p>\n\n\n\n<p>Les participants du groupe r\u00e9gional souhaitent faire vivre ces principes dans et avec leur mini-festival pour les plus jeunes et leurs accompagnateurs. La beaut\u00e9 doit \u00eatre d\u00e9couverte et v\u00e9cue de cette mani\u00e8re.&nbsp;<\/p>\n\n\n\n<p>Les crit\u00e8res sont les suivants :&nbsp;<br>&#8211; Le processus est (co)con\u00e7u par l&rsquo;enfant.&nbsp;&nbsp;<br>&#8211; Il y a des interactions d&rsquo;\u00e9gal \u00e0 \u00e9gal entre les enfants, les accompagnateurs et les artistes (CO-CONSTRUCTION).&nbsp;<br>&#8211; Le processus prime sur le produit.<\/p>\n\n\n\n<h2 class=\"wp-block-heading\">3\u00e8me r\u00e9union<\/h2>\n\n\n\n<p>Des id\u00e9es concr\u00e8tes pour le projet \u00ab\u00a0Sch\u00f6n\u00a0\u00bb ont \u00e9t\u00e9 \u00e9chang\u00e9es et les prochaines d\u00e9cisions ont \u00e9t\u00e9 prises. <\/p>\n\n\n\n<div id=\"bildergalerie-block_3b4fdef1f8455909943855947ebcbadf\" class=\"mod-bildergalerie\">\n            <div class=\"col-12\">\n\t\t    \n<div class=\"mod-slider\">\n\t        <div id=\"slider-53325c1a-eec9-47cb-aad4-7c134f1fe026\" class=\"swiper\">\n            <div class=\"swiper-wrapper\">\n\t\t\t\t                    <div class=\"swiper-slide\">\n                        <figure>\n\t\t\t\t\t\t\t<div class=\"a-image \">       <picture class=\"a-image__picture\">       \t<source width=\"1296\" height=\"972\" media=\"(min-width: 1400px)\" srcset=\"https:\/\/www.lapurla.ch\/wp-content\/uploads\/2023\/08\/thumbnailimage001-1296x972c.png 1x, https:\/\/www.lapurla.ch\/wp-content\/uploads\/2023\/08\/thumbnailimage001-2592x1944c.png 2x\">           <source width=\"1116\" height=\"837\" media=\"(min-width: 1200px)\" srcset=\"https:\/\/www.lapurla.ch\/wp-content\/uploads\/2023\/08\/thumbnailimage001-1116x837c.png 1x, https:\/\/www.lapurla.ch\/wp-content\/uploads\/2023\/08\/thumbnailimage001-2232x1674c.png 2x\">           <source width=\"936\" height=\"702\" media=\"(min-width: 992px)\" srcset=\"https:\/\/www.lapurla.ch\/wp-content\/uploads\/2023\/08\/thumbnailimage001-936x702c.png  1x, https:\/\/www.lapurla.ch\/wp-content\/uploads\/2023\/08\/thumbnailimage001-1872x1404c.png 2x\">           <source width=\"696\" height=\"522\" media=\"(min-width: 768px)\" srcset=\"https:\/\/www.lapurla.ch\/wp-content\/uploads\/2023\/08\/thumbnailimage001-696x522c.png 1x, https:\/\/www.lapurla.ch\/wp-content\/uploads\/2023\/08\/thumbnailimage001-1392x1044c.png 2x\">           <source width=\"516\" height=\"387\" media=\"(min-width: 576px)\" srcset=\"https:\/\/www.lapurla.ch\/wp-content\/uploads\/2023\/08\/thumbnailimage001-516x387c.png 1x, https:\/\/www.lapurla.ch\/wp-content\/uploads\/2023\/08\/thumbnailimage001-1032x774c.png 2x\">           <img loading=\"lazy\" decoding=\"async\" width=\"550\" height=\"413\"           class=\"a-image__image\"           src=\"https:\/\/www.lapurla.ch\/wp-content\/uploads\/2023\/08\/thumbnailimage001-550x413c.png\" data-srcset=\"https:\/\/www.lapurla.ch\/wp-content\/uploads\/2023\/08\/thumbnailimage001-1100x826c.png 2x\" alt=\"\"\/>       <\/picture> <\/div>                            <figcaption>\n\t\t\t\t\t\t\t\t                            <\/figcaption>\n                        <\/figure>\n                    <\/div>\n\t\t\t\t                    <div class=\"swiper-slide\">\n                        <figure>\n\t\t\t\t\t\t\t<div class=\"a-image \">       <picture class=\"a-image__picture\">       \t<source width=\"1296\" height=\"972\" media=\"(min-width: 1400px)\" srcset=\"https:\/\/www.lapurla.ch\/wp-content\/uploads\/2023\/07\/20230621-Regionalgruppentreffen-scaled-1296x972c.jpeg 1x, https:\/\/www.lapurla.ch\/wp-content\/uploads\/2023\/07\/20230621-Regionalgruppentreffen-scaled-2592x1944c.jpeg 2x\">           <source width=\"1116\" height=\"837\" media=\"(min-width: 1200px)\" srcset=\"https:\/\/www.lapurla.ch\/wp-content\/uploads\/2023\/07\/20230621-Regionalgruppentreffen-scaled-1116x837c.jpeg 1x, https:\/\/www.lapurla.ch\/wp-content\/uploads\/2023\/07\/20230621-Regionalgruppentreffen-scaled-2232x1674c.jpeg 2x\">           <source width=\"936\" height=\"702\" media=\"(min-width: 992px)\" srcset=\"https:\/\/www.lapurla.ch\/wp-content\/uploads\/2023\/07\/20230621-Regionalgruppentreffen-scaled-936x702c.jpeg  1x, https:\/\/www.lapurla.ch\/wp-content\/uploads\/2023\/07\/20230621-Regionalgruppentreffen-scaled-1872x1404c.jpeg 2x\">           <source width=\"696\" height=\"522\" media=\"(min-width: 768px)\" srcset=\"https:\/\/www.lapurla.ch\/wp-content\/uploads\/2023\/07\/20230621-Regionalgruppentreffen-scaled-696x522c.jpeg 1x, https:\/\/www.lapurla.ch\/wp-content\/uploads\/2023\/07\/20230621-Regionalgruppentreffen-scaled-1392x1044c.jpeg 2x\">           <source width=\"516\" height=\"387\" media=\"(min-width: 576px)\" srcset=\"https:\/\/www.lapurla.ch\/wp-content\/uploads\/2023\/07\/20230621-Regionalgruppentreffen-scaled-516x387c.jpeg 1x, https:\/\/www.lapurla.ch\/wp-content\/uploads\/2023\/07\/20230621-Regionalgruppentreffen-scaled-1032x774c.jpeg 2x\">           <img loading=\"lazy\" decoding=\"async\" width=\"550\" height=\"413\"           class=\"a-image__image\"           src=\"https:\/\/www.lapurla.ch\/wp-content\/uploads\/2023\/07\/20230621-Regionalgruppentreffen-scaled-550x413c.jpeg\" data-srcset=\"https:\/\/www.lapurla.ch\/wp-content\/uploads\/2023\/07\/20230621-Regionalgruppentreffen-scaled-1100x826c.jpeg 2x\" alt=\"\"\/>       <\/picture> <\/div>                            <figcaption>\n\t\t\t\t\t\t\t\t                            <\/figcaption>\n                        <\/figure>\n                    <\/div>\n\t\t\t\t                    <div class=\"swiper-slide\">\n                        <figure>\n\t\t\t\t\t\t\t<div class=\"a-image \">       <picture class=\"a-image__picture\">       \t<source width=\"1296\" height=\"972\" media=\"(min-width: 1400px)\" srcset=\"https:\/\/www.lapurla.ch\/wp-content\/uploads\/2023\/09\/thumbnailimage003-1296x972c.jpg 1x, https:\/\/www.lapurla.ch\/wp-content\/uploads\/2023\/09\/thumbnailimage003-2592x1944c.jpg 2x\">           <source width=\"1116\" height=\"837\" media=\"(min-width: 1200px)\" srcset=\"https:\/\/www.lapurla.ch\/wp-content\/uploads\/2023\/09\/thumbnailimage003-1116x837c.jpg 1x, https:\/\/www.lapurla.ch\/wp-content\/uploads\/2023\/09\/thumbnailimage003-2232x1674c.jpg 2x\">           <source width=\"936\" height=\"702\" media=\"(min-width: 992px)\" srcset=\"https:\/\/www.lapurla.ch\/wp-content\/uploads\/2023\/09\/thumbnailimage003-936x702c.jpg  1x, https:\/\/www.lapurla.ch\/wp-content\/uploads\/2023\/09\/thumbnailimage003-1872x1404c.jpg 2x\">           <source width=\"696\" height=\"522\" media=\"(min-width: 768px)\" srcset=\"https:\/\/www.lapurla.ch\/wp-content\/uploads\/2023\/09\/thumbnailimage003-696x522c.jpg 1x, https:\/\/www.lapurla.ch\/wp-content\/uploads\/2023\/09\/thumbnailimage003-1392x1044c.jpg 2x\">           <source width=\"516\" height=\"387\" media=\"(min-width: 576px)\" srcset=\"https:\/\/www.lapurla.ch\/wp-content\/uploads\/2023\/09\/thumbnailimage003-516x387c.jpg 1x, https:\/\/www.lapurla.ch\/wp-content\/uploads\/2023\/09\/thumbnailimage003-1032x774c.jpg 2x\">           <img loading=\"lazy\" decoding=\"async\" width=\"550\" height=\"413\"           class=\"a-image__image\"           src=\"https:\/\/www.lapurla.ch\/wp-content\/uploads\/2023\/09\/thumbnailimage003-550x413c.jpg\" data-srcset=\"https:\/\/www.lapurla.ch\/wp-content\/uploads\/2023\/09\/thumbnailimage003-1100x826c.jpg 2x\" alt=\"\"\/>       <\/picture> <\/div>                            <figcaption>\n\t\t\t\t\t\t\t\t                            <\/figcaption>\n                        <\/figure>\n                    <\/div>\n\t\t\t\t            <\/div>\n            <div class=\"container\">\n                <div class=\"row\">\n                    <div class=\"col-12 position-relative\">\n                        <div class=\"pagination\"><\/div>\n                        <div class=\"button-wrapper\">\n                            <button class=\"swiper-button-prev\">\n\t\t\t\t\t\t\t\t<svg class=\"svg-icon icon-arrow-left\" xmlns=\"http:\/\/www.w3.org\/2000\/svg\"><use xmlns:xlink=\"http:\/\/www.w3.org\/1999\/xlink\" xlink:href=\"https:\/\/www.lapurla.ch\/wp-content\/themes\/lapurla\/dist\/icons.svg?f27dc72#arrow-left\"><\/use><\/svg>                                <span class=\"visually-hidden\">Pr\u00e9c\u00e9dent<\/span>\n                            <\/button>\n                            <button class=\"swiper-button-next\">\n\t\t\t\t\t\t\t\t<svg class=\"svg-icon icon-arrow-right\" xmlns=\"http:\/\/www.w3.org\/2000\/svg\"><use xmlns:xlink=\"http:\/\/www.w3.org\/1999\/xlink\" xlink:href=\"https:\/\/www.lapurla.ch\/wp-content\/themes\/lapurla\/dist\/icons.svg?f27dc72#arrow-right\"><\/use><\/svg>                                <span class=\"visually-hidden\">Suivant<\/span>\n                            <\/button>\n                        <\/div>\n                    <\/div>\n                <\/div>\n            <\/div>\n        <\/div>\n\t<\/div>\n        <\/div>\n    <\/div>\n\n\n\n<div id=\"infobox-block_ace6f6a468da3bc320dbfda03956fa2f\" class=\"mod-infobox\">\n\t        <div class=\"row\">\n            <div class=\"col-12\">\n                <div class=\"info-container\">\n                    <h2>Portrait<\/h2>\n                    <div class=\"row\">\n                        <div class=\"col-12 col-lg-6\">\n\t\t\t\t\t\t\t<h2>Coordination<\/h2>\n<div class=\"item--impression\">\n<div>Vacant<\/div>\n<\/div>\n<h2>Focus<\/h2>\n<div class=\"page\" title=\"Page 4\">\n<div class=\"layoutArea\">\n<div class=\"column\">\n<p>Priorit\u00e9 A: se mettre en relation avec de nouveaux partenaires, d\u00e9velopper des offres en commun, collecter des fonds<\/p>\n<\/div>\n<\/div>\n<\/div>\n<h2>La constitution<\/h2>\n<ul>\n<li>Teddy Amstad, Atelierleitung <a href=\"https:\/\/www.farbexperiment.com\" target=\"_blank\" rel=\"noopener\">Farbe &amp; Experiment<\/a><\/li>\n<li>Yvonne Blaser, <a href=\"https:\/\/www.elkimalen.ch\" target=\"_blank\" rel=\"noopener\">Atelierleiterin<\/a>, Ausbilderin<\/li>\n<li>Salome B\u00f6ni, Musikvermittlerin Luzerner Sinfonieorchester<\/li>\n<\/ul>\n                        <\/div>\n                        <div class=\"col-12 col-lg-6\">\n\t\t\t\t\t\t\t<h2>R\u00e9unions<\/h2>\n<div class=\"page\" title=\"Page 2\">\n<div class=\"section\">\n<div class=\"layoutArea\">\n<div class=\"column\">\n<p style=\"font-weight: 400;\">Jeudi 19 octobre 2023 | 17.45-19.45h<br \/>\nen visite chez Yvonne &amp; Teddy&rsquo;s <a href=\"https:\/\/www.farbexperiment.com\" target=\"_blank\" rel=\"noopener\">Atelier<\/a> \u00e0 Sarnen<br \/>\nObjectif : finalisation et peaufinage de la saisie<\/p>\n<div class=\"page\" title=\"Page 2\">\n<div class=\"layoutArea\">\n<div class=\"column\">Mercredi 20 septembre 2023 | 17 \u2013 18.30h<br \/>\ndans <a href=\"https:\/\/www.elkimalen.ch\" target=\"_blank\" rel=\"noopener\">l&rsquo;atelier<\/a> d&rsquo;Yvonne Blaser \u00e0 Lucerne<\/div>\n<\/div>\n<\/div>\n<p>Mercredi 16 ao\u00fbt 2023 | 16-18h<br \/>\ndans <a href=\"https:\/\/www.elkimalen.ch\" target=\"_blank\" rel=\"noopener\">l&rsquo;atelier<\/a> d&rsquo;Yvonne Blaser \u00e0 Lucerne<br \/>\nObjectif : rassembler les id\u00e9es, donner forme \u00e0 l&rsquo;id\u00e9e de projet<\/p>\n<p>Mercredi 21 juin 2023<br \/>\nOrchesterhaus Kriens<\/p>\n<\/div>\n<\/div>\n<\/div>\n<\/div>\n                        <\/div>\n                    <\/div>\n                <\/div>\n            <\/div>\n        <\/div>\n\t<\/div>\n","protected":false},"excerpt":{"rendered":"<p>1\u00e8re r\u00e9union Le groupe r\u00e9gional de Suisse centrale s&rsquo;est r\u00e9uni pour la premi\u00e8re fois en juin 2023 \u00e0 l&rsquo;Orchesterhaus de Kriens et a formul\u00e9 l&rsquo;objectif de cr\u00e9er une offre pour les plus jeunes. Un projet culturel commun doit \u00eatre d\u00e9pos\u00e9 aupr\u00e8s de la Fondation Albert Koechlin d&rsquo;ici la mi-octobre. 2\u00e8me r\u00e9union Lors de la deuxi\u00e8me [&hellip;]<\/p>\n","protected":false},"author":5,"featured_media":0,"parent":0,"menu_order":0,"comment_status":"closed","ping_status":"closed","template":"","meta":{"_acf_changed":false,"latitude":"","longitude":"","kurzbeschreibung":"","datum_von":"","footnotes":""},"class_list":["post-18083","page","type-page","status-publish","hentry"],"acf":[],"yoast_head":"<!-- This site is optimized with the Yoast SEO plugin v27.2 - https:\/\/yoast.com\/product\/yoast-seo-wordpress\/ -->\n<title>Groupe r\u00e9gional Suisse centrale &#8211; Lapurla<\/title>\n<meta name=\"description\" content=\"Le groupe r\u00e9gional de Suisse centrale s&#039;est r\u00e9uni pour la premi\u00e8re fois en juin 2023 \u00e0 l&#039;Orchesterhaus de Kriens et a formul\u00e9 l&#039;objectif de cr\u00e9er une offre pour les plus jeunes. Un projet culturel commun doit \u00eatre d\u00e9pos\u00e9 aupr\u00e8s de la Fondation Albert Koechlin d&#039;ici la mi-octobre.\" \/>\n<meta name=\"robots\" content=\"index, follow, max-snippet:-1, max-image-preview:large, max-video-preview:-1\" \/>\n<link rel=\"canonical\" href=\"https:\/\/www.lapurla.ch\/fr\/groupe-regional-suisse-centrale\" \/>\n<meta property=\"og:locale\" content=\"fr_FR\" \/>\n<meta property=\"og:type\" content=\"article\" \/>\n<meta property=\"og:title\" content=\"Groupe r\u00e9gional Suisse centrale &#8211; Lapurla\" \/>\n<meta property=\"og:description\" content=\"Le groupe r\u00e9gional de Suisse centrale s&#039;est r\u00e9uni pour la premi\u00e8re fois en juin 2023 \u00e0 l&#039;Orchesterhaus de Kriens et a formul\u00e9 l&#039;objectif de cr\u00e9er une offre pour les plus jeunes. Un projet culturel commun doit \u00eatre d\u00e9pos\u00e9 aupr\u00e8s de la Fondation Albert Koechlin d&#039;ici la mi-octobre.\" \/>\n<meta property=\"og:url\" content=\"https:\/\/www.lapurla.ch\/fr\/groupe-regional-suisse-centrale\" \/>\n<meta property=\"og:site_name\" content=\"Lapurla\" \/>\n<meta property=\"article:modified_time\" content=\"2025-01-28T07:55:38+00:00\" \/>\n<meta name=\"twitter:card\" content=\"summary_large_image\" \/>\n<meta name=\"twitter:label1\" content=\"Dur\u00e9e de lecture estim\u00e9e\" \/>\n\t<meta name=\"twitter:data1\" content=\"2 minutes\" \/>\n<script type=\"application\/ld+json\" class=\"yoast-schema-graph\">{\"@context\":\"https:\/\/schema.org\",\"@graph\":[{\"@type\":\"WebPage\",\"@id\":\"https:\/\/www.lapurla.ch\/fr\/groupe-regional-suisse-centrale\",\"url\":\"https:\/\/www.lapurla.ch\/fr\/groupe-regional-suisse-centrale\",\"name\":\"Groupe r\u00e9gional Suisse centrale &#8211; Lapurla\",\"isPartOf\":{\"@id\":\"https:\/\/www.lapurla.ch\/#website\"},\"datePublished\":\"2023-07-03T06:41:09+00:00\",\"dateModified\":\"2025-01-28T07:55:38+00:00\",\"description\":\"Le groupe r\u00e9gional de Suisse centrale s'est r\u00e9uni pour la premi\u00e8re fois en juin 2023 \u00e0 l'Orchesterhaus de Kriens et a formul\u00e9 l'objectif de cr\u00e9er une offre pour les plus jeunes. Un projet culturel commun doit \u00eatre d\u00e9pos\u00e9 aupr\u00e8s de la Fondation Albert Koechlin d'ici la mi-octobre.\",\"breadcrumb\":{\"@id\":\"https:\/\/www.lapurla.ch\/fr\/groupe-regional-suisse-centrale#breadcrumb\"},\"inLanguage\":\"fr-FR\",\"potentialAction\":[{\"@type\":\"ReadAction\",\"target\":[\"https:\/\/www.lapurla.ch\/fr\/groupe-regional-suisse-centrale\"]}]},{\"@type\":\"BreadcrumbList\",\"@id\":\"https:\/\/www.lapurla.ch\/fr\/groupe-regional-suisse-centrale#breadcrumb\",\"itemListElement\":[{\"@type\":\"ListItem\",\"position\":1,\"name\":\"Startseite\",\"item\":\"https:\/\/www.lapurla.ch\/fr\"},{\"@type\":\"ListItem\",\"position\":2,\"name\":\"Groupe r\u00e9gional Suisse centrale\"}]},{\"@type\":\"WebSite\",\"@id\":\"https:\/\/www.lapurla.ch\/#website\",\"url\":\"https:\/\/www.lapurla.ch\/\",\"name\":\"Lapurla\",\"description\":\"\",\"publisher\":{\"@id\":\"https:\/\/www.lapurla.ch\/#organization\"},\"potentialAction\":[{\"@type\":\"SearchAction\",\"target\":{\"@type\":\"EntryPoint\",\"urlTemplate\":\"https:\/\/www.lapurla.ch\/?s={search_term_string}\"},\"query-input\":{\"@type\":\"PropertyValueSpecification\",\"valueRequired\":true,\"valueName\":\"search_term_string\"}}],\"inLanguage\":\"fr-FR\"},{\"@type\":\"Organization\",\"@id\":\"https:\/\/www.lapurla.ch\/#organization\",\"name\":\"Lapurla\",\"url\":\"https:\/\/www.lapurla.ch\/\",\"logo\":{\"@type\":\"ImageObject\",\"inLanguage\":\"fr-FR\",\"@id\":\"https:\/\/www.lapurla.ch\/#\/schema\/logo\/image\/\",\"url\":\"https:\/\/www.lapurla.ch\/wp-content\/uploads\/2022\/03\/cropped-favicon.png\",\"contentUrl\":\"https:\/\/www.lapurla.ch\/wp-content\/uploads\/2022\/03\/cropped-favicon.png\",\"width\":512,\"height\":512,\"caption\":\"Lapurla\"},\"image\":{\"@id\":\"https:\/\/www.lapurla.ch\/#\/schema\/logo\/image\/\"}}]}<\/script>\n<!-- \/ Yoast SEO plugin. -->","yoast_head_json":{"title":"Groupe r\u00e9gional Suisse centrale &#8211; Lapurla","description":"Le groupe r\u00e9gional de Suisse centrale s'est r\u00e9uni pour la premi\u00e8re fois en juin 2023 \u00e0 l'Orchesterhaus de Kriens et a formul\u00e9 l'objectif de cr\u00e9er une offre pour les plus jeunes. Un projet culturel commun doit \u00eatre d\u00e9pos\u00e9 aupr\u00e8s de la Fondation Albert Koechlin d'ici la mi-octobre.","robots":{"index":"index","follow":"follow","max-snippet":"max-snippet:-1","max-image-preview":"max-image-preview:large","max-video-preview":"max-video-preview:-1"},"canonical":"https:\/\/www.lapurla.ch\/fr\/groupe-regional-suisse-centrale","og_locale":"fr_FR","og_type":"article","og_title":"Groupe r\u00e9gional Suisse centrale &#8211; Lapurla","og_description":"Le groupe r\u00e9gional de Suisse centrale s'est r\u00e9uni pour la premi\u00e8re fois en juin 2023 \u00e0 l'Orchesterhaus de Kriens et a formul\u00e9 l'objectif de cr\u00e9er une offre pour les plus jeunes. Un projet culturel commun doit \u00eatre d\u00e9pos\u00e9 aupr\u00e8s de la Fondation Albert Koechlin d'ici la mi-octobre.","og_url":"https:\/\/www.lapurla.ch\/fr\/groupe-regional-suisse-centrale","og_site_name":"Lapurla","article_modified_time":"2025-01-28T07:55:38+00:00","twitter_card":"summary_large_image","twitter_misc":{"Dur\u00e9e de lecture estim\u00e9e":"2 minutes"},"schema":{"@context":"https:\/\/schema.org","@graph":[{"@type":"WebPage","@id":"https:\/\/www.lapurla.ch\/fr\/groupe-regional-suisse-centrale","url":"https:\/\/www.lapurla.ch\/fr\/groupe-regional-suisse-centrale","name":"Groupe r\u00e9gional Suisse centrale &#8211; Lapurla","isPartOf":{"@id":"https:\/\/www.lapurla.ch\/#website"},"datePublished":"2023-07-03T06:41:09+00:00","dateModified":"2025-01-28T07:55:38+00:00","description":"Le groupe r\u00e9gional de Suisse centrale s'est r\u00e9uni pour la premi\u00e8re fois en juin 2023 \u00e0 l'Orchesterhaus de Kriens et a formul\u00e9 l'objectif de cr\u00e9er une offre pour les plus jeunes. Un projet culturel commun doit \u00eatre d\u00e9pos\u00e9 aupr\u00e8s de la Fondation Albert Koechlin d'ici la mi-octobre.","breadcrumb":{"@id":"https:\/\/www.lapurla.ch\/fr\/groupe-regional-suisse-centrale#breadcrumb"},"inLanguage":"fr-FR","potentialAction":[{"@type":"ReadAction","target":["https:\/\/www.lapurla.ch\/fr\/groupe-regional-suisse-centrale"]}]},{"@type":"BreadcrumbList","@id":"https:\/\/www.lapurla.ch\/fr\/groupe-regional-suisse-centrale#breadcrumb","itemListElement":[{"@type":"ListItem","position":1,"name":"Startseite","item":"https:\/\/www.lapurla.ch\/fr"},{"@type":"ListItem","position":2,"name":"Groupe r\u00e9gional Suisse centrale"}]},{"@type":"WebSite","@id":"https:\/\/www.lapurla.ch\/#website","url":"https:\/\/www.lapurla.ch\/","name":"Lapurla","description":"","publisher":{"@id":"https:\/\/www.lapurla.ch\/#organization"},"potentialAction":[{"@type":"SearchAction","target":{"@type":"EntryPoint","urlTemplate":"https:\/\/www.lapurla.ch\/?s={search_term_string}"},"query-input":{"@type":"PropertyValueSpecification","valueRequired":true,"valueName":"search_term_string"}}],"inLanguage":"fr-FR"},{"@type":"Organization","@id":"https:\/\/www.lapurla.ch\/#organization","name":"Lapurla","url":"https:\/\/www.lapurla.ch\/","logo":{"@type":"ImageObject","inLanguage":"fr-FR","@id":"https:\/\/www.lapurla.ch\/#\/schema\/logo\/image\/","url":"https:\/\/www.lapurla.ch\/wp-content\/uploads\/2022\/03\/cropped-favicon.png","contentUrl":"https:\/\/www.lapurla.ch\/wp-content\/uploads\/2022\/03\/cropped-favicon.png","width":512,"height":512,"caption":"Lapurla"},"image":{"@id":"https:\/\/www.lapurla.ch\/#\/schema\/logo\/image\/"}}]}},"_links":{"self":[{"href":"https:\/\/www.lapurla.ch\/fr\/wp-json\/wp\/v2\/pages\/18083","targetHints":{"allow":["GET"]}}],"collection":[{"href":"https:\/\/www.lapurla.ch\/fr\/wp-json\/wp\/v2\/pages"}],"about":[{"href":"https:\/\/www.lapurla.ch\/fr\/wp-json\/wp\/v2\/types\/page"}],"author":[{"embeddable":true,"href":"https:\/\/www.lapurla.ch\/fr\/wp-json\/wp\/v2\/users\/5"}],"replies":[{"embeddable":true,"href":"https:\/\/www.lapurla.ch\/fr\/wp-json\/wp\/v2\/comments?post=18083"}],"version-history":[{"count":25,"href":"https:\/\/www.lapurla.ch\/fr\/wp-json\/wp\/v2\/pages\/18083\/revisions"}],"predecessor-version":[{"id":27197,"href":"https:\/\/www.lapurla.ch\/fr\/wp-json\/wp\/v2\/pages\/18083\/revisions\/27197"}],"wp:attachment":[{"href":"https:\/\/www.lapurla.ch\/fr\/wp-json\/wp\/v2\/media?parent=18083"}],"curies":[{"name":"wp","href":"https:\/\/api.w.org\/{rel}","templated":true}]}}