{"id":17178,"date":"2023-05-11T09:16:35","date_gmt":"2023-05-11T07:16:35","guid":{"rendered":"https:\/\/www.lapurla.ch\/regionalgruppe-romandie\/"},"modified":"2025-01-28T09:05:15","modified_gmt":"2025-01-28T08:05:15","slug":"groupe-regional-suisse-romande","status":"publish","type":"page","link":"https:\/\/www.lapurla.ch\/fr\/groupe-regional-suisse-romande","title":{"rendered":"Groupe r\u00e9gional Suisse romande"},"content":{"rendered":"\n<p><strong>La Suisse romande essaime des graines et les laisse porter par le vent<\/strong><br>Apr\u00e8s avoir contribu\u00e9 \u00e0 la mise en \u0153uvre de projets pilotes dans les cantons de Gen\u00e8ve, Valais et Vaud, le Groupe Lapurla romand a souhait\u00e9 s\u2019impliquer en 2023-2024 dans des cantons encore peu concern\u00e9s par les principes Lapurla. Dans cette perspectives des premi\u00e8res d\u00e9marches ont \u00e9t\u00e9 entreprises dans les cantons de Fribourg, Jura, Neuch\u00e2tel et Valais.<\/p>\n\n\n\n<p>Le Groupe Lapurla romand a \u00e9t\u00e9 constitu\u00e9 en 2020, sous la coordination de <strong>Pro Enfance<\/strong> \u2013 plateforme romande pour l\u2019accueil de l\u2019enfance. La pluridisciplinarit\u00e9 des participantes a permis de confronter des points de vue et des perceptions diff\u00e9rentes. Fort de ce diagnostic et des observations de terrain, l\u2019\u00e9quipe investie a choisi d\u2019essaimer des graines en menant des actions concr\u00e8tes de sensibilisation\/formation autour de la question de l\u2019\u00e9veil esth\u00e9tique et la participation culturelle des tout-petits dans quatre cantons.&nbsp;<\/p>\n\n\n\n<p><strong>Neuch\u00e2tel<\/strong><br>\u00c0 la suite d\u2019une \u00e9valuation des besoins, men\u00e9e en 2023 aupr\u00e8s des protagonistes concern\u00e9s, une demi-journ\u00e9e de formation s&rsquo;est d\u00e9roul\u00e9e en mars 2024 en pr\u00e9sence des m\u00e9diateurs et m\u00e9diatrices culturelles du canton de Neuch\u00e2tel \u2013 une rencontre enthousiasmante qui se laissera certainement porter par le vent. Des contacts avec le Service de la famille de la Ville de Neuch\u00e2tel donneront \u00e9galement lieu en 2024 \u00e0 une intervention aupr\u00e8s des professionnel\u00b7les de la petite enfance. Les d\u00e9marches sont entreprises par <strong>Sabine Germann<\/strong>, en tant qu\u2019ind\u00e9pendante et collaboratrice p\u00e9dagogique du <strong>PEP<\/strong> (Partenaire Enfance &amp; P\u00e9dagogie).<\/p>\n\n\n\n<p><strong>Fribourg<\/strong><br>Afin de conna\u00eetre les aspirations du canton un groupe restreint de personnes provenant des milieux artistiques et de la petite enfance a \u00e9t\u00e9 invit\u00e9 en 2023 par <strong>Rebekka Sieber<\/strong>, directrice de l\u2019association <strong>\u00c9ducation familiale<\/strong>. En pr\u00e9sence d\u2019un cercle \u00e9largi, une rencontre-\u00e9change est d\u2019ores et d\u00e9j\u00e0 pr\u00e9vue le 3 juin 2024. Par ailleurs, en 2023, Sabine Germann a pu mettre en discussion les principes Lapurla aupr\u00e8s d\u2019une classe de la FRESEDE (\u00c9cole sup\u00e9rieure fribourgeoise d&rsquo;\u00e9ducateur\/trice de l&rsquo;enfance) \u2013 former la rel\u00e8ve \u00e0 l\u2019\u00e9veil esth\u00e9tique et \u00e0 la participation culturelle des 0-4 ans est certainement l\u2019un des meilleurs moyens pour essaimer de petites graines.<\/p>\n\n\n\n<p><strong>Valais<br><\/strong>Une rencontre est agend\u00e9e le 19 septembre 2024, de 18h30 \u00e0 21h \u00e0 Monthey. Elle est coorganis\u00e9e par <strong>La Gare<\/strong>, pionni\u00e8re dans le domaine des arts vivants destin\u00e9 \u00e0 la jeunesse, sous la direction de <strong>Catherine Breu<\/strong>, \u00e9ducatrice de l\u2019enfance, et le Service de l\u2019enfance de la Ville de Monthey. Cette rencontre s\u2019adresse au professionnel\u00b7les de la petite enfance, aux acteurs et actrices de la culture et aux adultes curieux. Cet \u00e9v\u00e9nement valaisan souhaite insuffler la Suisse romande et le politique pour appuyer l\u2019implantation de la participation culturelle des tout-petits.<\/p>\n\n\n\n<p><strong>Jura<\/strong><br>Afin d\u2019associer aux d\u00e9marches un projet pilote aupr\u00e8s et avec l\u2019accueil familial de jour, l\u2019artiste visuelle <strong>Maude Sauvage<\/strong> entretient des liens \u00e9troits avec le r\u00e9seau d\u2019accueil de Del\u00e9mont Franches-Montagnes depuis 2023. Une matin\u00e9e caf\u00e9-croissants pr\u00e9voit d\u2019ici la fin de l\u2019ann\u00e9e un \u00e9change avec les coordinatrices de l\u2019accueil familial de jour du district, en pr\u00e9sence du milieu de la m\u00e9diation culturelle et des arts. Deux dates ont d\u00e9j\u00e0 \u00e9t\u00e9 pr\u00e9-r\u00e9serv\u00e9es.<\/p>\n\n\n\n<p><strong>Dans quelle direction le vent soufflera-t-il&nbsp;?<\/strong><br>Gr\u00e2ce au r\u00e9seau national \u00ab&nbsp;Lapurla, les enfants explorent&nbsp;\u00bb, de nombreuses graines ont germ\u00e9 ou pu \u00eatre d\u00e9couvertes, et continueront \u00e0 grandir. Ouvrir aux tout-petits des espaces d\u2019\u00e9veil aux sens leur permet de d\u00e9couvrir le monde, de s\u2019\u00e9merveiller, de s\u2019exprimer. En outre, la cr\u00e9ativit\u00e9 constitue une comp\u00e9tence cl\u00e9 pour l\u2019avenir. Pour appuyer partout en Suisse le respect des droits de l\u2019enfant de l\u2019ONU et mener des projets interdisciplinaires p\u00e9rennes, faut-il encore une politique publique autorisant la participation culturelle des tout-petits et l\u2019\u00e9quit\u00e9 des chances. C\u2019est dans un tel contexte que les formations-sensibilisations impuls\u00e9es par les ambassadrices Lapurla se d\u00e9ploient, dans un cadre collectif et avec la conviction que le vent peut souffler dans la direction d\u2019un socle commun.<\/p>\n\n\n\n<p><strong>La participation culturelle des tout-petits : une collaboration n\u00e9cessaire entre les collectivit\u00e9s publiques et le milieu associatif<\/strong><br>Un exemple de mise en \u0153uvre concr\u00e8te concerne la participation culturelle des jeunes enfants. Pour encourager la compr\u00e9hension et l\u2019action mutuelle entre le terrain de la culture, des arts et de la petite enfance, il est n\u00e9cessaire d\u2019accompagner les processus. Dans le perspective de mettre en avant le besoin de collaboration entre les collectivit\u00e9s publiques et le milieu associatif, <strong>Pro Enfance<\/strong> a invit\u00e9 l&rsquo;association <strong>Kal\u00e9idoscope<\/strong> et la <strong>Ville de Gen\u00e8ve<\/strong> \u00e0 partager leurs exp\u00e9riences. <strong>L\u2019article<\/strong> <a href=\"https:\/\/www.lapurla.ch\/wp-content\/uploads\/2024\/05\/ArticleParticipationCulturelle.pdf\" target=\"_blank\" rel=\"noreferrer noopener\">\u00abLa participation culturelle des tout-petits : une collaboration n\u00e9cessaire entre les collectivit\u00e9s publiques et le milieu associative\u00bb<\/a><strong>&nbsp;<\/strong>refl\u00e8te la rencontre en ligne qui s&rsquo;est d\u00e9roul\u00e9e le 24 avril 2024.<\/p>\n\n\n\n<p>Le prochain \u00e9v\u00e9nement du groupe r\u00e9gional de Suisse romande est une collaboration entre Pro Enfance et Lapurla, organis\u00e9e par Sabine Germann. Il aura lieu le vendredi 8 novembre 2024 \u00e0 Neuch\u00e2tel. Pour en savoir plus sur l&rsquo;\u00e9v\u00e9nement AMENER LE MONDE \u00c0 L\u2019ENFANT\u2013 AMENER L\u2019ENFANT AU MONDE, cliquez <a href=\"https:\/\/proenfance.ch\/formation-lapurla-amener-le-monde-a-lenfant-amener-lenfant-au-monde?fbclid=IwY2xjawF5veRleHRuA2FlbQIxMQABHWwNojlU7lLvuHZWRtgFOrLG9OwSRW9yTq_zyCKPiFa9oePMTtW6vVMBOg_aem_FUn0K0kEcz8gtOdzM_AZGg\" target=\"_blank\" rel=\"noreferrer noopener\">ici<\/a>.<\/p>\n\n\n\n<div id=\"infobox-block_82ec5743ca6b109a1d0cf8e05a74b6af\" class=\"mod-infobox\">\n\t        <div class=\"row\">\n            <div class=\"col-12\">\n                <div class=\"info-container\">\n                    <h2>Portrait<\/h2>\n                    <div class=\"row\">\n                        <div class=\"col-12 col-lg-6\">\n\t\t\t\t\t\t\t<h2>Coordination<\/h2>\n<p>Sandrine Bavaud<br \/>\nSecr\u00e9taire g\u00e9n\u00e9rale de l\u2019association\u00a0<a href=\"https:\/\/proenfance.ch\" target=\"_blank\" rel=\"noopener\">Pro Enfance<\/a><br \/>\n<a href=\"mailto:sandrine.bavaud@proenfance.ch\" target=\"_blank\" rel=\"noopener\">sandrine.bavaud@proenfance.ch<\/a><\/p>\n<h2>La constitution<\/h2>\n<ul>\n<li>Sandrine Bavaud, secr\u00e9taire g\u00e9n\u00e9rale de <a href=\"https:\/\/proenfance.ch\" target=\"_blank\" rel=\"noopener\">Pro Enfance<\/a><\/li>\n<li><span class=\"size\"><span class=\"font\">Catherine Breu, m\u00e9diatrice culturelle et \u00e9ducatrice, directrice de <a href=\"https:\/\/la-gare.ch\" target=\"_blank\" rel=\"noopener\">La Gare<\/a>, arts et jeunesse (VS)<br \/>\n<\/span><\/span><\/li>\n<li>Emilia Colombi, directrice de la <a href=\"https:\/\/maisondelacreativite.ch\" target=\"_blank\" rel=\"noopener\">maison de la cr\u00e9ativit\u00e9<\/a> (GE)<\/li>\n<li><span class=\"size\"><span class=\"font\">Sabine Germann, conseill\u00e8re p\u00e9dagogique Partenaire enfance et p\u00e9dagogie <a href=\"https:\/\/pep-vd.ch\" target=\"_blank\" rel=\"noopener\">PEP<\/a> (VD) <\/span><\/span><\/li>\n<li>Anne Kummer, ambassadrice Pro Enfance, cheffe de service honoraire <a href=\"https:\/\/meyrin.ch\/fr\/petite-enfance\" target=\"_blank\" rel=\"noopener\">petite enfance Ville de Meyrin<\/a> (GE)<\/li>\n<li><span class=\"size\"><span class=\"font\">Carolina Liebling, directrice adjointe <a href=\"https:\/\/lausannemusees.ch\/fr_CH\/musees\/musee-de-la-main\" target=\"_blank\" rel=\"noopener\">Mus\u00e9e de la main UNIL-CHUV<\/a> (VD)<\/span><\/span><\/li>\n<li>Rebecca Sieber, directrice <a href=\"https:\/\/www.educationfamiliale.ch\" target=\"_blank\" rel=\"noopener\">Education Familiale<\/a> (FR)<\/li>\n<li>Mathilde Tinturier, <a href=\"https:\/\/maisondelacreativite.ch\/artist\/mathilde-tinturier\/\" target=\"_blank\" rel=\"noopener\">artiste plasticienne<\/a><\/li>\n<\/ul>\n                        <\/div>\n                        <div class=\"col-12 col-lg-6\">\n\t\t\t\t\t\t\t<h2>Informations compl\u00e9mentaires<\/h2>\n<p><a href=\"https:\/\/proenfance.ch\" target=\"_blank\" rel=\"noopener\">Pro Enfance<\/a><\/p>\n<p><!-- wp:paragraph --><\/p>\n<p><!-- \/wp:paragraph --> <!-- wp:paragraph --><\/p>\n<p><a href=\"https:\/\/pep-vd.ch\/\" target=\"_blank\" rel=\"noopener\">PEP-Partenaire Enfance &amp; P\u00e9dagogie<\/a><\/p>\n<p><!-- \/wp:paragraph --> <!-- wp:paragraph --><\/p>\n<p><a href=\"https:\/\/www.educationfamiliale.ch\/\" target=\"_blank\" rel=\"noopener\">\u00c9ducation familiale &#8211; Familienbegleitung<\/a><\/p>\n<p><!-- \/wp:paragraph --> <!-- wp:paragraph --><\/p>\n<p><a href=\"https:\/\/www.la-gare.ch\/\" target=\"_blank\" rel=\"noopener\">La Gare, arts et jeunesse<\/a><\/p>\n<p><a href=\"https:\/\/www.museedelamain.ch\" target=\"_blank\" rel=\"noopener\">Mus\u00e9e de la main<\/a><\/p>\n<p><a href=\"https:\/\/maisondelacreativite.ch\" target=\"_blank\" rel=\"noopener\">Maison de la cr\u00e9ativit\u00e9<\/a><\/p>\n<p><!-- \/wp:paragraph --> <!-- wp:paragraph --><\/p>\n<p><a href=\"https:\/\/www.maudesauvage.ch\/\" target=\"_blank\" rel=\"noopener\">Maude Sauvage<\/a><\/p>\n<p><a href=\"https:\/\/association-kaleidoscope.ch\" target=\"_blank\" rel=\"noopener\">Kal\u00e9idoscope<\/a><\/p>\n<p><!-- \/wp:paragraph --><\/p>\n                        <\/div>\n                    <\/div>\n                <\/div>\n            <\/div>\n        <\/div>\n\t<\/div>\n","protected":false},"excerpt":{"rendered":"<p>La Suisse romande essaime des graines et les laisse porter par le ventApr\u00e8s avoir contribu\u00e9 \u00e0 la mise en \u0153uvre de projets pilotes dans les cantons de Gen\u00e8ve, Valais et Vaud, le Groupe Lapurla romand a souhait\u00e9 s\u2019impliquer en 2023-2024 dans des cantons encore peu concern\u00e9s par les principes Lapurla. Dans cette perspectives des premi\u00e8res [&hellip;]<\/p>\n","protected":false},"author":5,"featured_media":0,"parent":0,"menu_order":0,"comment_status":"closed","ping_status":"closed","template":"","meta":{"_acf_changed":false,"latitude":"","longitude":"","kurzbeschreibung":"","datum_von":"","footnotes":""},"class_list":["post-17178","page","type-page","status-publish","hentry"],"acf":[],"yoast_head":"<!-- This site is optimized with the Yoast SEO plugin v27.2 - https:\/\/yoast.com\/product\/yoast-seo-wordpress\/ -->\n<title>Groupe r\u00e9gional Suisse romande &#8211; Lapurla<\/title>\n<meta name=\"description\" content=\"Il r\u00e9fl\u00e9chira aux diverses formes et contenus de sensibilisations\/formation et organisera 2 \u00e0 4 cr\u00e9neaux de rencontres dans les cantons encore peu concern\u00e9s.\u00a0\u00a0\" \/>\n<meta name=\"robots\" content=\"index, follow, max-snippet:-1, max-image-preview:large, max-video-preview:-1\" \/>\n<link rel=\"canonical\" href=\"https:\/\/www.lapurla.ch\/fr\/groupe-regional-suisse-romande\" \/>\n<meta property=\"og:locale\" content=\"fr_FR\" \/>\n<meta property=\"og:type\" content=\"article\" \/>\n<meta property=\"og:title\" content=\"Groupe r\u00e9gional Suisse romande &#8211; Lapurla\" \/>\n<meta property=\"og:description\" content=\"Il r\u00e9fl\u00e9chira aux diverses formes et contenus de sensibilisations\/formation et organisera 2 \u00e0 4 cr\u00e9neaux de rencontres dans les cantons encore peu concern\u00e9s.\u00a0\u00a0\" \/>\n<meta property=\"og:url\" content=\"https:\/\/www.lapurla.ch\/fr\/groupe-regional-suisse-romande\" \/>\n<meta property=\"og:site_name\" content=\"Lapurla\" \/>\n<meta property=\"article:modified_time\" content=\"2025-01-28T08:05:15+00:00\" \/>\n<meta name=\"twitter:card\" content=\"summary_large_image\" \/>\n<meta name=\"twitter:label1\" content=\"Dur\u00e9e de lecture estim\u00e9e\" \/>\n\t<meta name=\"twitter:data1\" content=\"5 minutes\" \/>\n<script type=\"application\/ld+json\" class=\"yoast-schema-graph\">{\"@context\":\"https:\/\/schema.org\",\"@graph\":[{\"@type\":\"WebPage\",\"@id\":\"https:\/\/www.lapurla.ch\/fr\/groupe-regional-suisse-romande\",\"url\":\"https:\/\/www.lapurla.ch\/fr\/groupe-regional-suisse-romande\",\"name\":\"Groupe r\u00e9gional Suisse romande &#8211; Lapurla\",\"isPartOf\":{\"@id\":\"https:\/\/www.lapurla.ch\/#website\"},\"datePublished\":\"2023-05-11T07:16:35+00:00\",\"dateModified\":\"2025-01-28T08:05:15+00:00\",\"description\":\"Il r\u00e9fl\u00e9chira aux diverses formes et contenus de sensibilisations\/formation et organisera 2 \u00e0 4 cr\u00e9neaux de rencontres dans les cantons encore peu concern\u00e9s.\u00a0\u00a0\",\"breadcrumb\":{\"@id\":\"https:\/\/www.lapurla.ch\/fr\/groupe-regional-suisse-romande#breadcrumb\"},\"inLanguage\":\"fr-FR\",\"potentialAction\":[{\"@type\":\"ReadAction\",\"target\":[\"https:\/\/www.lapurla.ch\/fr\/groupe-regional-suisse-romande\"]}]},{\"@type\":\"BreadcrumbList\",\"@id\":\"https:\/\/www.lapurla.ch\/fr\/groupe-regional-suisse-romande#breadcrumb\",\"itemListElement\":[{\"@type\":\"ListItem\",\"position\":1,\"name\":\"Startseite\",\"item\":\"https:\/\/www.lapurla.ch\/fr\"},{\"@type\":\"ListItem\",\"position\":2,\"name\":\"Groupe r\u00e9gional Suisse romande\"}]},{\"@type\":\"WebSite\",\"@id\":\"https:\/\/www.lapurla.ch\/#website\",\"url\":\"https:\/\/www.lapurla.ch\/\",\"name\":\"Lapurla\",\"description\":\"\",\"publisher\":{\"@id\":\"https:\/\/www.lapurla.ch\/#organization\"},\"potentialAction\":[{\"@type\":\"SearchAction\",\"target\":{\"@type\":\"EntryPoint\",\"urlTemplate\":\"https:\/\/www.lapurla.ch\/?s={search_term_string}\"},\"query-input\":{\"@type\":\"PropertyValueSpecification\",\"valueRequired\":true,\"valueName\":\"search_term_string\"}}],\"inLanguage\":\"fr-FR\"},{\"@type\":\"Organization\",\"@id\":\"https:\/\/www.lapurla.ch\/#organization\",\"name\":\"Lapurla\",\"url\":\"https:\/\/www.lapurla.ch\/\",\"logo\":{\"@type\":\"ImageObject\",\"inLanguage\":\"fr-FR\",\"@id\":\"https:\/\/www.lapurla.ch\/#\/schema\/logo\/image\/\",\"url\":\"https:\/\/www.lapurla.ch\/wp-content\/uploads\/2022\/03\/cropped-favicon.png\",\"contentUrl\":\"https:\/\/www.lapurla.ch\/wp-content\/uploads\/2022\/03\/cropped-favicon.png\",\"width\":512,\"height\":512,\"caption\":\"Lapurla\"},\"image\":{\"@id\":\"https:\/\/www.lapurla.ch\/#\/schema\/logo\/image\/\"}}]}<\/script>\n<!-- \/ Yoast SEO plugin. -->","yoast_head_json":{"title":"Groupe r\u00e9gional Suisse romande &#8211; Lapurla","description":"Il r\u00e9fl\u00e9chira aux diverses formes et contenus de sensibilisations\/formation et organisera 2 \u00e0 4 cr\u00e9neaux de rencontres dans les cantons encore peu concern\u00e9s.\u00a0\u00a0","robots":{"index":"index","follow":"follow","max-snippet":"max-snippet:-1","max-image-preview":"max-image-preview:large","max-video-preview":"max-video-preview:-1"},"canonical":"https:\/\/www.lapurla.ch\/fr\/groupe-regional-suisse-romande","og_locale":"fr_FR","og_type":"article","og_title":"Groupe r\u00e9gional Suisse romande &#8211; Lapurla","og_description":"Il r\u00e9fl\u00e9chira aux diverses formes et contenus de sensibilisations\/formation et organisera 2 \u00e0 4 cr\u00e9neaux de rencontres dans les cantons encore peu concern\u00e9s.\u00a0\u00a0","og_url":"https:\/\/www.lapurla.ch\/fr\/groupe-regional-suisse-romande","og_site_name":"Lapurla","article_modified_time":"2025-01-28T08:05:15+00:00","twitter_card":"summary_large_image","twitter_misc":{"Dur\u00e9e de lecture estim\u00e9e":"5 minutes"},"schema":{"@context":"https:\/\/schema.org","@graph":[{"@type":"WebPage","@id":"https:\/\/www.lapurla.ch\/fr\/groupe-regional-suisse-romande","url":"https:\/\/www.lapurla.ch\/fr\/groupe-regional-suisse-romande","name":"Groupe r\u00e9gional Suisse romande &#8211; Lapurla","isPartOf":{"@id":"https:\/\/www.lapurla.ch\/#website"},"datePublished":"2023-05-11T07:16:35+00:00","dateModified":"2025-01-28T08:05:15+00:00","description":"Il r\u00e9fl\u00e9chira aux diverses formes et contenus de sensibilisations\/formation et organisera 2 \u00e0 4 cr\u00e9neaux de rencontres dans les cantons encore peu concern\u00e9s.\u00a0\u00a0","breadcrumb":{"@id":"https:\/\/www.lapurla.ch\/fr\/groupe-regional-suisse-romande#breadcrumb"},"inLanguage":"fr-FR","potentialAction":[{"@type":"ReadAction","target":["https:\/\/www.lapurla.ch\/fr\/groupe-regional-suisse-romande"]}]},{"@type":"BreadcrumbList","@id":"https:\/\/www.lapurla.ch\/fr\/groupe-regional-suisse-romande#breadcrumb","itemListElement":[{"@type":"ListItem","position":1,"name":"Startseite","item":"https:\/\/www.lapurla.ch\/fr"},{"@type":"ListItem","position":2,"name":"Groupe r\u00e9gional Suisse romande"}]},{"@type":"WebSite","@id":"https:\/\/www.lapurla.ch\/#website","url":"https:\/\/www.lapurla.ch\/","name":"Lapurla","description":"","publisher":{"@id":"https:\/\/www.lapurla.ch\/#organization"},"potentialAction":[{"@type":"SearchAction","target":{"@type":"EntryPoint","urlTemplate":"https:\/\/www.lapurla.ch\/?s={search_term_string}"},"query-input":{"@type":"PropertyValueSpecification","valueRequired":true,"valueName":"search_term_string"}}],"inLanguage":"fr-FR"},{"@type":"Organization","@id":"https:\/\/www.lapurla.ch\/#organization","name":"Lapurla","url":"https:\/\/www.lapurla.ch\/","logo":{"@type":"ImageObject","inLanguage":"fr-FR","@id":"https:\/\/www.lapurla.ch\/#\/schema\/logo\/image\/","url":"https:\/\/www.lapurla.ch\/wp-content\/uploads\/2022\/03\/cropped-favicon.png","contentUrl":"https:\/\/www.lapurla.ch\/wp-content\/uploads\/2022\/03\/cropped-favicon.png","width":512,"height":512,"caption":"Lapurla"},"image":{"@id":"https:\/\/www.lapurla.ch\/#\/schema\/logo\/image\/"}}]}},"_links":{"self":[{"href":"https:\/\/www.lapurla.ch\/fr\/wp-json\/wp\/v2\/pages\/17178","targetHints":{"allow":["GET"]}}],"collection":[{"href":"https:\/\/www.lapurla.ch\/fr\/wp-json\/wp\/v2\/pages"}],"about":[{"href":"https:\/\/www.lapurla.ch\/fr\/wp-json\/wp\/v2\/types\/page"}],"author":[{"embeddable":true,"href":"https:\/\/www.lapurla.ch\/fr\/wp-json\/wp\/v2\/users\/5"}],"replies":[{"embeddable":true,"href":"https:\/\/www.lapurla.ch\/fr\/wp-json\/wp\/v2\/comments?post=17178"}],"version-history":[{"count":22,"href":"https:\/\/www.lapurla.ch\/fr\/wp-json\/wp\/v2\/pages\/17178\/revisions"}],"predecessor-version":[{"id":27202,"href":"https:\/\/www.lapurla.ch\/fr\/wp-json\/wp\/v2\/pages\/17178\/revisions\/27202"}],"wp:attachment":[{"href":"https:\/\/www.lapurla.ch\/fr\/wp-json\/wp\/v2\/media?parent=17178"}],"curies":[{"name":"wp","href":"https:\/\/api.w.org\/{rel}","templated":true}]}}