{"id":13472,"date":"2022-12-07T15:59:02","date_gmt":"2022-12-07T14:59:02","guid":{"rendered":"https:\/\/www.lapurla.ch\/?page_id=13472"},"modified":"2022-12-07T16:07:44","modified_gmt":"2022-12-07T15:07:44","slug":"informations-juridiques","status":"publish","type":"page","link":"https:\/\/www.lapurla.ch\/fr\/informations-juridiques","title":{"rendered":"Informations juridiques"},"content":{"rendered":"\n<p>Les informations juridiques ainsi que les informations et les opinions publi\u00e9es sur le site internet de Lapurla peuvent \u00eatre modifi\u00e9es en tout temps et sans pr\u00e9avis.<\/p>\n\n\n\n<p>Pour les questions se rapportant \u00e0 la protection des donn\u00e9es, veuillez consulter la D\u00e9claration de protection des donn\u00e9es.<\/p>\n\n\n\n<h2 class=\"wp-block-heading\">Copyright<\/h2>\n\n\n\n<p>Tous les contenus du site Lapurla sont prot\u00e9g\u00e9s par les droits d\u2019auteur (tous droits r\u00e9serv\u00e9s). L\u2019utilisation ult\u00e9rieure de ces contenus n\u2019est autoris\u00e9e qu\u2019\u00e0 des fins d\u2019information. Toute diffusion ult\u00e9rieure (sous forme \u00e9lectronique, \u00e9crite ou autre) et toute autre utilisation des contenus publi\u00e9s sur le site internet de Lapurla ainsi que des logos \u2013 pour quelque fin que ce soit et notamment \u00e0 des fins publiques ou commerciales \u2013 sont interdites sans autorisation expresse de Lapurla ou du titulaire des droits correspondants.<\/p>\n\n\n\n<h2 class=\"wp-block-heading\">Indications sous r\u00e9serve de modification<\/h2>\n\n\n\n<p>Lapurla actualise avec le plus grand soin les informations de son site internet. Nous int\u00e9grons sur le site internet de Lapurla des contenus de tiers qui n\u2019ont pas \u00e9t\u00e9 contr\u00f4l\u00e9s. Dans le cas o\u00f9 certaines contributions violent les droits de tiers ou renferment des contenus ill\u00e9gaux, leur auteur est responsable de cette violation de la loi. Les informations et les opinions publi\u00e9es sur le site internet de Lapurla peuvent \u00eatre modifi\u00e9es en tout temps et sans pr\u00e9avis.<\/p>\n\n\n\n<h2 class=\"wp-block-heading\">Absence de garantie<\/h2>\n\n\n\n<p>Lapurla n\u2019est pas responsable et ne garantit pas que les fonctions du site internet de Lapurla ne soient pas interrompues ou ne pr\u00e9sentent aucune erreur, que les erreurs soient corrig\u00e9es ou que le site internet de Lapurla et le serveur correspondant soient exempts de virus ou d\u2019autres composants nuisibles.<\/p>\n\n\n\n<h2 class=\"wp-block-heading\">Exclusion de la responsabilit\u00e9<\/h2>\n\n\n\n<p>Lapurla ne peut en aucun cas \u00eatre tenue pour responsable (n\u00e9gligence incluse) pour les dommages ou les dommages cons\u00e9cutifs qui pourraient se produire en relation avec l\u2019acc\u00e8s \u00e0 des \u00e9l\u00e9ments du site internet de Lapurla ou \u00e0 leur utilisation (resp. \u00e0 l\u2019impossibilit\u00e9 d\u2019acc\u00e8s ou d\u2019utilisation).<\/p>\n\n\n\n<h2 class=\"wp-block-heading\">Liens vers d\u2019autres sites internet<\/h2>\n\n\n\n<p>L\u2019activation des liens hypertextes du site peut entrainer la sortie du site internet de Lapurla. Lapurla d\u00e9cline toute responsabilit\u00e9 pour les contenus, les produits, les prestations de services ou les offres propos\u00e9s par les sites accessibles au moyen de liens hypertextes. Seuls les exploitants des sites internet concern\u00e9s sont responsables des contenus li\u00e9s.<\/p>\n\n\n\n<h2 class=\"wp-block-heading\">Protection des donn\u00e9es personnelles<\/h2>\n\n\n\n<p>Lors de la saisie et du traitement des donn\u00e9es personnelles, Lapurla respecte la l\u00e9gislation applicable en mati\u00e8re de protection des donn\u00e9es.<\/p>\n","protected":false},"excerpt":{"rendered":"<p>Les informations juridiques ainsi que les informations et les opinions publi\u00e9es sur le site internet de Lapurla peuvent \u00eatre modifi\u00e9es en tout temps et sans pr\u00e9avis. Pour les questions se rapportant \u00e0 la protection des donn\u00e9es, veuillez consulter la D\u00e9claration de protection des donn\u00e9es. Copyright Tous les contenus du site Lapurla sont prot\u00e9g\u00e9s par les [&hellip;]<\/p>\n","protected":false},"author":5,"featured_media":0,"parent":0,"menu_order":0,"comment_status":"closed","ping_status":"closed","template":"","meta":{"_acf_changed":false,"latitude":"","longitude":"","kurzbeschreibung":"","datum_von":"","footnotes":""},"class_list":["post-13472","page","type-page","status-publish","hentry"],"acf":[],"yoast_head":"<!-- This site is optimized with the Yoast SEO plugin v27.6 - https:\/\/yoast.com\/product\/yoast-seo-wordpress\/ -->\n<title>Informations juridiques &#8211; Lapurla<\/title>\n<meta name=\"robots\" content=\"index, follow, max-snippet:-1, max-image-preview:large, max-video-preview:-1\" \/>\n<link rel=\"canonical\" href=\"https:\/\/www.lapurla.ch\/fr\/informations-juridiques\" \/>\n<meta property=\"og:locale\" content=\"fr_FR\" \/>\n<meta property=\"og:type\" content=\"article\" \/>\n<meta property=\"og:title\" content=\"Informations juridiques &#8211; Lapurla\" \/>\n<meta property=\"og:description\" content=\"Les informations juridiques ainsi que les informations et les opinions publi\u00e9es sur le site internet de Lapurla peuvent \u00eatre modifi\u00e9es en tout temps et sans pr\u00e9avis. Pour les questions se rapportant \u00e0 la protection des donn\u00e9es, veuillez consulter la D\u00e9claration de protection des donn\u00e9es. Copyright Tous les contenus du site Lapurla sont prot\u00e9g\u00e9s par les [&hellip;]\" \/>\n<meta property=\"og:url\" content=\"https:\/\/www.lapurla.ch\/fr\/informations-juridiques\" \/>\n<meta property=\"og:site_name\" content=\"Lapurla\" \/>\n<meta property=\"article:modified_time\" content=\"2022-12-07T15:07:44+00:00\" \/>\n<meta name=\"twitter:card\" content=\"summary_large_image\" \/>\n<meta name=\"twitter:label1\" content=\"Dur\u00e9e de lecture estim\u00e9e\" \/>\n\t<meta name=\"twitter:data1\" content=\"3 minutes\" \/>\n<script type=\"application\/ld+json\" class=\"yoast-schema-graph\">{\"@context\":\"https:\\\/\\\/schema.org\",\"@graph\":[{\"@type\":\"WebPage\",\"@id\":\"https:\\\/\\\/www.lapurla.ch\\\/fr\\\/informations-juridiques\",\"url\":\"https:\\\/\\\/www.lapurla.ch\\\/fr\\\/informations-juridiques\",\"name\":\"Informations juridiques &#8211; Lapurla\",\"isPartOf\":{\"@id\":\"https:\\\/\\\/www.lapurla.ch\\\/#website\"},\"datePublished\":\"2022-12-07T14:59:02+00:00\",\"dateModified\":\"2022-12-07T15:07:44+00:00\",\"breadcrumb\":{\"@id\":\"https:\\\/\\\/www.lapurla.ch\\\/fr\\\/informations-juridiques#breadcrumb\"},\"inLanguage\":\"fr-FR\",\"potentialAction\":[{\"@type\":\"ReadAction\",\"target\":[\"https:\\\/\\\/www.lapurla.ch\\\/fr\\\/informations-juridiques\"]}]},{\"@type\":\"BreadcrumbList\",\"@id\":\"https:\\\/\\\/www.lapurla.ch\\\/fr\\\/informations-juridiques#breadcrumb\",\"itemListElement\":[{\"@type\":\"ListItem\",\"position\":1,\"name\":\"Startseite\",\"item\":\"https:\\\/\\\/www.lapurla.ch\\\/fr\"},{\"@type\":\"ListItem\",\"position\":2,\"name\":\"Informations juridiques\"}]},{\"@type\":\"WebSite\",\"@id\":\"https:\\\/\\\/www.lapurla.ch\\\/#website\",\"url\":\"https:\\\/\\\/www.lapurla.ch\\\/\",\"name\":\"Lapurla\",\"description\":\"\",\"publisher\":{\"@id\":\"https:\\\/\\\/www.lapurla.ch\\\/#organization\"},\"potentialAction\":[{\"@type\":\"SearchAction\",\"target\":{\"@type\":\"EntryPoint\",\"urlTemplate\":\"https:\\\/\\\/www.lapurla.ch\\\/?s={search_term_string}\"},\"query-input\":{\"@type\":\"PropertyValueSpecification\",\"valueRequired\":true,\"valueName\":\"search_term_string\"}}],\"inLanguage\":\"fr-FR\"},{\"@type\":\"Organization\",\"@id\":\"https:\\\/\\\/www.lapurla.ch\\\/#organization\",\"name\":\"Lapurla\",\"url\":\"https:\\\/\\\/www.lapurla.ch\\\/\",\"logo\":{\"@type\":\"ImageObject\",\"inLanguage\":\"fr-FR\",\"@id\":\"https:\\\/\\\/www.lapurla.ch\\\/#\\\/schema\\\/logo\\\/image\\\/\",\"url\":\"https:\\\/\\\/www.lapurla.ch\\\/wp-content\\\/uploads\\\/2022\\\/03\\\/cropped-favicon.png\",\"contentUrl\":\"https:\\\/\\\/www.lapurla.ch\\\/wp-content\\\/uploads\\\/2022\\\/03\\\/cropped-favicon.png\",\"width\":512,\"height\":512,\"caption\":\"Lapurla\"},\"image\":{\"@id\":\"https:\\\/\\\/www.lapurla.ch\\\/#\\\/schema\\\/logo\\\/image\\\/\"}}]}<\/script>\n<!-- \/ Yoast SEO plugin. -->","yoast_head_json":{"title":"Informations juridiques &#8211; Lapurla","robots":{"index":"index","follow":"follow","max-snippet":"max-snippet:-1","max-image-preview":"max-image-preview:large","max-video-preview":"max-video-preview:-1"},"canonical":"https:\/\/www.lapurla.ch\/fr\/informations-juridiques","og_locale":"fr_FR","og_type":"article","og_title":"Informations juridiques &#8211; Lapurla","og_description":"Les informations juridiques ainsi que les informations et les opinions publi\u00e9es sur le site internet de Lapurla peuvent \u00eatre modifi\u00e9es en tout temps et sans pr\u00e9avis. Pour les questions se rapportant \u00e0 la protection des donn\u00e9es, veuillez consulter la D\u00e9claration de protection des donn\u00e9es. Copyright Tous les contenus du site Lapurla sont prot\u00e9g\u00e9s par les [&hellip;]","og_url":"https:\/\/www.lapurla.ch\/fr\/informations-juridiques","og_site_name":"Lapurla","article_modified_time":"2022-12-07T15:07:44+00:00","twitter_card":"summary_large_image","twitter_misc":{"Dur\u00e9e de lecture estim\u00e9e":"3 minutes"},"schema":{"@context":"https:\/\/schema.org","@graph":[{"@type":"WebPage","@id":"https:\/\/www.lapurla.ch\/fr\/informations-juridiques","url":"https:\/\/www.lapurla.ch\/fr\/informations-juridiques","name":"Informations juridiques &#8211; Lapurla","isPartOf":{"@id":"https:\/\/www.lapurla.ch\/#website"},"datePublished":"2022-12-07T14:59:02+00:00","dateModified":"2022-12-07T15:07:44+00:00","breadcrumb":{"@id":"https:\/\/www.lapurla.ch\/fr\/informations-juridiques#breadcrumb"},"inLanguage":"fr-FR","potentialAction":[{"@type":"ReadAction","target":["https:\/\/www.lapurla.ch\/fr\/informations-juridiques"]}]},{"@type":"BreadcrumbList","@id":"https:\/\/www.lapurla.ch\/fr\/informations-juridiques#breadcrumb","itemListElement":[{"@type":"ListItem","position":1,"name":"Startseite","item":"https:\/\/www.lapurla.ch\/fr"},{"@type":"ListItem","position":2,"name":"Informations juridiques"}]},{"@type":"WebSite","@id":"https:\/\/www.lapurla.ch\/#website","url":"https:\/\/www.lapurla.ch\/","name":"Lapurla","description":"","publisher":{"@id":"https:\/\/www.lapurla.ch\/#organization"},"potentialAction":[{"@type":"SearchAction","target":{"@type":"EntryPoint","urlTemplate":"https:\/\/www.lapurla.ch\/?s={search_term_string}"},"query-input":{"@type":"PropertyValueSpecification","valueRequired":true,"valueName":"search_term_string"}}],"inLanguage":"fr-FR"},{"@type":"Organization","@id":"https:\/\/www.lapurla.ch\/#organization","name":"Lapurla","url":"https:\/\/www.lapurla.ch\/","logo":{"@type":"ImageObject","inLanguage":"fr-FR","@id":"https:\/\/www.lapurla.ch\/#\/schema\/logo\/image\/","url":"https:\/\/www.lapurla.ch\/wp-content\/uploads\/2022\/03\/cropped-favicon.png","contentUrl":"https:\/\/www.lapurla.ch\/wp-content\/uploads\/2022\/03\/cropped-favicon.png","width":512,"height":512,"caption":"Lapurla"},"image":{"@id":"https:\/\/www.lapurla.ch\/#\/schema\/logo\/image\/"}}]}},"_links":{"self":[{"href":"https:\/\/www.lapurla.ch\/fr\/wp-json\/wp\/v2\/pages\/13472","targetHints":{"allow":["GET"]}}],"collection":[{"href":"https:\/\/www.lapurla.ch\/fr\/wp-json\/wp\/v2\/pages"}],"about":[{"href":"https:\/\/www.lapurla.ch\/fr\/wp-json\/wp\/v2\/types\/page"}],"author":[{"embeddable":true,"href":"https:\/\/www.lapurla.ch\/fr\/wp-json\/wp\/v2\/users\/5"}],"replies":[{"embeddable":true,"href":"https:\/\/www.lapurla.ch\/fr\/wp-json\/wp\/v2\/comments?post=13472"}],"version-history":[{"count":2,"href":"https:\/\/www.lapurla.ch\/fr\/wp-json\/wp\/v2\/pages\/13472\/revisions"}],"predecessor-version":[{"id":13480,"href":"https:\/\/www.lapurla.ch\/fr\/wp-json\/wp\/v2\/pages\/13472\/revisions\/13480"}],"wp:attachment":[{"href":"https:\/\/www.lapurla.ch\/fr\/wp-json\/wp\/v2\/media?parent=13472"}],"curies":[{"name":"wp","href":"https:\/\/api.w.org\/{rel}","templated":true}]}}